{"id":9461681,"date":"2024-05-29T19:46:12","date_gmt":"2024-05-29T19:46:12","guid":{"rendered":"https:\/\/tpohotelariaecasa.pt\/index.php\/product\/espremedor-de-laranja-32-l-h-125-cm-de-altura-de-vidro-eletrico-2\/"},"modified":"2025-04-03T09:09:52","modified_gmt":"2025-04-03T09:09:52","slug":"espremedor-de-laranja-32-l-h-125-cm-de-altura-de-vidro-eletrico-2","status":"publish","type":"product","link":"https:\/\/tpohotelariaecasa.pt\/index.php\/product\/espremedor-de-laranja-32-l-h-125-cm-de-altura-de-vidro-eletrico-2\/","title":{"rendered":"Espremedor de Laranja &#8211; 32 l\/h &#8211; 12,5 cm de Altura de Vidro &#8211; El\u00e9trico"},"content":{"rendered":"<p><strong>Caracter\u00edsticas<\/strong><\/p>\n<ul>\n<li>F\u00e1cil de limpar<\/li>\n<li>Protec\u00e7\u00e3o t\u00e9rmica<\/li>\n<li>Bot\u00f5es resistentes \u00e0 \u00e1gua<\/li>\n<li>As pe\u00e7as s\u00e3o lav\u00e1veis na m\u00e1quina de lavar lou\u00e7a<\/li>\n<li>Constru\u00e7\u00e3o simples e robusta<\/li>\n<li>Adequado para uso profissional<\/li>\n<li>Vem com tr\u00eas cabe\u00e7as de espremedor<\/li>\n<li>M\u00e1quina anti-corros\u00e3o e resistente a riscos<\/li>\n<\/ul>\n<p><strong>Especifica\u00e7\u00f5es do produto<\/strong><\/p>\n<ul>\n<li>Peso l\u00edquido: 5,5kg<\/li>\n<li>Capacidade: 32L\/h<\/li>\n<li>Velocidade: 1,800 RPM<\/li>\n<li>Dimens\u00f5es: L21 x D31,8 x H41,2cm<\/li>\n<li>230V \/ 50Hz \/ 1 Fase 180W<\/li>\n<\/ul>\n","protected":false},"excerpt":{"rendered":"<p>Este elegante espremedor el\u00e9ctrico \u00e9 perfeito para prensar laranjas, limas ou toranjas. Gra\u00e7as ao potente mas silencioso motor, pode espremer 32 litros de sumo por hora. \u00c9 adequado para garrafas ou copos at\u00e9 19 cm de altura. consulte Mais informa\u00e7\u00e3o<\/p>\n","protected":false},"featured_media":9461680,"comment_status":"open","ping_status":"closed","template":"","meta":[],"product_cat":[65],"product_tag":[],"class_list":["post-9461681","product","type-product","status-publish","has-post-thumbnail","hentry","product_cat-espremedor-de-sumo","product_shipping_class-pph"],"_links":{"self":[{"href":"https:\/\/tpohotelariaecasa.pt\/index.php\/wp-json\/wp\/v2\/product\/9461681"}],"collection":[{"href":"https:\/\/tpohotelariaecasa.pt\/index.php\/wp-json\/wp\/v2\/product"}],"about":[{"href":"https:\/\/tpohotelariaecasa.pt\/index.php\/wp-json\/wp\/v2\/types\/product"}],"replies":[{"embeddable":true,"href":"https:\/\/tpohotelariaecasa.pt\/index.php\/wp-json\/wp\/v2\/comments?post=9461681"}],"wp:featuredmedia":[{"embeddable":true,"href":"https:\/\/tpohotelariaecasa.pt\/index.php\/wp-json\/wp\/v2\/media\/9461680"}],"wp:attachment":[{"href":"https:\/\/tpohotelariaecasa.pt\/index.php\/wp-json\/wp\/v2\/media?parent=9461681"}],"wp:term":[{"taxonomy":"product_cat","embeddable":true,"href":"https:\/\/tpohotelariaecasa.pt\/index.php\/wp-json\/wp\/v2\/product_cat?post=9461681"},{"taxonomy":"product_tag","embeddable":true,"href":"https:\/\/tpohotelariaecasa.pt\/index.php\/wp-json\/wp\/v2\/product_tag?post=9461681"}],"curies":[{"name":"wp","href":"https:\/\/api.w.org\/{rel}","templated":true}]}}