{"id":9461687,"date":"2024-05-29T19:46:16","date_gmt":"2024-05-29T19:46:16","guid":{"rendered":"https:\/\/tpohotelariaecasa.pt\/index.php\/product\/moinho-de-cafe-2-kg-de-graos-visor-digital-e-doseador\/"},"modified":"2025-04-03T09:09:51","modified_gmt":"2025-04-03T09:09:51","slug":"moinho-de-cafe-2-kg-de-graos-visor-digital-e-doseador","status":"publish","type":"product","link":"https:\/\/tpohotelariaecasa.pt\/index.php\/product\/moinho-de-cafe-2-kg-de-graos-visor-digital-e-doseador\/","title":{"rendered":"Moinho de Caf\u00e9 &#8211; 2 kg de Gr\u00e3os &#8211; Visor Digital e Doseador"},"content":{"rendered":"<p><strong>Caracter\u00edsticas<\/strong><\/p>\n<ul>\n<li>Moagem e dosagem ajust\u00e1veis<\/li>\n<li>Ecr\u00e3 digital f\u00e1cil de utilizar<\/li>\n<li>M\u00e1quina muito silenciosa com &lt;45 dB<\/li>\n<li>F\u00e1cil de limpar<\/li>\n<li>Recipiente de pl\u00e1stico transparente para os gr\u00e3os<\/li>\n<\/ul>\n<p><strong>Especifica\u00e7\u00f5es do produto<\/strong><\/p>\n<ul>\n<li>Peso l\u00edquido: 9 kg<\/li>\n<li>Dimens\u00f5es: L21 x P38 x A60cm<\/li>\n<li>Produ\u00e7\u00e3o: 500g em 5 minutos<\/li>\n<li>Capacidade do contentor de gr\u00e3os: 2kg de gr\u00e3os de caf\u00e9<\/li>\n<li>Di\u00e2metro do moinho: \u00d8 6cm<\/li>\n<li>230V \/ 50Hz \/ 1 Fase 356W<\/li>\n<\/ul>\n","protected":false},"excerpt":{"rendered":"<p>Moer diariamente gr\u00e3os de caf\u00e9 frescos com este elegante moedor de caf\u00e9 digital. N\u00e3o s\u00f3 se obt\u00eam as mais deliciosas ch\u00e1venas de caf\u00e9, cappuccino e expresso, como tamb\u00e9m os gr\u00e3os s\u00e3o mo\u00eddos quase sem ru\u00eddo. O n\u00edvel de moagem do moedor de caf\u00e9 \u00e9 vari\u00e1vel e tamb\u00e9m se pode ajustar a dosagem dos gr\u00e3os mo\u00eddos. consulte Mais informa\u00e7\u00e3o<\/p>\n","protected":false},"featured_media":9461686,"comment_status":"open","ping_status":"closed","template":"","meta":[],"product_cat":[781],"product_tag":[],"class_list":["post-9461687","product","type-product","status-publish","has-post-thumbnail","hentry","product_cat-maquinas-de-cafe","product_shipping_class-pph"],"_links":{"self":[{"href":"https:\/\/tpohotelariaecasa.pt\/index.php\/wp-json\/wp\/v2\/product\/9461687"}],"collection":[{"href":"https:\/\/tpohotelariaecasa.pt\/index.php\/wp-json\/wp\/v2\/product"}],"about":[{"href":"https:\/\/tpohotelariaecasa.pt\/index.php\/wp-json\/wp\/v2\/types\/product"}],"replies":[{"embeddable":true,"href":"https:\/\/tpohotelariaecasa.pt\/index.php\/wp-json\/wp\/v2\/comments?post=9461687"}],"wp:featuredmedia":[{"embeddable":true,"href":"https:\/\/tpohotelariaecasa.pt\/index.php\/wp-json\/wp\/v2\/media\/9461686"}],"wp:attachment":[{"href":"https:\/\/tpohotelariaecasa.pt\/index.php\/wp-json\/wp\/v2\/media?parent=9461687"}],"wp:term":[{"taxonomy":"product_cat","embeddable":true,"href":"https:\/\/tpohotelariaecasa.pt\/index.php\/wp-json\/wp\/v2\/product_cat?post=9461687"},{"taxonomy":"product_tag","embeddable":true,"href":"https:\/\/tpohotelariaecasa.pt\/index.php\/wp-json\/wp\/v2\/product_tag?post=9461687"}],"curies":[{"name":"wp","href":"https:\/\/api.w.org\/{rel}","templated":true}]}}