{"id":9461699,"date":"2024-05-29T19:46:22","date_gmt":"2024-05-29T19:46:22","guid":{"rendered":"https:\/\/tpohotelariaecasa.pt\/index.php\/product\/mesa-em-aco-inoxidavel-140-x-70-cm-altura-ajustavel-com-painel-traseiro\/"},"modified":"2025-04-03T09:10:02","modified_gmt":"2025-04-03T09:10:02","slug":"mesa-em-aco-inoxidavel-140-x-70-cm-altura-ajustavel-com-painel-traseiro","status":"publish","type":"product","link":"https:\/\/tpohotelariaecasa.pt\/index.php\/product\/mesa-em-aco-inoxidavel-140-x-70-cm-altura-ajustavel-com-painel-traseiro\/","title":{"rendered":"Mesa em A\u00e7o Inoxid\u00e1vel &#8211; 140 x 70 cm &#8211; Altura Ajust\u00e1vel &#8211; com Painel Traseiro"},"content":{"rendered":"<ul>\n<li>Bela mesa de trabalho com bancada em a\u00e7o inox<\/li>\n<li>Folha de trabalho com bordas dobradas<\/li>\n<li>Os cantos s\u00e3o soldados e polidos<\/li>\n<li>Bons acabamentos, sem arestas vivas<\/li>\n<li>Ficha de trabalho refor\u00e7ada por duas pontes<\/li>\n<li>Capacidade de transporte de 150-200 kg<\/li>\n<li>P\u00e9s e prateleira inferior em a\u00e7o inoxid\u00e1vel<\/li>\n<li>Prateleira n\u00e3o ajust\u00e1vel em altura<\/li>\n<li>P\u00e9s ajust\u00e1veis em altura<\/li>\n<li>Fornecido numa embalagem plana<\/li>\n<li>Instala\u00e7\u00e3o muito f\u00e1cil (10 minutos)<\/li>\n<li>As ferramentas est\u00e3o inclu\u00eddas como padr\u00e3o<\/li>\n<li>P\u00e9s quadrados de 40 x 40 mm<\/li>\n<li>Altura m\u00e1xima de 850-900 mm<\/li>\n<li>Com 10cm de margem elevada na parte de tr\u00e1s (backsplash)<\/li>\n<li>Dimens\u00f5es da bancada 1400 x 700 mm<\/li>\n<\/ul>\n","protected":false},"excerpt":{"rendered":"<p>Uma mesa robusta com um balc\u00e3o forte em a\u00e7o inoxid\u00e1vel \u00e9 necess\u00e1ria nas cozinhas profissionais. Esta mesa de trabalho de alta qualidade tem um retrocesso para evitar derramamentos e \u00e9 f\u00e1cil de montar e limpar. Pode transportar 150-200kg e as pernas s\u00e3o ajust\u00e1veis em altura. consulte Mais informa\u00e7\u00e3o<\/p>\n","protected":false},"featured_media":9461698,"comment_status":"open","ping_status":"closed","template":"","meta":[],"product_cat":[755],"product_tag":[],"class_list":["post-9461699","product","type-product","status-publish","has-post-thumbnail","hentry","product_cat-estantes-armarios-prateleiras","product_shipping_class-gph"],"_links":{"self":[{"href":"https:\/\/tpohotelariaecasa.pt\/index.php\/wp-json\/wp\/v2\/product\/9461699"}],"collection":[{"href":"https:\/\/tpohotelariaecasa.pt\/index.php\/wp-json\/wp\/v2\/product"}],"about":[{"href":"https:\/\/tpohotelariaecasa.pt\/index.php\/wp-json\/wp\/v2\/types\/product"}],"replies":[{"embeddable":true,"href":"https:\/\/tpohotelariaecasa.pt\/index.php\/wp-json\/wp\/v2\/comments?post=9461699"}],"wp:featuredmedia":[{"embeddable":true,"href":"https:\/\/tpohotelariaecasa.pt\/index.php\/wp-json\/wp\/v2\/media\/9461698"}],"wp:attachment":[{"href":"https:\/\/tpohotelariaecasa.pt\/index.php\/wp-json\/wp\/v2\/media?parent=9461699"}],"wp:term":[{"taxonomy":"product_cat","embeddable":true,"href":"https:\/\/tpohotelariaecasa.pt\/index.php\/wp-json\/wp\/v2\/product_cat?post=9461699"},{"taxonomy":"product_tag","embeddable":true,"href":"https:\/\/tpohotelariaecasa.pt\/index.php\/wp-json\/wp\/v2\/product_tag?post=9461699"}],"curies":[{"name":"wp","href":"https:\/\/api.w.org\/{rel}","templated":true}]}}