{"id":9461703,"date":"2024-05-29T19:46:25","date_gmt":"2024-05-29T19:46:25","guid":{"rendered":"https:\/\/tpohotelariaecasa.pt\/index.php\/product\/fogao-de-qualidade-comercial-2-queimadores-unidade-simples-60-cm-de-profundidade-gas\/"},"modified":"2025-04-03T09:09:41","modified_gmt":"2025-04-03T09:09:41","slug":"fogao-de-qualidade-comercial-2-queimadores-unidade-simples-60-cm-de-profundidade-gas","status":"publish","type":"product","link":"https:\/\/tpohotelariaecasa.pt\/index.php\/product\/fogao-de-qualidade-comercial-2-queimadores-unidade-simples-60-cm-de-profundidade-gas\/","title":{"rendered":"Fog\u00e3o de Qualidade Comercial &#8211; 2 Queimadores &#8211; Unidade Simples &#8211; 60 cm de Profundidade &#8211; G\u00e1s"},"content":{"rendered":"<ul>\n<li>Panela potente para uso profissional<\/li>\n<li>Suportes de suporte em a\u00e7o inoxid\u00e1vel<\/li>\n<li>Queimadores cromados<\/li>\n<li>Concebido para a m\u00e1xima pot\u00eancia, combust\u00e3o e efici\u00eancia<\/li>\n<li>F\u00e1cil de limpar e manter<\/li>\n<li>Dispositivos de seguran\u00e7a contra falha de chama em todos os queimadores abertos<\/li>\n<li>Constru\u00e7\u00e3o muito dur\u00e1vel<\/li>\n<li>Tamanho compacto para f\u00e1cil coloca\u00e7\u00e3o<\/li>\n<li>Peso l\u00edquido: 20 kg<\/li>\n<li>Dimens\u00f5es: L400 x D600 x H240 mm<\/li>\n<li>Pot\u00eancia: 5 kW + 3,5 kW<\/li>\n<\/ul>\n<p>&nbsp;<\/p>\n<ul>\n<li>Injectores de g\u00e1s pr\u00e9-instalados: G25 &#8211; G\u00e1s Natural<\/li>\n<li>Injectores de g\u00e1s adicionais: G30 &#8211; GPL (Propano \/ Butano)<\/li>\n<\/ul>\n","protected":false},"excerpt":{"rendered":"<p>Este robusto fog\u00e3o de dois queimadores \u00e9 adequado para ser montado numa linha de cozedura. As partes deste fog\u00e3o a g\u00e1s s\u00e3o feitas de a\u00e7o inoxid\u00e1vel e cromado, o que o torna dur\u00e1vel e adequado para uso intensivo na cozinha profissional. consulte Mais informa\u00e7\u00e3o<\/p>\n","protected":false},"featured_media":9461702,"comment_status":"open","ping_status":"closed","template":"","meta":[],"product_cat":[140,84],"product_tag":[],"class_list":["post-9461703","product","type-product","status-publish","has-post-thumbnail","hentry","product_cat-cozedura-aquecimento","product_cat-fogoesepanelas","product_shipping_class-pph"],"_links":{"self":[{"href":"https:\/\/tpohotelariaecasa.pt\/index.php\/wp-json\/wp\/v2\/product\/9461703"}],"collection":[{"href":"https:\/\/tpohotelariaecasa.pt\/index.php\/wp-json\/wp\/v2\/product"}],"about":[{"href":"https:\/\/tpohotelariaecasa.pt\/index.php\/wp-json\/wp\/v2\/types\/product"}],"replies":[{"embeddable":true,"href":"https:\/\/tpohotelariaecasa.pt\/index.php\/wp-json\/wp\/v2\/comments?post=9461703"}],"wp:featuredmedia":[{"embeddable":true,"href":"https:\/\/tpohotelariaecasa.pt\/index.php\/wp-json\/wp\/v2\/media\/9461702"}],"wp:attachment":[{"href":"https:\/\/tpohotelariaecasa.pt\/index.php\/wp-json\/wp\/v2\/media?parent=9461703"}],"wp:term":[{"taxonomy":"product_cat","embeddable":true,"href":"https:\/\/tpohotelariaecasa.pt\/index.php\/wp-json\/wp\/v2\/product_cat?post=9461703"},{"taxonomy":"product_tag","embeddable":true,"href":"https:\/\/tpohotelariaecasa.pt\/index.php\/wp-json\/wp\/v2\/product_tag?post=9461703"}],"curies":[{"name":"wp","href":"https:\/\/api.w.org\/{rel}","templated":true}]}}