{"id":9461705,"date":"2024-05-29T19:46:26","date_gmt":"2024-05-29T19:46:26","guid":{"rendered":"https:\/\/tpohotelariaecasa.pt\/index.php\/product\/fogao-de-qualidade-comercial-2-queimadores-unidade-dupla-60-cm-de-profundidade-gas\/"},"modified":"2025-04-03T09:10:02","modified_gmt":"2025-04-03T09:10:02","slug":"fogao-de-qualidade-comercial-2-queimadores-unidade-dupla-60-cm-de-profundidade-gas","status":"publish","type":"product","link":"https:\/\/tpohotelariaecasa.pt\/index.php\/product\/fogao-de-qualidade-comercial-2-queimadores-unidade-dupla-60-cm-de-profundidade-gas\/","title":{"rendered":"Fog\u00e3o de Qualidade Comercial &#8211; 2 Queimadores &#8211; Unidade Dupla &#8211; 60 cm de Profundidade &#8211; G\u00e1s"},"content":{"rendered":"<p><strong>Caracter\u00edsticas<\/strong><\/p>\n<ul>\n<li>Suportes de transporte em a\u00e7o inoxid\u00e1vel<\/li>\n<li>Queimadores cromados<\/li>\n<li>F\u00e1cil de limpar e manter<\/li>\n<li>Dispositivos de seguran\u00e7a contra a falha da chama em todos os queimadores abertos<\/li>\n<li>Constru\u00e7\u00e3o muito duradoura<\/li>\n<li>Tamanho compacto para f\u00e1cil coloca\u00e7\u00e3o<\/li>\n<\/ul>\n<p><strong>Especifica\u00e7\u00f5es do produto<\/strong><\/p>\n<ul>\n<li>Peso l\u00edquido: 22 kg<\/li>\n<li>Dimens\u00f5es: B60 x D60 x H24cm<\/li>\n<li>Pot\u00eancia: 2x 5 kW + 2x 3,5 kW<\/li>\n<li>Injectores de g\u00e1s instalados: G25<\/li>\n<li>G\u00e1s natural<\/li>\n<li>Conjunto extra de injectores de g\u00e1s: G30<\/li>\n<li>GPL (propano\/butano)<\/li>\n<\/ul>\n","protected":false},"excerpt":{"rendered":"<p>Este robusto fog\u00e3o a g\u00e1s de quatro bicos \u00e9 adequado para ser montado numa linha de cozedura. As pe\u00e7as deste fog\u00e3o a g\u00e1s s\u00e3o feitas de a\u00e7o inoxid\u00e1vel e cromado, o que o torna realmente dur\u00e1vel e adequado para uma utiliza\u00e7\u00e3o intensiva numa cozinha profissional. consulte Mais informa\u00e7\u00e3o<\/p>\n","protected":false},"featured_media":9461704,"comment_status":"open","ping_status":"closed","template":"","meta":[],"product_cat":[140,84],"product_tag":[],"class_list":["post-9461705","product","type-product","status-publish","has-post-thumbnail","hentry","product_cat-cozedura-aquecimento","product_cat-fogoesepanelas","product_shipping_class-gph"],"_links":{"self":[{"href":"https:\/\/tpohotelariaecasa.pt\/index.php\/wp-json\/wp\/v2\/product\/9461705"}],"collection":[{"href":"https:\/\/tpohotelariaecasa.pt\/index.php\/wp-json\/wp\/v2\/product"}],"about":[{"href":"https:\/\/tpohotelariaecasa.pt\/index.php\/wp-json\/wp\/v2\/types\/product"}],"replies":[{"embeddable":true,"href":"https:\/\/tpohotelariaecasa.pt\/index.php\/wp-json\/wp\/v2\/comments?post=9461705"}],"wp:featuredmedia":[{"embeddable":true,"href":"https:\/\/tpohotelariaecasa.pt\/index.php\/wp-json\/wp\/v2\/media\/9461704"}],"wp:attachment":[{"href":"https:\/\/tpohotelariaecasa.pt\/index.php\/wp-json\/wp\/v2\/media?parent=9461705"}],"wp:term":[{"taxonomy":"product_cat","embeddable":true,"href":"https:\/\/tpohotelariaecasa.pt\/index.php\/wp-json\/wp\/v2\/product_cat?post=9461705"},{"taxonomy":"product_tag","embeddable":true,"href":"https:\/\/tpohotelariaecasa.pt\/index.php\/wp-json\/wp\/v2\/product_tag?post=9461705"}],"curies":[{"name":"wp","href":"https:\/\/api.w.org\/{rel}","templated":true}]}}