{"id":9461709,"date":"2024-05-29T19:46:28","date_gmt":"2024-05-29T19:46:28","guid":{"rendered":"https:\/\/tpohotelariaecasa.pt\/index.php\/product\/fogao-de-grau-comercial-4-queimadores-com-forno-eletrico-60-x-60-cm\/"},"modified":"2025-04-03T09:10:02","modified_gmt":"2025-04-03T09:10:02","slug":"fogao-de-grau-comercial-4-queimadores-com-forno-eletrico-60-x-60-cm","status":"publish","type":"product","link":"https:\/\/tpohotelariaecasa.pt\/index.php\/product\/fogao-de-grau-comercial-4-queimadores-com-forno-eletrico-60-x-60-cm\/","title":{"rendered":"Fog\u00e3o de Grau Comercial &#8211; 4 Queimadores &#8211; Com Forno &#8211; El\u00e9trico &#8211; 60 x 60 cm"},"content":{"rendered":"<ul>\n<li>For\u00e7a extra por causa do monobloco de desenho profundo<\/li>\n<li>Chapas quentes de ferro fundido<\/li>\n<li>Protec\u00e7\u00e3o contra sobreaquecimento por interruptor de seguran\u00e7a<\/li>\n<li>Constru\u00e7\u00e3o muito dur\u00e1vel<\/li>\n<li>Controlo da temperatura entre 90 &#8211; 450 graus Celsius em 6 n\u00edveis<\/li>\n<li>Tamanho compacto para f\u00e1cil coloca\u00e7\u00e3o<\/li>\n<\/ul>\n<p>&nbsp;<\/p>\n<ul>\n<li>Adequado como um forno de baixo custo para a linha Commercial Grade<\/li>\n<li>porta de a\u00e7o inoxid\u00e1vel de 40mm de espessura para isolamento<\/li>\n<li>Sala completa em a\u00e7o inoxid\u00e1vel com 3 condutores para bandejas<\/li>\n<li>Dimens\u00f5es interiores do forno: W535 x D355 x H295 mm<\/li>\n<li>Standard incluindo grelha de 1x 530 x 340 mm<\/li>\n<li>Este forno pode ser utilizado para silos GN 1\/1<\/li>\n<li>Controlo da temperatura termost\u00e1tica entre 50-300 \u00b0C<\/li>\n<li>Elementos de aquecimento localizados em cima e atr\u00e1s com controlo individual<\/li>\n<li>O elemento de aquecimento localizado na parte de tr\u00e1s cont\u00e9m um &#8216;Turbo Fan&#8217;<\/li>\n<\/ul>\n<p>&nbsp;<\/p>\n<ul>\n<li>Peso l\u00edquido: 49 kg<\/li>\n<li>Dimens\u00f5es: L600 x D600 x H870 mm<\/li>\n<li>Pot\u00eancia: 2x 2 kW + 2x 1,5 kW + 3 kW Forno<\/li>\n<li>400V \/ 50Hz \/ 3Fases 10000 Watt<\/li>\n<\/ul>\n","protected":false},"excerpt":{"rendered":"<p>Este fog\u00e3o profissional de quatro queimadores n\u00e3o s\u00f3 prepara os pratos mais saborosos da panela, como tamb\u00e9m tem um forno. No forno pode utilizar tabuleiros GN 1\/1. Se quiser colocar o fog\u00e3o numa linha de cozedura, isto n\u00e3o \u00e9 problema. consulte Mais informa\u00e7\u00e3o<\/p>\n","protected":false},"featured_media":9461708,"comment_status":"open","ping_status":"closed","template":"","meta":[],"product_cat":[21,84],"product_tag":[],"class_list":["post-9461709","product","type-product","status-publish","has-post-thumbnail","hentry","product_cat-restauracao","product_cat-fogoesepanelas","product_shipping_class-gph"],"_links":{"self":[{"href":"https:\/\/tpohotelariaecasa.pt\/index.php\/wp-json\/wp\/v2\/product\/9461709"}],"collection":[{"href":"https:\/\/tpohotelariaecasa.pt\/index.php\/wp-json\/wp\/v2\/product"}],"about":[{"href":"https:\/\/tpohotelariaecasa.pt\/index.php\/wp-json\/wp\/v2\/types\/product"}],"replies":[{"embeddable":true,"href":"https:\/\/tpohotelariaecasa.pt\/index.php\/wp-json\/wp\/v2\/comments?post=9461709"}],"wp:featuredmedia":[{"embeddable":true,"href":"https:\/\/tpohotelariaecasa.pt\/index.php\/wp-json\/wp\/v2\/media\/9461708"}],"wp:attachment":[{"href":"https:\/\/tpohotelariaecasa.pt\/index.php\/wp-json\/wp\/v2\/media?parent=9461709"}],"wp:term":[{"taxonomy":"product_cat","embeddable":true,"href":"https:\/\/tpohotelariaecasa.pt\/index.php\/wp-json\/wp\/v2\/product_cat?post=9461709"},{"taxonomy":"product_tag","embeddable":true,"href":"https:\/\/tpohotelariaecasa.pt\/index.php\/wp-json\/wp\/v2\/product_tag?post=9461709"}],"curies":[{"name":"wp","href":"https:\/\/api.w.org\/{rel}","templated":true}]}}