{"id":9461711,"date":"2024-05-29T19:46:29","date_gmt":"2024-05-29T19:46:29","guid":{"rendered":"https:\/\/tpohotelariaecasa.pt\/index.php\/product\/fogao-de-qualidade-comercial-2-queimadores-unidade-simples-60-cm-de-profundidade-eletrico\/"},"modified":"2025-04-03T09:09:46","modified_gmt":"2025-04-03T09:09:46","slug":"fogao-de-qualidade-comercial-2-queimadores-unidade-simples-60-cm-de-profundidade-eletrico","status":"publish","type":"product","link":"https:\/\/tpohotelariaecasa.pt\/index.php\/product\/fogao-de-qualidade-comercial-2-queimadores-unidade-simples-60-cm-de-profundidade-eletrico\/","title":{"rendered":"Fog\u00e3o de Qualidade Comercial &#8211; 2 Queimadores &#8211; Unidade Simples &#8211; 60 cm de Profundidade &#8211; El\u00e9trico"},"content":{"rendered":"<ul>\n<li>Potente fog\u00e3o para uso profissional<\/li>\n<li>F\u00e1cil de limpar<\/li>\n<li>For\u00e7a extra por causa do monobloco de desenho profundo<\/li>\n<li>Chapas quentes de ferro fundido<\/li>\n<li>Protec\u00e7\u00e3o contra sobreaquecimento por interruptor de seguran\u00e7a<\/li>\n<li>Constru\u00e7\u00e3o muito dur\u00e1vel<\/li>\n<li>Controlo da temperatura entre 90 &#8211; 450 graus Celsius em 6 n\u00edveis<\/li>\n<li>Tamanho compacto para f\u00e1cil coloca\u00e7\u00e3o<\/li>\n<li>Peso l\u00edquido: 13 kg<\/li>\n<li>Dimens\u00f5es: L400 x D600 x H240 mm<\/li>\n<li>Pot\u00eancia: 2 kW + 1,5 kW<\/li>\n<li>230V \/ 50Hz \/ 1Fase 3500 Watt<\/li>\n<\/ul>\n","protected":false},"excerpt":{"rendered":"<p>Esta placa de cozinha el\u00e9ctrica \u00e9 adequada para uso intensivo e di\u00e1rio na cozinha profissional. O fog\u00e3o tem dois queimadores e pode ser colocado numa linha de cozedura. Gra\u00e7as \u00e0 constru\u00e7\u00e3o em a\u00e7o inoxid\u00e1vel, a placa de cozedura \u00e9 f\u00e1cil de limpar. consulte Mais informa\u00e7\u00e3o<\/p>\n","protected":false},"featured_media":9461710,"comment_status":"open","ping_status":"closed","template":"","meta":[],"product_cat":[140,84],"product_tag":[],"class_list":["post-9461711","product","type-product","status-publish","has-post-thumbnail","hentry","product_cat-cozedura-aquecimento","product_cat-fogoesepanelas","product_shipping_class-pph"],"_links":{"self":[{"href":"https:\/\/tpohotelariaecasa.pt\/index.php\/wp-json\/wp\/v2\/product\/9461711"}],"collection":[{"href":"https:\/\/tpohotelariaecasa.pt\/index.php\/wp-json\/wp\/v2\/product"}],"about":[{"href":"https:\/\/tpohotelariaecasa.pt\/index.php\/wp-json\/wp\/v2\/types\/product"}],"replies":[{"embeddable":true,"href":"https:\/\/tpohotelariaecasa.pt\/index.php\/wp-json\/wp\/v2\/comments?post=9461711"}],"wp:featuredmedia":[{"embeddable":true,"href":"https:\/\/tpohotelariaecasa.pt\/index.php\/wp-json\/wp\/v2\/media\/9461710"}],"wp:attachment":[{"href":"https:\/\/tpohotelariaecasa.pt\/index.php\/wp-json\/wp\/v2\/media?parent=9461711"}],"wp:term":[{"taxonomy":"product_cat","embeddable":true,"href":"https:\/\/tpohotelariaecasa.pt\/index.php\/wp-json\/wp\/v2\/product_cat?post=9461711"},{"taxonomy":"product_tag","embeddable":true,"href":"https:\/\/tpohotelariaecasa.pt\/index.php\/wp-json\/wp\/v2\/product_tag?post=9461711"}],"curies":[{"name":"wp","href":"https:\/\/api.w.org\/{rel}","templated":true}]}}