{"id":9461713,"date":"2024-05-29T19:46:30","date_gmt":"2024-05-29T19:46:30","guid":{"rendered":"https:\/\/tpohotelariaecasa.pt\/index.php\/product\/grelhador-a-carvao-qualidade-comercial-unidade-dupla-60-cm-de-profundidade-gas\/"},"modified":"2025-04-03T09:10:00","modified_gmt":"2025-04-03T09:10:00","slug":"grelhador-a-carvao-qualidade-comercial-unidade-dupla-60-cm-de-profundidade-gas","status":"publish","type":"product","link":"https:\/\/tpohotelariaecasa.pt\/index.php\/product\/grelhador-a-carvao-qualidade-comercial-unidade-dupla-60-cm-de-profundidade-gas\/","title":{"rendered":"Grelhador a Carv\u00e3o Qualidade Comercial &#8211; Unidade Dupla &#8211; 60 cm de Profundidade &#8211; G\u00e1s"},"content":{"rendered":"<ul>\n<li>Grelhador profissional para uso di\u00e1rio<\/li>\n<li>Poderoso elemento de aquecimento<\/li>\n<li>Resistente protec\u00e7\u00e3o contra salpicos de a\u00e7o inoxid\u00e1vel de uma s\u00f3 pe\u00e7a<\/li>\n<li>Grelhas de ferro fundido amov\u00edveis para facilitar a limpeza<\/li>\n<li>Grande gaveta de recolha de gordura na parte da frente<\/li>\n<li>As pe\u00e7as do grelhador s\u00e3o f\u00e1ceis de remover para limpeza<\/li>\n<li>Grelhas revers\u00edveis de ferro fundido para auto-limpeza<\/li>\n<li>Radiadores de carv\u00e3o de ferro fundido de alta resist\u00eancia e grelhas de cozedura de p\u00e1ra-chamas em cada queimador<\/li>\n<li>Tamanho compacto para f\u00e1cil coloca\u00e7\u00e3o<\/li>\n<li>Peso l\u00edquido: 51 kg<\/li>\n<li>Dimens\u00f5es: L600 x D600 x H340 mm<\/li>\n<li>Pot\u00eancia total: 9.0 kW<\/li>\n<\/ul>\n<p>&nbsp;<\/p>\n<ul>\n<li>Injectores de g\u00e1s pr\u00e9-instalados: G25 &#8211; G\u00e1s Natural<\/li>\n<li>Injectores de g\u00e1s adicionais: G30 &#8211; GPL (Propano \/ Butano)<\/li>\n<\/ul>\n","protected":false},"excerpt":{"rendered":"<p>Preparar carne e legumes como se fossem grelhados em carv\u00e3o vegetal com este carregador profissional de g\u00e1s de restaura\u00e7\u00e3o. Este grelhador \u00e9 f\u00e1cil de operar e ideal para o uso di\u00e1rio. Este robusto grelhador pode ser incorporado numa linha de cozedura. consulte Mais informa\u00e7\u00e3o<\/p>\n","protected":false},"featured_media":9461712,"comment_status":"open","ping_status":"closed","template":"","meta":[],"product_cat":[792,794,97,140,788,21],"product_tag":[],"class_list":["post-9461713","product","type-product","status-publish","has-post-thumbnail","hentry","product_cat-mais-vendidos","product_cat-placas-de-grelhar","product_cat-placas-para-grelhar","product_cat-cozedura-aquecimento","product_cat-equipcafebar","product_cat-restauracao","product_shipping_class-gph"],"_links":{"self":[{"href":"https:\/\/tpohotelariaecasa.pt\/index.php\/wp-json\/wp\/v2\/product\/9461713"}],"collection":[{"href":"https:\/\/tpohotelariaecasa.pt\/index.php\/wp-json\/wp\/v2\/product"}],"about":[{"href":"https:\/\/tpohotelariaecasa.pt\/index.php\/wp-json\/wp\/v2\/types\/product"}],"replies":[{"embeddable":true,"href":"https:\/\/tpohotelariaecasa.pt\/index.php\/wp-json\/wp\/v2\/comments?post=9461713"}],"wp:featuredmedia":[{"embeddable":true,"href":"https:\/\/tpohotelariaecasa.pt\/index.php\/wp-json\/wp\/v2\/media\/9461712"}],"wp:attachment":[{"href":"https:\/\/tpohotelariaecasa.pt\/index.php\/wp-json\/wp\/v2\/media?parent=9461713"}],"wp:term":[{"taxonomy":"product_cat","embeddable":true,"href":"https:\/\/tpohotelariaecasa.pt\/index.php\/wp-json\/wp\/v2\/product_cat?post=9461713"},{"taxonomy":"product_tag","embeddable":true,"href":"https:\/\/tpohotelariaecasa.pt\/index.php\/wp-json\/wp\/v2\/product_tag?post=9461713"}],"curies":[{"name":"wp","href":"https:\/\/api.w.org\/{rel}","templated":true}]}}