{"id":9461715,"date":"2024-05-29T19:46:31","date_gmt":"2024-05-29T19:46:31","guid":{"rendered":"https:\/\/tpohotelariaecasa.pt\/index.php\/product\/placa-de-grelhar-de-qualidade-comercial-liso-unidade-simples-60-cm-de-profundidade-gas\/"},"modified":"2025-04-03T09:10:00","modified_gmt":"2025-04-03T09:10:00","slug":"placa-de-grelhar-de-qualidade-comercial-liso-unidade-simples-60-cm-de-profundidade-gas","status":"publish","type":"product","link":"https:\/\/tpohotelariaecasa.pt\/index.php\/product\/placa-de-grelhar-de-qualidade-comercial-liso-unidade-simples-60-cm-de-profundidade-gas\/","title":{"rendered":"Placa de Grelhar de Qualidade Comercial &#8211; Liso &#8211; Unidade Simples &#8211; 60 cm de Profundidade &#8211; G\u00e1s"},"content":{"rendered":"<ul>\n<li>Concebido para uma distribui\u00e7\u00e3o uniforme do calor<\/li>\n<li>Grande orif\u00edcio de drenagem para facilidade de opera\u00e7\u00e3o e limpeza<\/li>\n<li>Grande gaveta de recolha de gordura com uma capacidade de 1 litro<\/li>\n<li>Protec\u00e7\u00f5es altas de a\u00e7o inoxid\u00e1vel na parte de tr\u00e1s e laterais para conforto operacional<\/li>\n<li>Controlo de temperatura entre 50 &#8211; 300 graus celcius<\/li>\n<li>Zonas de cozedura controladas de forma independente para uma utiliza\u00e7\u00e3o eficiente.<\/li>\n<li>Aquecimento r\u00e1pido com queimadores de a\u00e7o inoxid\u00e1vel<\/li>\n<li>Igni\u00e7\u00e3o Piezzo Spark<\/li>\n<li>Dispositivos de seguran\u00e7a contra falha de chama<\/li>\n<li>F\u00e1cil de limpar<\/li>\n<li>Peso L\u00edquido: 20 kg<\/li>\n<li>Dimens\u00f5es: L400 x D600 x H240 mm<\/li>\n<li>Pot\u00eancia: 3.0 kW<\/li>\n<\/ul>\n<p>&nbsp;<\/p>\n<ul>\n<li>Injectores de g\u00e1s pr\u00e9-instalados: G25 &#8211; G\u00e1s natural<\/li>\n<li>Injectores de g\u00e1s adicionais: G30 &#8211; GPL (Propano \/ Butano)<\/li>\n<\/ul>\n","protected":false},"excerpt":{"rendered":"<p>Esta chapa de g\u00e1s tem uma chapa lisa e \u00e9 adequada para a prepara\u00e7\u00e3o de pratos de carne e peixe. Um bem ideal para cozinhas profissionais em restaurantes, caf\u00e9s, cantinas e outros estabelecimentos de restaura\u00e7\u00e3o. A grelha \u00e9 feita com pe\u00e7as de alta qualidade e pode ser colocada numa linha de cozedura. consulte Mais informa\u00e7\u00e3o<\/p>\n","protected":false},"featured_media":9461714,"comment_status":"open","ping_status":"closed","template":"","meta":[],"product_cat":[792,794,97,140,788,21],"product_tag":[],"class_list":["post-9461715","product","type-product","status-publish","has-post-thumbnail","hentry","product_cat-mais-vendidos","product_cat-placas-de-grelhar","product_cat-placas-para-grelhar","product_cat-cozedura-aquecimento","product_cat-equipcafebar","product_cat-restauracao","product_shipping_class-gph"],"_links":{"self":[{"href":"https:\/\/tpohotelariaecasa.pt\/index.php\/wp-json\/wp\/v2\/product\/9461715"}],"collection":[{"href":"https:\/\/tpohotelariaecasa.pt\/index.php\/wp-json\/wp\/v2\/product"}],"about":[{"href":"https:\/\/tpohotelariaecasa.pt\/index.php\/wp-json\/wp\/v2\/types\/product"}],"replies":[{"embeddable":true,"href":"https:\/\/tpohotelariaecasa.pt\/index.php\/wp-json\/wp\/v2\/comments?post=9461715"}],"wp:featuredmedia":[{"embeddable":true,"href":"https:\/\/tpohotelariaecasa.pt\/index.php\/wp-json\/wp\/v2\/media\/9461714"}],"wp:attachment":[{"href":"https:\/\/tpohotelariaecasa.pt\/index.php\/wp-json\/wp\/v2\/media?parent=9461715"}],"wp:term":[{"taxonomy":"product_cat","embeddable":true,"href":"https:\/\/tpohotelariaecasa.pt\/index.php\/wp-json\/wp\/v2\/product_cat?post=9461715"},{"taxonomy":"product_tag","embeddable":true,"href":"https:\/\/tpohotelariaecasa.pt\/index.php\/wp-json\/wp\/v2\/product_tag?post=9461715"}],"curies":[{"name":"wp","href":"https:\/\/api.w.org\/{rel}","templated":true}]}}