{"id":9461717,"date":"2024-05-29T19:46:33","date_gmt":"2024-05-29T19:46:33","guid":{"rendered":"https:\/\/tpohotelariaecasa.pt\/index.php\/product\/placa-de-grelhar-de-qualidade-comercial-ranhurado-unidade-simples-60-cm-de-profundidade-gas\/"},"modified":"2025-04-03T09:10:00","modified_gmt":"2025-04-03T09:10:00","slug":"placa-de-grelhar-de-qualidade-comercial-ranhurado-unidade-simples-60-cm-de-profundidade-gas","status":"publish","type":"product","link":"https:\/\/tpohotelariaecasa.pt\/index.php\/product\/placa-de-grelhar-de-qualidade-comercial-ranhurado-unidade-simples-60-cm-de-profundidade-gas\/","title":{"rendered":"Placa de Grelhar de Qualidade Comercial &#8211; Ranhurado &#8211; Unidade Simples &#8211; 60 cm de Profundidade &#8211; G\u00e1s"},"content":{"rendered":"<ul>\n<li>Concebido para uma distribui\u00e7\u00e3o uniforme do calor<\/li>\n<li>Grande orif\u00edcio de drenagem para facilitar o funcionamento e a limpeza<\/li>\n<li>Grande gaveta de recolha de gordura com capacidade para 1 litro<\/li>\n<li>Protec\u00e7\u00f5es contra salpicos altos em a\u00e7o inoxid\u00e1vel na parte de tr\u00e1s e nos lados para conforto operacional<\/li>\n<li>Controlo da temperatura entre 50 e 300 graus Celsius<\/li>\n<li>Zonas de cozedura controladas de forma independente para uma utiliza\u00e7\u00e3o eficiente.<\/li>\n<li>Aquecimento r\u00e1pido com queimadores em a\u00e7o inoxid\u00e1vel<\/li>\n<li>Igni\u00e7\u00e3o Piezzo Spark<\/li>\n<li>Dispositivos de seguran\u00e7a contra a falha da chama<\/li>\n<li>F\u00e1cil de limpar<\/li>\n<li>Para al\u00e9m da superf\u00edcie estriada, tamb\u00e9m est\u00e1 dispon\u00edvel uma grelha de superf\u00edcie lisa.<\/li>\n<\/ul>\n<ul>\n<li>\n<ul>\n<li>Peso l\u00edquido: 20 kg<\/li>\n<li>Superf\u00edcie de grelhar: 40 x 60cm<\/li>\n<li>Dimens\u00f5es do aparelho: L40 x P60 x A24cm<\/li>\n<li>Injectores de g\u00e1s instalados: G25-G\u00e1s natural<\/li>\n<li>Conjunto extra de injectores de g\u00e1s: G30-LPG (Propano \/ Butano)<\/li>\n<li>Consumo de energia: 3.0 kW<\/li>\n<\/ul>\n<\/li>\n<\/ul>\n","protected":false},"excerpt":{"rendered":"<p>Esta placa de grelhar a g\u00e1s lisa com um tamanho de 40 x 60 cm \u00e9 adequada para utiliza\u00e7\u00e3o ao longo da linha de cozedura. F\u00e1cil de utilizar e fabricada em a\u00e7o inoxid\u00e1vel, \u00e9 tamb\u00e9m f\u00e1cil de limpar. consulte Mais informa\u00e7\u00e3o<\/p>\n","protected":false},"featured_media":9461716,"comment_status":"open","ping_status":"closed","template":"","meta":[],"product_cat":[792,794,97,140,788,21],"product_tag":[],"class_list":["post-9461717","product","type-product","status-publish","has-post-thumbnail","hentry","product_cat-mais-vendidos","product_cat-placas-de-grelhar","product_cat-placas-para-grelhar","product_cat-cozedura-aquecimento","product_cat-equipcafebar","product_cat-restauracao","product_shipping_class-gph"],"_links":{"self":[{"href":"https:\/\/tpohotelariaecasa.pt\/index.php\/wp-json\/wp\/v2\/product\/9461717"}],"collection":[{"href":"https:\/\/tpohotelariaecasa.pt\/index.php\/wp-json\/wp\/v2\/product"}],"about":[{"href":"https:\/\/tpohotelariaecasa.pt\/index.php\/wp-json\/wp\/v2\/types\/product"}],"replies":[{"embeddable":true,"href":"https:\/\/tpohotelariaecasa.pt\/index.php\/wp-json\/wp\/v2\/comments?post=9461717"}],"wp:featuredmedia":[{"embeddable":true,"href":"https:\/\/tpohotelariaecasa.pt\/index.php\/wp-json\/wp\/v2\/media\/9461716"}],"wp:attachment":[{"href":"https:\/\/tpohotelariaecasa.pt\/index.php\/wp-json\/wp\/v2\/media?parent=9461717"}],"wp:term":[{"taxonomy":"product_cat","embeddable":true,"href":"https:\/\/tpohotelariaecasa.pt\/index.php\/wp-json\/wp\/v2\/product_cat?post=9461717"},{"taxonomy":"product_tag","embeddable":true,"href":"https:\/\/tpohotelariaecasa.pt\/index.php\/wp-json\/wp\/v2\/product_tag?post=9461717"}],"curies":[{"name":"wp","href":"https:\/\/api.w.org\/{rel}","templated":true}]}}