{"id":9461723,"date":"2024-05-29T19:46:36","date_gmt":"2024-05-29T19:46:36","guid":{"rendered":"https:\/\/tpohotelariaecasa.pt\/index.php\/product\/placa-de-grelhar-de-qualidade-comercial-ranhurado-unidade-simples-60-cm-de-profundidade-eletrico-400v\/"},"modified":"2025-04-03T09:10:00","modified_gmt":"2025-04-03T09:10:00","slug":"placa-de-grelhar-de-qualidade-comercial-ranhurado-unidade-simples-60-cm-de-profundidade-eletrico-400v","status":"publish","type":"product","link":"https:\/\/tpohotelariaecasa.pt\/index.php\/product\/placa-de-grelhar-de-qualidade-comercial-ranhurado-unidade-simples-60-cm-de-profundidade-eletrico-400v\/","title":{"rendered":"Placa de Grelhar de Qualidade Comercial &#8211; Ranhurado &#8211; Unidade Simples &#8211; 60 cm de Profundidade &#8211; El\u00e9trico &#8211; 400V"},"content":{"rendered":"<ul>\n<li>Concebida para uma distribui\u00e7\u00e3o uniforme do calor<\/li>\n<li>Grande orif\u00edcio de drenagem para facilidade de opera\u00e7\u00e3o e limpeza<\/li>\n<li>Grande gaveta de recolha de gordura com uma capacidade de 1 litro<\/li>\n<li>Protec\u00e7\u00f5es altas de a\u00e7o inoxid\u00e1vel na parte de tr\u00e1s e laterais para conforto operacional<\/li>\n<li>Controlo de temperatura entre 50 &#8211; 300 graus celcius<\/li>\n<li>Zonas de cozedura controladas de forma independente para uma utiliza\u00e7\u00e3o eficiente.<\/li>\n<li>F\u00e1cil de limpar<\/li>\n<li>Peso L\u00edquido: 20 kg<\/li>\n<li>Dimens\u00f5es: L400 x D600 x H240 mm<\/li>\n<li>230V \/ 50Hz \/ 1Fase 3000 Watt<\/li>\n<\/ul>\n","protected":false},"excerpt":{"rendered":"<p>Esta placa de grelha el\u00e9ctrica estriada com um tamanho de 40 x 60cm \u00e9 bem adequada para ser utilizada ao longo da linha de cozedura. F\u00e1cil de operar e feita de a\u00e7o inoxid\u00e1vel, \u00e9 tamb\u00e9m f\u00e1cil de limpar. consulte Mais informa\u00e7\u00e3o<\/p>\n","protected":false},"featured_media":9461722,"comment_status":"open","ping_status":"closed","template":"","meta":[],"product_cat":[792,794,97,140,788,21],"product_tag":[],"class_list":["post-9461723","product","type-product","status-publish","has-post-thumbnail","hentry","product_cat-mais-vendidos","product_cat-placas-de-grelhar","product_cat-placas-para-grelhar","product_cat-cozedura-aquecimento","product_cat-equipcafebar","product_cat-restauracao","product_shipping_class-gph"],"_links":{"self":[{"href":"https:\/\/tpohotelariaecasa.pt\/index.php\/wp-json\/wp\/v2\/product\/9461723"}],"collection":[{"href":"https:\/\/tpohotelariaecasa.pt\/index.php\/wp-json\/wp\/v2\/product"}],"about":[{"href":"https:\/\/tpohotelariaecasa.pt\/index.php\/wp-json\/wp\/v2\/types\/product"}],"replies":[{"embeddable":true,"href":"https:\/\/tpohotelariaecasa.pt\/index.php\/wp-json\/wp\/v2\/comments?post=9461723"}],"wp:featuredmedia":[{"embeddable":true,"href":"https:\/\/tpohotelariaecasa.pt\/index.php\/wp-json\/wp\/v2\/media\/9461722"}],"wp:attachment":[{"href":"https:\/\/tpohotelariaecasa.pt\/index.php\/wp-json\/wp\/v2\/media?parent=9461723"}],"wp:term":[{"taxonomy":"product_cat","embeddable":true,"href":"https:\/\/tpohotelariaecasa.pt\/index.php\/wp-json\/wp\/v2\/product_cat?post=9461723"},{"taxonomy":"product_tag","embeddable":true,"href":"https:\/\/tpohotelariaecasa.pt\/index.php\/wp-json\/wp\/v2\/product_tag?post=9461723"}],"curies":[{"name":"wp","href":"https:\/\/api.w.org\/{rel}","templated":true}]}}