{"id":9461725,"date":"2024-05-29T19:46:37","date_gmt":"2024-05-29T19:46:37","guid":{"rendered":"https:\/\/tpohotelariaecasa.pt\/index.php\/product\/fritadeira-2-x-10-l-2-cestos-com-torneira-de-drenagem-400v\/"},"modified":"2025-04-03T09:09:36","modified_gmt":"2025-04-03T09:09:36","slug":"fritadeira-2-x-10-l-2-cestos-com-torneira-de-drenagem-400v","status":"publish","type":"product","link":"https:\/\/tpohotelariaecasa.pt\/index.php\/product\/fritadeira-2-x-10-l-2-cestos-com-torneira-de-drenagem-400v\/","title":{"rendered":"Fritadeira &#8211; 2 x 10 l &#8211; 2 Cestos &#8211; com Torneira de Drenagem &#8211; 400V"},"content":{"rendered":"<ul>\n<li>Pain\u00e9is externos de a\u00e7o inoxid\u00e1vel dur\u00e1veis<\/li>\n<li>Tanque de fritadeira monobloco de a\u00e7o inoxid\u00e1vel<\/li>\n<li>Cantos arredondados para facilidade de limpeza e melhor higiene<\/li>\n<li>Term\u00f3stato de seguran\u00e7a com rearme manual<\/li>\n<li>Regula\u00e7\u00e3o termost\u00e1tica da temperatura do \u00f3leo at\u00e9 190\u00b0C<\/li>\n<li>Elementos de aquecimento blindados<\/li>\n<li>Drenagem f\u00e1cil e segura com tubo de drenagem e v\u00e1lvula<\/li>\n<li>Peso l\u00edquido: 27kg<\/li>\n<li>Dimens\u00f5es do cesto: L21 x D23 x H10cm<\/li>\n<li>Dimens\u00f5es da m\u00e1quina: L60,5 x D67 x H38cm<\/li>\n<li>Consumo de energia: 2 x 6,0kW<\/li>\n<li>Pot\u00eancia: 400V \/ 50Hz \/ 3Fases 12000W<\/li>\n<\/ul>\n","protected":false},"excerpt":{"rendered":"<p>Esta fritadeira profissional e potente tem duas frigideiras de 10 litros para fritar grandes quantidades de alimentos em profundidade. \u00c9 extremamente adequada para a cozinha profissional e pode ser colocada ao longo de uma linha de cozedura. consulte Mais informa\u00e7\u00e3o<\/p>\n","protected":false},"featured_media":9461724,"comment_status":"open","ping_status":"closed","template":"","meta":[],"product_cat":[792,793,788,21,89],"product_tag":[],"class_list":["post-9461725","product","type-product","status-publish","has-post-thumbnail","hentry","product_cat-mais-vendidos","product_cat-fritadeiras-equipcafebar","product_cat-equipcafebar","product_cat-restauracao","product_cat-fritadeiras","product_shipping_class-pph"],"_links":{"self":[{"href":"https:\/\/tpohotelariaecasa.pt\/index.php\/wp-json\/wp\/v2\/product\/9461725"}],"collection":[{"href":"https:\/\/tpohotelariaecasa.pt\/index.php\/wp-json\/wp\/v2\/product"}],"about":[{"href":"https:\/\/tpohotelariaecasa.pt\/index.php\/wp-json\/wp\/v2\/types\/product"}],"replies":[{"embeddable":true,"href":"https:\/\/tpohotelariaecasa.pt\/index.php\/wp-json\/wp\/v2\/comments?post=9461725"}],"wp:featuredmedia":[{"embeddable":true,"href":"https:\/\/tpohotelariaecasa.pt\/index.php\/wp-json\/wp\/v2\/media\/9461724"}],"wp:attachment":[{"href":"https:\/\/tpohotelariaecasa.pt\/index.php\/wp-json\/wp\/v2\/media?parent=9461725"}],"wp:term":[{"taxonomy":"product_cat","embeddable":true,"href":"https:\/\/tpohotelariaecasa.pt\/index.php\/wp-json\/wp\/v2\/product_cat?post=9461725"},{"taxonomy":"product_tag","embeddable":true,"href":"https:\/\/tpohotelariaecasa.pt\/index.php\/wp-json\/wp\/v2\/product_tag?post=9461725"}],"curies":[{"name":"wp","href":"https:\/\/api.w.org\/{rel}","templated":true}]}}