{"id":9461727,"date":"2024-05-29T19:46:38","date_gmt":"2024-05-29T19:46:38","guid":{"rendered":"https:\/\/tpohotelariaecasa.pt\/index.php\/product\/cozedores-de-massa-de-qualidade-comercial-15-l-unidade-simples-60-cm-de-profundidade-eletrico\/"},"modified":"2025-04-03T09:09:45","modified_gmt":"2025-04-03T09:09:45","slug":"cozedores-de-massa-de-qualidade-comercial-15-l-unidade-simples-60-cm-de-profundidade-eletrico","status":"publish","type":"product","link":"https:\/\/tpohotelariaecasa.pt\/index.php\/product\/cozedores-de-massa-de-qualidade-comercial-15-l-unidade-simples-60-cm-de-profundidade-eletrico\/","title":{"rendered":"Cozedores de Massa de Qualidade Comercial &#8211; 15 l &#8211; Unidade Simples &#8211; 60 cm de Profundidade &#8211; El\u00e9trico"},"content":{"rendered":"<ul>\n<li>Panela de massa de qualidade comercial &#8211; 1 x 15,0L &#8211; El\u00e9ctrica<\/li>\n<li>Caixa e g\u00e1spea totalmente em a\u00e7o inoxid\u00e1vel<\/li>\n<li>Cesto de massa robusto em a\u00e7o inoxid\u00e1vel com perfura\u00e7\u00e3o fina<\/li>\n<li>Tamanho do cesto: pequeno W135 x D135 x H170 \/ grande W275 x D90 x H190 mm<\/li>\n<li>Bacia de \u00e1gua em a\u00e7o inoxid\u00e1vel trefilada profunda com cantos arredondados<\/li>\n<li>Solu\u00e7\u00e3o para a remo\u00e7\u00e3o de amido<\/li>\n<li>Tampo soldado sem costura<\/li>\n<li>Componentes pesados<\/li>\n<li>Abastecimento de \u00e1gua fria com v\u00e1lvula solen\u00f3ide<\/li>\n<li>Drenar f\u00e1cil e rapidamente com um bot\u00e3o manual<\/li>\n<li>Term\u00f3stato de seguran\u00e7a 30 \u00b0 &#8211; 110 \u00b0<\/li>\n<li>Constru\u00e7\u00e3o muito dur\u00e1vel<\/li>\n<li>Desenho higi\u00e9nico<\/li>\n<li>F\u00e1cil de limpar<\/li>\n<li>Desenho ergon\u00f3mico<\/li>\n<\/ul>\n<ul>\n<li>Peso l\u00edquido: 19 kg<\/li>\n<li>Dimens\u00f5es: L400 x D600 x H240 mm<\/li>\n<li>230V\/50Hz\/1Fase 3,4 kW<\/li>\n<\/ul>\n","protected":false},"excerpt":{"rendered":"<p>Este cozedor profissional de massas tem tr\u00eas cestos de a\u00e7o inoxid\u00e1vel para cozinhar as massas separadamente. A panela de massa tem uma capacidade de 15L e pode ser colocada dentro de uma linha de cozedura. consulte Mais informa\u00e7\u00e3o<\/p>\n","protected":false},"featured_media":9461726,"comment_status":"open","ping_status":"closed","template":"","meta":[],"product_cat":[140,84],"product_tag":[],"class_list":["post-9461727","product","type-product","status-publish","has-post-thumbnail","hentry","product_cat-cozedura-aquecimento","product_cat-fogoesepanelas","product_shipping_class-pph"],"_links":{"self":[{"href":"https:\/\/tpohotelariaecasa.pt\/index.php\/wp-json\/wp\/v2\/product\/9461727"}],"collection":[{"href":"https:\/\/tpohotelariaecasa.pt\/index.php\/wp-json\/wp\/v2\/product"}],"about":[{"href":"https:\/\/tpohotelariaecasa.pt\/index.php\/wp-json\/wp\/v2\/types\/product"}],"replies":[{"embeddable":true,"href":"https:\/\/tpohotelariaecasa.pt\/index.php\/wp-json\/wp\/v2\/comments?post=9461727"}],"wp:featuredmedia":[{"embeddable":true,"href":"https:\/\/tpohotelariaecasa.pt\/index.php\/wp-json\/wp\/v2\/media\/9461726"}],"wp:attachment":[{"href":"https:\/\/tpohotelariaecasa.pt\/index.php\/wp-json\/wp\/v2\/media?parent=9461727"}],"wp:term":[{"taxonomy":"product_cat","embeddable":true,"href":"https:\/\/tpohotelariaecasa.pt\/index.php\/wp-json\/wp\/v2\/product_cat?post=9461727"},{"taxonomy":"product_tag","embeddable":true,"href":"https:\/\/tpohotelariaecasa.pt\/index.php\/wp-json\/wp\/v2\/product_tag?post=9461727"}],"curies":[{"name":"wp","href":"https:\/\/api.w.org\/{rel}","templated":true}]}}