{"id":9461731,"date":"2024-05-29T19:46:41","date_gmt":"2024-05-29T19:46:41","guid":{"rendered":"https:\/\/tpohotelariaecasa.pt\/index.php\/product\/banho-maria-unidade-simples-60-cm-de-profundidade-com-torneira-de-drenagem-eletrico\/"},"modified":"2025-04-03T09:09:50","modified_gmt":"2025-04-03T09:09:50","slug":"banho-maria-unidade-simples-60-cm-de-profundidade-com-torneira-de-drenagem-eletrico","status":"publish","type":"product","link":"https:\/\/tpohotelariaecasa.pt\/index.php\/product\/banho-maria-unidade-simples-60-cm-de-profundidade-com-torneira-de-drenagem-eletrico\/","title":{"rendered":"Banho-Maria &#8211; Unidade Simples &#8211; 60 cm de Profundidade &#8211; com Torneira de Drenagem &#8211; El\u00e9trico"},"content":{"rendered":"<ul>\n<li>Banho Marie de grau comercial &#8211; 1\/1 GN &#8211; El\u00e9ctrico &#8211; 40 x 60 cm<\/li>\n<li>Caixa e g\u00e1spea totalmente em a\u00e7o inoxid\u00e1vel<\/li>\n<li>Bacia de \u00e1gua em a\u00e7o inoxid\u00e1vel trefilada profunda com cantos arredondados<\/li>\n<li>Encher manualmente com \u00e1gua<\/li>\n<li>Aquecimento eficiente e r\u00e1pido<\/li>\n<li>Compat\u00edvel com contentores GN 1\/1 (n\u00e3o inclu\u00eddos)<\/li>\n<li>Tampo soldado sem costura<\/li>\n<li>Componentes pesados<\/li>\n<li>Aquecimento eficiente e r\u00e1pido<\/li>\n<li>Drenar f\u00e1cil e rapidamente com um bot\u00e3o manual<\/li>\n<li>Term\u00f3stato de seguran\u00e7a 90 \u00b0 C<\/li>\n<li>Constru\u00e7\u00e3o muito dur\u00e1vel<\/li>\n<li>Desenho higi\u00e9nico<\/li>\n<li>F\u00e1cil de limpar<\/li>\n<li>Desenho ergon\u00f3mico<\/li>\n<\/ul>\n<ul>\n<li>Peso l\u00edquido: 15 kg<\/li>\n<li>Dimens\u00f5es: L400 x D600 x H240 mm<\/li>\n<li>230V\/50Hz\/1Fase 1500 Watt<\/li>\n<\/ul>\n","protected":false},"excerpt":{"rendered":"<p>Neste banho maria el\u00e9ctrico de 40 x 60cm, pode aquecer gradualmente ou preparar alimentos. O banho maria \u00e9 adequado para recipientes GN 1\/1 e \u00e9 ideal para colocar dentro de uma linha de cozedura. Inclui uma torneira de drenagem pr\u00e1tica. consulte Mais informa\u00e7\u00e3o<\/p>\n","protected":false},"featured_media":9461730,"comment_status":"open","ping_status":"closed","template":"","meta":[],"product_cat":[140,132,21],"product_tag":[],"class_list":["post-9461731","product","type-product","status-publish","has-post-thumbnail","hentry","product_cat-cozedura-aquecimento","product_cat-banho-maria","product_cat-restauracao","product_shipping_class-pph"],"_links":{"self":[{"href":"https:\/\/tpohotelariaecasa.pt\/index.php\/wp-json\/wp\/v2\/product\/9461731"}],"collection":[{"href":"https:\/\/tpohotelariaecasa.pt\/index.php\/wp-json\/wp\/v2\/product"}],"about":[{"href":"https:\/\/tpohotelariaecasa.pt\/index.php\/wp-json\/wp\/v2\/types\/product"}],"replies":[{"embeddable":true,"href":"https:\/\/tpohotelariaecasa.pt\/index.php\/wp-json\/wp\/v2\/comments?post=9461731"}],"wp:featuredmedia":[{"embeddable":true,"href":"https:\/\/tpohotelariaecasa.pt\/index.php\/wp-json\/wp\/v2\/media\/9461730"}],"wp:attachment":[{"href":"https:\/\/tpohotelariaecasa.pt\/index.php\/wp-json\/wp\/v2\/media?parent=9461731"}],"wp:term":[{"taxonomy":"product_cat","embeddable":true,"href":"https:\/\/tpohotelariaecasa.pt\/index.php\/wp-json\/wp\/v2\/product_cat?post=9461731"},{"taxonomy":"product_tag","embeddable":true,"href":"https:\/\/tpohotelariaecasa.pt\/index.php\/wp-json\/wp\/v2\/product_tag?post=9461731"}],"curies":[{"name":"wp","href":"https:\/\/api.w.org\/{rel}","templated":true}]}}