{"id":9461735,"date":"2024-05-29T19:46:43","date_gmt":"2024-05-29T19:46:43","guid":{"rendered":"https:\/\/tpohotelariaecasa.pt\/index.php\/product\/trabalho-de-cozinha-de-qualidade-comercial-unidade-dupla-60-cm-de-profundidade\/"},"modified":"2025-04-03T09:09:45","modified_gmt":"2025-04-03T09:09:45","slug":"trabalho-de-cozinha-de-qualidade-comercial-unidade-dupla-60-cm-de-profundidade","status":"publish","type":"product","link":"https:\/\/tpohotelariaecasa.pt\/index.php\/product\/trabalho-de-cozinha-de-qualidade-comercial-unidade-dupla-60-cm-de-profundidade\/","title":{"rendered":"Trabalho de Cozinha de Qualidade Comercial &#8211; Unidade Dupla &#8211; 60 cm de Profundidade"},"content":{"rendered":"<ul>\n<li>Tampo de trabalho em a\u00e7o inox<\/li>\n<li>Compat\u00edvel com outros produtos de Grau Comercial<\/li>\n<li>Peso l\u00edquido: 15 kg<\/li>\n<li>Dimens\u00f5es: L600 x D600 x H240 mm<\/li>\n<\/ul>\n<ul>\n<li>Peso l\u00edquido: 15kg<\/li>\n<li>Dimens\u00f5es: B60 x D60 x H24cm<\/li>\n<\/ul>\n","protected":false},"excerpt":{"rendered":"<p>Para espa\u00e7o extra no balc\u00e3o da cozinha profissional, utilize este espa\u00e7o de trabalho robusto. Este balc\u00e3o foi especialmente desenvolvido para ser utilizado com as bases da s\u00e9rie 600 cookline. Gra\u00e7as \u00e0 sua constru\u00e7\u00e3o dur\u00e1vel, este espa\u00e7o de trabalho \u00e9 adequado para uma utiliza\u00e7\u00e3o di\u00e1ria intensiva e pode ser montado numa linha de cozinha. consulte Mais informa\u00e7\u00e3o<\/p>\n","protected":false},"featured_media":9461734,"comment_status":"open","ping_status":"closed","template":"","meta":[],"product_cat":[103],"product_tag":[],"class_list":["post-9461735","product","type-product","status-publish","has-post-thumbnail","hentry","product_cat-bancada-de-trabalho","product_shipping_class-pph"],"_links":{"self":[{"href":"https:\/\/tpohotelariaecasa.pt\/index.php\/wp-json\/wp\/v2\/product\/9461735"}],"collection":[{"href":"https:\/\/tpohotelariaecasa.pt\/index.php\/wp-json\/wp\/v2\/product"}],"about":[{"href":"https:\/\/tpohotelariaecasa.pt\/index.php\/wp-json\/wp\/v2\/types\/product"}],"replies":[{"embeddable":true,"href":"https:\/\/tpohotelariaecasa.pt\/index.php\/wp-json\/wp\/v2\/comments?post=9461735"}],"wp:featuredmedia":[{"embeddable":true,"href":"https:\/\/tpohotelariaecasa.pt\/index.php\/wp-json\/wp\/v2\/media\/9461734"}],"wp:attachment":[{"href":"https:\/\/tpohotelariaecasa.pt\/index.php\/wp-json\/wp\/v2\/media?parent=9461735"}],"wp:term":[{"taxonomy":"product_cat","embeddable":true,"href":"https:\/\/tpohotelariaecasa.pt\/index.php\/wp-json\/wp\/v2\/product_cat?post=9461735"},{"taxonomy":"product_tag","embeddable":true,"href":"https:\/\/tpohotelariaecasa.pt\/index.php\/wp-json\/wp\/v2\/product_tag?post=9461735"}],"curies":[{"name":"wp","href":"https:\/\/api.w.org\/{rel}","templated":true}]}}