{"id":9461737,"date":"2024-05-29T19:46:44","date_gmt":"2024-05-29T19:46:44","guid":{"rendered":"https:\/\/tpohotelariaecasa.pt\/index.php\/product\/armario-de-cozinha-de-qualidade-comercial-unidade-simples-60-cm-de-profundidade-incl-porta\/"},"modified":"2025-04-03T09:09:52","modified_gmt":"2025-04-03T09:09:52","slug":"armario-de-cozinha-de-qualidade-comercial-unidade-simples-60-cm-de-profundidade-incl-porta","status":"publish","type":"product","link":"https:\/\/tpohotelariaecasa.pt\/index.php\/product\/armario-de-cozinha-de-qualidade-comercial-unidade-simples-60-cm-de-profundidade-incl-porta\/","title":{"rendered":"Arm\u00e1rio de Cozinha de Qualidade Comercial &#8211; Unidade Simples &#8211; 60 cm de Profundidade &#8211; incl. Porta"},"content":{"rendered":"<ul>\n<li>Grande compartimento base para armazenamento de tachos, panelas, etc.<\/li>\n<li>Porta de duas camadas com puxador ergon\u00f3mico<\/li>\n<li>Fechadura magn\u00e9tica para manter a porta fechada<\/li>\n<li>Mecanismo de liga\u00e7\u00e3o f\u00e1cil com outros 600 componentes da s\u00e9rie<\/li>\n<li>Peso l\u00edquido: 8 kg<\/li>\n<li>Dimens\u00f5es: L400 x D600 x H610 mm<\/li>\n<\/ul>\n<ul>\n<li>Peso l\u00edquido: 8kg<\/li>\n<li>Dimens\u00f5es: L40 x D60 x H61cm<\/li>\n<\/ul>\n","protected":false},"excerpt":{"rendered":"<p>Este carrinho de cozinha profissional foi especialmente concebido para ser utilizado com os aparelhos de cozinha da s\u00e9rie 600 Cooking Line. N\u00e3o s\u00f3 cria espa\u00e7o de armazenamento extra para tachos e panelas na cozinha, como tamb\u00e9m proporciona uma base firme e est\u00e1vel para os seus electrodom\u00e9sticos quando em uso. O suporte \u00e9 feito para uso intensivo e pode ser colocado numa linha de cozedura. consulte Mais informa\u00e7\u00e3o<\/p>\n","protected":false},"featured_media":9461736,"comment_status":"open","ping_status":"closed","template":"","meta":[],"product_cat":[755],"product_tag":[],"class_list":["post-9461737","product","type-product","status-publish","has-post-thumbnail","hentry","product_cat-estantes-armarios-prateleiras","product_shipping_class-pph"],"_links":{"self":[{"href":"https:\/\/tpohotelariaecasa.pt\/index.php\/wp-json\/wp\/v2\/product\/9461737"}],"collection":[{"href":"https:\/\/tpohotelariaecasa.pt\/index.php\/wp-json\/wp\/v2\/product"}],"about":[{"href":"https:\/\/tpohotelariaecasa.pt\/index.php\/wp-json\/wp\/v2\/types\/product"}],"replies":[{"embeddable":true,"href":"https:\/\/tpohotelariaecasa.pt\/index.php\/wp-json\/wp\/v2\/comments?post=9461737"}],"wp:featuredmedia":[{"embeddable":true,"href":"https:\/\/tpohotelariaecasa.pt\/index.php\/wp-json\/wp\/v2\/media\/9461736"}],"wp:attachment":[{"href":"https:\/\/tpohotelariaecasa.pt\/index.php\/wp-json\/wp\/v2\/media?parent=9461737"}],"wp:term":[{"taxonomy":"product_cat","embeddable":true,"href":"https:\/\/tpohotelariaecasa.pt\/index.php\/wp-json\/wp\/v2\/product_cat?post=9461737"},{"taxonomy":"product_tag","embeddable":true,"href":"https:\/\/tpohotelariaecasa.pt\/index.php\/wp-json\/wp\/v2\/product_tag?post=9461737"}],"curies":[{"name":"wp","href":"https:\/\/api.w.org\/{rel}","templated":true}]}}