{"id":9461739,"date":"2024-05-29T19:46:45","date_gmt":"2024-05-29T19:46:45","guid":{"rendered":"https:\/\/tpohotelariaecasa.pt\/index.php\/product\/armario-de-cozinha-de-qualidade-comercial-unidade-dupla-60-cm-de-profundidade-2-portas\/"},"modified":"2025-04-03T09:09:48","modified_gmt":"2025-04-03T09:09:48","slug":"armario-de-cozinha-de-qualidade-comercial-unidade-dupla-60-cm-de-profundidade-2-portas","status":"publish","type":"product","link":"https:\/\/tpohotelariaecasa.pt\/index.php\/product\/armario-de-cozinha-de-qualidade-comercial-unidade-dupla-60-cm-de-profundidade-2-portas\/","title":{"rendered":"Arm\u00e1rio de Cozinha de Qualidade Comercial &#8211; Unidade Dupla &#8211; 60 cm de Profundidade &#8211; 2 Portas"},"content":{"rendered":"<ul>\n<li>Grande compartimento base para armazenamento de tachos, panelas, etc.<\/li>\n<li>Portas de duas camadas com puxadores ergon\u00f3micos<\/li>\n<li>Fechadura magn\u00e9tica para manter as portas fechadas<\/li>\n<li>Mecanismo de liga\u00e7\u00e3o f\u00e1cil com outros 600 componentes da s\u00e9rie<\/li>\n<li>Peso l\u00edquido: 15 kg<\/li>\n<li>Dimens\u00f5es: L600 x D600 x H610 mm<\/li>\n<\/ul>\n<ul>\n<li>Peso l\u00edquido: 15kg<\/li>\n<li>Dimens\u00f5es: B60 x D60 x H61cm<\/li>\n<\/ul>\n","protected":false},"excerpt":{"rendered":"<p>Est\u00e1 \u00e0 procura de um carrinho de catering profissional adequado aos aparelhos de cozinha da s\u00e9rie 600? Este carrinho de 60 x 60cm tem duas portas e \u00e9 ideal para ser utilizado como espa\u00e7o de armazenamento extra para tachos e panelas. Pode tamb\u00e9m colocar a base numa linha de cozedura. consulte Mais informa\u00e7\u00e3o<\/p>\n","protected":false},"featured_media":9461738,"comment_status":"open","ping_status":"closed","template":"","meta":[],"product_cat":[755],"product_tag":[],"class_list":["post-9461739","product","type-product","status-publish","has-post-thumbnail","hentry","product_cat-estantes-armarios-prateleiras","product_shipping_class-pph"],"_links":{"self":[{"href":"https:\/\/tpohotelariaecasa.pt\/index.php\/wp-json\/wp\/v2\/product\/9461739"}],"collection":[{"href":"https:\/\/tpohotelariaecasa.pt\/index.php\/wp-json\/wp\/v2\/product"}],"about":[{"href":"https:\/\/tpohotelariaecasa.pt\/index.php\/wp-json\/wp\/v2\/types\/product"}],"replies":[{"embeddable":true,"href":"https:\/\/tpohotelariaecasa.pt\/index.php\/wp-json\/wp\/v2\/comments?post=9461739"}],"wp:featuredmedia":[{"embeddable":true,"href":"https:\/\/tpohotelariaecasa.pt\/index.php\/wp-json\/wp\/v2\/media\/9461738"}],"wp:attachment":[{"href":"https:\/\/tpohotelariaecasa.pt\/index.php\/wp-json\/wp\/v2\/media?parent=9461739"}],"wp:term":[{"taxonomy":"product_cat","embeddable":true,"href":"https:\/\/tpohotelariaecasa.pt\/index.php\/wp-json\/wp\/v2\/product_cat?post=9461739"},{"taxonomy":"product_tag","embeddable":true,"href":"https:\/\/tpohotelariaecasa.pt\/index.php\/wp-json\/wp\/v2\/product_tag?post=9461739"}],"curies":[{"name":"wp","href":"https:\/\/api.w.org\/{rel}","templated":true}]}}