{"id":9461741,"date":"2024-05-29T19:46:46","date_gmt":"2024-05-29T19:46:46","guid":{"rendered":"https:\/\/tpohotelariaecasa.pt\/index.php\/product\/armario-aquecedor-de-pratos-80-pratos-ate-o30-cm-sobre-rodas\/"},"modified":"2025-04-03T09:10:00","modified_gmt":"2025-04-03T09:10:00","slug":"armario-aquecedor-de-pratos-80-pratos-ate-o30-cm-sobre-rodas","status":"publish","type":"product","link":"https:\/\/tpohotelariaecasa.pt\/index.php\/product\/armario-aquecedor-de-pratos-80-pratos-ate-o30-cm-sobre-rodas\/","title":{"rendered":"Arm\u00e1rio Aquecedor de Pratos &#8211; 80 Pratos &#8211; At\u00e9 \u00d830 cm &#8211; Sobre Rodas"},"content":{"rendered":"<p><strong>Caracter\u00edsticas<\/strong><\/p>\n<ul>\n<li>F\u00e1cil de limpar<\/li>\n<li>Pe\u00e7as de alta qualidade<\/li>\n<li>Capacidade para 80 pratos<\/li>\n<li>Caixa em a\u00e7o inoxid\u00e1vel<\/li>\n<li>Adequado para pratos de \u220530cm<\/li>\n<li>Inclui quatro rodas, com trav\u00e3o<\/li>\n<li>Luz de aviso quando a grelha est\u00e1 quente<\/li>\n<li>A temperatura pode ser ajustada rodando o bot\u00e3o<\/li>\n<\/ul>\n<p><strong>Especifica\u00e7\u00f5es do produto<\/strong><\/p>\n<ul>\n<li>Peso l\u00edquido: 48 kg<\/li>\n<li>Dimens\u00f5es: L57 x P106 x A103cm<\/li>\n<li>Faixa de temperatura: 30-85\u2070C<\/li>\n<li>230V \/ 50Hz \/ 1 fase 800W<\/li>\n<\/ul>\n","protected":false},"excerpt":{"rendered":"<p>Este aquecedor de pratos profissional \u00e9 feito de a\u00e7o inoxid\u00e1vel e \u00e9 adequado para aquecer at\u00e9 80 pratos com um di\u00e2metro de 30 cm. \u00c9 \u00f3timo para utiliza\u00e7\u00e3o numa variedade de neg\u00f3cios relacionados com alimentos, como cantinas e eventos de catering. Inclui um pr\u00e1tico sistema de suspens\u00e3o para facilitar a remo\u00e7\u00e3o dos pratos conforme necess\u00e1rio. consulte Mais informa\u00e7\u00e3o<\/p>\n","protected":false},"featured_media":9461740,"comment_status":"open","ping_status":"closed","template":"","meta":[],"product_cat":[131],"product_tag":[],"class_list":["post-9461741","product","type-product","status-publish","has-post-thumbnail","hentry","product_cat-aquecedor-de-pratos","product_shipping_class-gph"],"_links":{"self":[{"href":"https:\/\/tpohotelariaecasa.pt\/index.php\/wp-json\/wp\/v2\/product\/9461741"}],"collection":[{"href":"https:\/\/tpohotelariaecasa.pt\/index.php\/wp-json\/wp\/v2\/product"}],"about":[{"href":"https:\/\/tpohotelariaecasa.pt\/index.php\/wp-json\/wp\/v2\/types\/product"}],"replies":[{"embeddable":true,"href":"https:\/\/tpohotelariaecasa.pt\/index.php\/wp-json\/wp\/v2\/comments?post=9461741"}],"wp:featuredmedia":[{"embeddable":true,"href":"https:\/\/tpohotelariaecasa.pt\/index.php\/wp-json\/wp\/v2\/media\/9461740"}],"wp:attachment":[{"href":"https:\/\/tpohotelariaecasa.pt\/index.php\/wp-json\/wp\/v2\/media?parent=9461741"}],"wp:term":[{"taxonomy":"product_cat","embeddable":true,"href":"https:\/\/tpohotelariaecasa.pt\/index.php\/wp-json\/wp\/v2\/product_cat?post=9461741"},{"taxonomy":"product_tag","embeddable":true,"href":"https:\/\/tpohotelariaecasa.pt\/index.php\/wp-json\/wp\/v2\/product_tag?post=9461741"}],"curies":[{"name":"wp","href":"https:\/\/api.w.org\/{rel}","templated":true}]}}