{"id":9461743,"date":"2024-05-29T19:46:48","date_gmt":"2024-05-29T19:46:48","guid":{"rendered":"https:\/\/tpohotelariaecasa.pt\/index.php\/product\/armario-aquecedor-de-pratos-120-pratos-ate-o32-cm-armario\/"},"modified":"2025-04-03T09:10:00","modified_gmt":"2025-04-03T09:10:00","slug":"armario-aquecedor-de-pratos-120-pratos-ate-o32-cm-armario","status":"publish","type":"product","link":"https:\/\/tpohotelariaecasa.pt\/index.php\/product\/armario-aquecedor-de-pratos-120-pratos-ate-o32-cm-armario\/","title":{"rendered":"Arm\u00e1rio Aquecedor de Pratos &#8211; 120 Pratos &#8211; At\u00e9 \u00d832 cm &#8211; Arm\u00e1rio"},"content":{"rendered":"<p><strong>Caracter\u00edsticas<\/strong><\/p>\n<ul>\n<li>Caixa em a\u00e7o inoxid\u00e1vel<\/li>\n<li>Prateleiras regul\u00e1veis em altura<\/li>\n<li>Pr\u00e1tico e f\u00e1cil de utilizar<\/li>\n<li>Interior espa\u00e7oso para pratos at\u00e9 \u220532cm<\/li>\n<\/ul>\n<p><strong>Especifica\u00e7\u00f5es do produto<\/strong><\/p>\n<ul>\n<li>Peso l\u00edquido: 46 kg<\/li>\n<li>Capacidade: 120 pratos<\/li>\n<li>Dimens\u00f5es internas: L71 x P39 x A66cm<\/li>\n<li>Dimens\u00f5es externas: L75 x P45,5 x A85cm<\/li>\n<li>Faixa de temperatura: 30-85\u2070C<\/li>\n<li>230V \/ 50Hz \/ 1 Fase 1200W<\/li>\n<\/ul>\n","protected":false},"excerpt":{"rendered":"<p>Com este aquecedor de pratos robusto e f\u00e1cil de utilizar, pode aquecer 120 pratos ao mesmo tempo. \u00c9 o aparelho ideal para utiliza\u00e7\u00e3o em cantinas e em eventos com catering. Este aquecedor de pratos profissional tem duas portas na frente e \u00e9 adequado para pratos at\u00e9 32 cm de di\u00e2metro. consulte Mais informa\u00e7\u00e3o<\/p>\n","protected":false},"featured_media":9461742,"comment_status":"open","ping_status":"closed","template":"","meta":[],"product_cat":[131],"product_tag":[],"class_list":["post-9461743","product","type-product","status-publish","has-post-thumbnail","hentry","product_cat-aquecedor-de-pratos","product_shipping_class-gph"],"_links":{"self":[{"href":"https:\/\/tpohotelariaecasa.pt\/index.php\/wp-json\/wp\/v2\/product\/9461743"}],"collection":[{"href":"https:\/\/tpohotelariaecasa.pt\/index.php\/wp-json\/wp\/v2\/product"}],"about":[{"href":"https:\/\/tpohotelariaecasa.pt\/index.php\/wp-json\/wp\/v2\/types\/product"}],"replies":[{"embeddable":true,"href":"https:\/\/tpohotelariaecasa.pt\/index.php\/wp-json\/wp\/v2\/comments?post=9461743"}],"wp:featuredmedia":[{"embeddable":true,"href":"https:\/\/tpohotelariaecasa.pt\/index.php\/wp-json\/wp\/v2\/media\/9461742"}],"wp:attachment":[{"href":"https:\/\/tpohotelariaecasa.pt\/index.php\/wp-json\/wp\/v2\/media?parent=9461743"}],"wp:term":[{"taxonomy":"product_cat","embeddable":true,"href":"https:\/\/tpohotelariaecasa.pt\/index.php\/wp-json\/wp\/v2\/product_cat?post=9461743"},{"taxonomy":"product_tag","embeddable":true,"href":"https:\/\/tpohotelariaecasa.pt\/index.php\/wp-json\/wp\/v2\/product_tag?post=9461743"}],"curies":[{"name":"wp","href":"https:\/\/api.w.org\/{rel}","templated":true}]}}