{"id":9461751,"date":"2024-05-29T19:46:52","date_gmt":"2024-05-29T19:46:52","guid":{"rendered":"https:\/\/tpohotelariaecasa.pt\/index.php\/product\/heavy-duty-panela-de-ebulicao-60-l-calor-directo-70-cm-de-profundidade-gas\/"},"modified":"2025-04-03T09:10:00","modified_gmt":"2025-04-03T09:10:00","slug":"heavy-duty-panela-de-ebulicao-60-l-calor-directo-70-cm-de-profundidade-gas","status":"publish","type":"product","link":"https:\/\/tpohotelariaecasa.pt\/index.php\/product\/heavy-duty-panela-de-ebulicao-60-l-calor-directo-70-cm-de-profundidade-gas\/","title":{"rendered":"Heavy Duty Panela de Ebuli\u00e7\u00e3o &#8211; 60 l &#8211; Calor Directo &#8211; 70 cm de Profundidade &#8211; G\u00e1s"},"content":{"rendered":"<p><strong>Especifica\u00e7\u00f5es do produto<\/strong><\/p>\n<ul>\n<li>Peso l\u00edquido: 67kg<\/li>\n<li>Dimens\u00f5es: L80 x D70 x H85cm<\/li>\n<li>Capacidade l\u00edquida: 50L<\/li>\n<li>Pot\u00eancia total do g\u00e1s: 11,0 kW<\/li>\n<li>Injectores de g\u00e1s instalados: G25 &#8211; g\u00e1s natural<\/li>\n<li>Conjunto extra de injectores de g\u00e1s: G30 &#8211; GPL (propano\/butano)<\/li>\n<\/ul>\n<p><em><strong>Nota: O produto mostrado na imagem pode diferir ligeiramente do modelo real<\/strong><\/em><\/p>\n","protected":false},"excerpt":{"rendered":"<p>Esta robusta panela de cozedura de 60 litros \u00e9 indispens\u00e1vel para os maiores trabalhos de cozinha. \u00c9 cozida a g\u00e1s e faz todos os principais trabalhos de cozedura com facilidade. Com o seu aquecimento directo, \u00e9 ideal para ferver grandes quantidades de alimentos em \u00e1gua, tais como carne, vegetais, arroz e batatas. \u00c9 ao mesmo tempo f\u00e1cil de usar e f\u00e1cil de limpar. consulte Mais informa\u00e7\u00e3o<\/p>\n","protected":false},"featured_media":9461750,"comment_status":"open","ping_status":"closed","template":"","meta":[],"product_cat":[140,21,778,96],"product_tag":[],"class_list":["post-9461751","product","type-product","status-publish","has-post-thumbnail","hentry","product_cat-cozedura-aquecimento","product_cat-restauracao","product_cat-panelas-basculantes","product_cat-panelas","product_shipping_class-gph"],"_links":{"self":[{"href":"https:\/\/tpohotelariaecasa.pt\/index.php\/wp-json\/wp\/v2\/product\/9461751"}],"collection":[{"href":"https:\/\/tpohotelariaecasa.pt\/index.php\/wp-json\/wp\/v2\/product"}],"about":[{"href":"https:\/\/tpohotelariaecasa.pt\/index.php\/wp-json\/wp\/v2\/types\/product"}],"replies":[{"embeddable":true,"href":"https:\/\/tpohotelariaecasa.pt\/index.php\/wp-json\/wp\/v2\/comments?post=9461751"}],"wp:featuredmedia":[{"embeddable":true,"href":"https:\/\/tpohotelariaecasa.pt\/index.php\/wp-json\/wp\/v2\/media\/9461750"}],"wp:attachment":[{"href":"https:\/\/tpohotelariaecasa.pt\/index.php\/wp-json\/wp\/v2\/media?parent=9461751"}],"wp:term":[{"taxonomy":"product_cat","embeddable":true,"href":"https:\/\/tpohotelariaecasa.pt\/index.php\/wp-json\/wp\/v2\/product_cat?post=9461751"},{"taxonomy":"product_tag","embeddable":true,"href":"https:\/\/tpohotelariaecasa.pt\/index.php\/wp-json\/wp\/v2\/product_tag?post=9461751"}],"curies":[{"name":"wp","href":"https:\/\/api.w.org\/{rel}","templated":true}]}}