{"id":9461753,"date":"2024-05-29T19:46:53","date_gmt":"2024-05-29T19:46:53","guid":{"rendered":"https:\/\/tpohotelariaecasa.pt\/index.php\/product\/heavy-duty-armario-de-cozinha-unidade-simples-70-cm-de-profundidade-incl-porta\/"},"modified":"2025-04-03T09:09:41","modified_gmt":"2025-04-03T09:09:41","slug":"heavy-duty-armario-de-cozinha-unidade-simples-70-cm-de-profundidade-incl-porta","status":"publish","type":"product","link":"https:\/\/tpohotelariaecasa.pt\/index.php\/product\/heavy-duty-armario-de-cozinha-unidade-simples-70-cm-de-profundidade-incl-porta\/","title":{"rendered":"Heavy Duty Arm\u00e1rio de Cozinha &#8211; Unidade Simples &#8211; 70 cm de Profundidade &#8211; incl. Porta"},"content":{"rendered":"<ul>\n<li>Grande compartimento base para armazenamento de tachos, panelas, etc.<\/li>\n<li>Porta de duas camadas com puxador ergon\u00f3mico<\/li>\n<li>Fechadura magn\u00e9tica para manter a porta fechada<\/li>\n<li>Mecanismo de liga\u00e7\u00e3o f\u00e1cil com outros 700 componentes da s\u00e9rie<\/li>\n<li>Pernas robustas para estabilidade<\/li>\n<li>Tamb\u00e9m dispon\u00edvel em vers\u00e3o dupla (80 x 70 cm)<\/li>\n<li>Dimens\u00f5es: L400 x D630 x H570 mm<\/li>\n<\/ul>\n","protected":false},"excerpt":{"rendered":"<p>Com este carrinho, especialmente concebido para electrodom\u00e9sticos de cozinha na gama de 700 cozinhas, pode criar espa\u00e7o de armazenamento extra para tachos e panelas. Al\u00e9m disso, os electrodom\u00e9sticos ficam em posi\u00e7\u00e3o elevada e est\u00e1vel numa linha de cozedura na cozinha profissional consulte Mais informa\u00e7\u00e3o<\/p>\n","protected":false},"featured_media":9461752,"comment_status":"open","ping_status":"closed","template":"","meta":[],"product_cat":[755],"product_tag":[],"class_list":["post-9461753","product","type-product","status-publish","has-post-thumbnail","hentry","product_cat-estantes-armarios-prateleiras","product_shipping_class-pph"],"_links":{"self":[{"href":"https:\/\/tpohotelariaecasa.pt\/index.php\/wp-json\/wp\/v2\/product\/9461753"}],"collection":[{"href":"https:\/\/tpohotelariaecasa.pt\/index.php\/wp-json\/wp\/v2\/product"}],"about":[{"href":"https:\/\/tpohotelariaecasa.pt\/index.php\/wp-json\/wp\/v2\/types\/product"}],"replies":[{"embeddable":true,"href":"https:\/\/tpohotelariaecasa.pt\/index.php\/wp-json\/wp\/v2\/comments?post=9461753"}],"wp:featuredmedia":[{"embeddable":true,"href":"https:\/\/tpohotelariaecasa.pt\/index.php\/wp-json\/wp\/v2\/media\/9461752"}],"wp:attachment":[{"href":"https:\/\/tpohotelariaecasa.pt\/index.php\/wp-json\/wp\/v2\/media?parent=9461753"}],"wp:term":[{"taxonomy":"product_cat","embeddable":true,"href":"https:\/\/tpohotelariaecasa.pt\/index.php\/wp-json\/wp\/v2\/product_cat?post=9461753"},{"taxonomy":"product_tag","embeddable":true,"href":"https:\/\/tpohotelariaecasa.pt\/index.php\/wp-json\/wp\/v2\/product_tag?post=9461753"}],"curies":[{"name":"wp","href":"https:\/\/api.w.org\/{rel}","templated":true}]}}