{"id":9461755,"date":"2024-05-29T19:46:54","date_gmt":"2024-05-29T19:46:54","guid":{"rendered":"https:\/\/tpohotelariaecasa.pt\/index.php\/product\/heavy-duty-armario-de-cozinha-unidade-dupla-70-cm-de-profundidade-incl-portas\/"},"modified":"2025-04-03T09:09:37","modified_gmt":"2025-04-03T09:09:37","slug":"heavy-duty-armario-de-cozinha-unidade-dupla-70-cm-de-profundidade-incl-portas","status":"publish","type":"product","link":"https:\/\/tpohotelariaecasa.pt\/index.php\/product\/heavy-duty-armario-de-cozinha-unidade-dupla-70-cm-de-profundidade-incl-portas\/","title":{"rendered":"Heavy Duty Arm\u00e1rio de Cozinha &#8211; Unidade Dupla &#8211; 70 cm de Profundidade &#8211; incl. Portas"},"content":{"rendered":"<ul>\n<li>Grande compartimento da base para armazenamento de tachos, panelas, etc.<\/li>\n<li>Portas de duas camadas com puxadores ergon\u00f3micos<\/li>\n<li>Fechadura magn\u00e9tica para manter as portas fechadas<\/li>\n<li>Mecanismo de liga\u00e7\u00e3o f\u00e1cil com outros 700 componentes da s\u00e9rie<\/li>\n<li>Pernas robustas para estabilidade<\/li>\n<li>Tamb\u00e9m dispon\u00edvel em vers\u00e3o \u00fanica (40 x 70 cm)<\/li>\n<li>Dimens\u00f5es: W800 x D630 x H570 mm<\/li>\n<li>Peso l\u00edquido: 22 kg<\/li>\n<\/ul>\n","protected":false},"excerpt":{"rendered":"<p>Este suporte \u00e9 feito de a\u00e7o inoxid\u00e1vel e \u00e9 ideal para colocar debaixo de um dos aparelhos de cozinha da s\u00e9rie 700 da linha de cozedura. Com este suporte numa linha de cozedura, cria-se uma cozinha ordenada e eficiente consulte Mais informa\u00e7\u00e3o<\/p>\n","protected":false},"featured_media":9461754,"comment_status":"open","ping_status":"closed","template":"","meta":[],"product_cat":[755],"product_tag":[],"class_list":["post-9461755","product","type-product","status-publish","has-post-thumbnail","hentry","product_cat-estantes-armarios-prateleiras","product_shipping_class-pph"],"_links":{"self":[{"href":"https:\/\/tpohotelariaecasa.pt\/index.php\/wp-json\/wp\/v2\/product\/9461755"}],"collection":[{"href":"https:\/\/tpohotelariaecasa.pt\/index.php\/wp-json\/wp\/v2\/product"}],"about":[{"href":"https:\/\/tpohotelariaecasa.pt\/index.php\/wp-json\/wp\/v2\/types\/product"}],"replies":[{"embeddable":true,"href":"https:\/\/tpohotelariaecasa.pt\/index.php\/wp-json\/wp\/v2\/comments?post=9461755"}],"wp:featuredmedia":[{"embeddable":true,"href":"https:\/\/tpohotelariaecasa.pt\/index.php\/wp-json\/wp\/v2\/media\/9461754"}],"wp:attachment":[{"href":"https:\/\/tpohotelariaecasa.pt\/index.php\/wp-json\/wp\/v2\/media?parent=9461755"}],"wp:term":[{"taxonomy":"product_cat","embeddable":true,"href":"https:\/\/tpohotelariaecasa.pt\/index.php\/wp-json\/wp\/v2\/product_cat?post=9461755"},{"taxonomy":"product_tag","embeddable":true,"href":"https:\/\/tpohotelariaecasa.pt\/index.php\/wp-json\/wp\/v2\/product_tag?post=9461755"}],"curies":[{"name":"wp","href":"https:\/\/api.w.org\/{rel}","templated":true}]}}