{"id":9461907,"date":"2024-06-03T09:24:55","date_gmt":"2024-06-03T09:24:55","guid":{"rendered":"https:\/\/tpohotelariaecasa.pt\/index.php\/product\/premium-superficie-de-trabalho-unidade-simples-90-cm-de-profundidade\/"},"modified":"2025-04-03T09:10:09","modified_gmt":"2025-04-03T09:10:09","slug":"premium-superficie-de-trabalho-unidade-simples-90-cm-de-profundidade","status":"publish","type":"product","link":"https:\/\/tpohotelariaecasa.pt\/index.php\/product\/premium-superficie-de-trabalho-unidade-simples-90-cm-de-profundidade\/","title":{"rendered":"Premium Superf\u00edcie de Trabalho &#8211; Unidade Simples &#8211; 90 cm de Profundidade"},"content":{"rendered":"<p><strong>Especifica\u00e7\u00f5es do produto<\/strong><\/p>\n<ul>\n<li>Peso l\u00edquido: 15kg<\/li>\n<li>Dimens\u00f5es do dispositivo: L40 x D90 x H28cm<\/li>\n<\/ul>\n","protected":false},"excerpt":{"rendered":"<p>Esta bela superf\u00edcie de trabalho em a\u00e7o inoxid\u00e1vel \u00e9 uma extens\u00e3o perfeita da s\u00e9rie Cooking Range 900 da Maxima. Pode facilmente combin\u00e1-la com qualquer uma das bases desta gama. consulte Mais informa\u00e7\u00e3o<\/p>\n","protected":false},"featured_media":9461906,"comment_status":"open","ping_status":"closed","template":"","meta":[],"product_cat":[103],"product_tag":[],"class_list":["post-9461907","product","type-product","status-publish","has-post-thumbnail","hentry","product_cat-bancada-de-trabalho","product_shipping_class-pph"],"_links":{"self":[{"href":"https:\/\/tpohotelariaecasa.pt\/index.php\/wp-json\/wp\/v2\/product\/9461907"}],"collection":[{"href":"https:\/\/tpohotelariaecasa.pt\/index.php\/wp-json\/wp\/v2\/product"}],"about":[{"href":"https:\/\/tpohotelariaecasa.pt\/index.php\/wp-json\/wp\/v2\/types\/product"}],"replies":[{"embeddable":true,"href":"https:\/\/tpohotelariaecasa.pt\/index.php\/wp-json\/wp\/v2\/comments?post=9461907"}],"wp:featuredmedia":[{"embeddable":true,"href":"https:\/\/tpohotelariaecasa.pt\/index.php\/wp-json\/wp\/v2\/media\/9461906"}],"wp:attachment":[{"href":"https:\/\/tpohotelariaecasa.pt\/index.php\/wp-json\/wp\/v2\/media?parent=9461907"}],"wp:term":[{"taxonomy":"product_cat","embeddable":true,"href":"https:\/\/tpohotelariaecasa.pt\/index.php\/wp-json\/wp\/v2\/product_cat?post=9461907"},{"taxonomy":"product_tag","embeddable":true,"href":"https:\/\/tpohotelariaecasa.pt\/index.php\/wp-json\/wp\/v2\/product_tag?post=9461907"}],"curies":[{"name":"wp","href":"https:\/\/api.w.org\/{rel}","templated":true}]}}