{"id":9461909,"date":"2024-06-03T09:24:56","date_gmt":"2024-06-03T09:24:56","guid":{"rendered":"https:\/\/tpohotelariaecasa.pt\/index.php\/product\/premium-armario-de-cozinha-unidade-unica-90-cm-de-profundidade-incl-portas\/"},"modified":"2025-04-03T09:09:45","modified_gmt":"2025-04-03T09:09:45","slug":"premium-armario-de-cozinha-unidade-unica-90-cm-de-profundidade-incl-portas","status":"publish","type":"product","link":"https:\/\/tpohotelariaecasa.pt\/index.php\/product\/premium-armario-de-cozinha-unidade-unica-90-cm-de-profundidade-incl-portas\/","title":{"rendered":"Premium Arm\u00e1rio de Cozinha &#8211; Unidade Unica &#8211; 90 cm de Profundidade &#8211; incl. Portas"},"content":{"rendered":"<p>Especifica\u00e7\u00f5es do produto<\/p>\n<ul>\n<li>Peso l\u00edquido: 15 kg<\/li>\n<li>Arm\u00e1rio das dimens\u00f5es: L400 x D791 x H570 mm<\/li>\n<\/ul>\n<ul>\n<li>Peso l\u00edquido: 15kg<\/li>\n<li>Dimens\u00f5es do trem de aterragem: L40 x D79,1 x H57cm<\/li>\n<\/ul>\n","protected":false},"excerpt":{"rendered":"<p>Este suporte em a\u00e7o inoxid\u00e1vel \u00e9 adequado para aparelhos da s\u00e9rie 900 Cooking Line. Tal como o resto da gama, \u00e9 fabricado para uma utiliza\u00e7\u00e3o di\u00e1ria intensiva. Pode ser combinado com fog\u00f5es ou grelhadores para garantir que se trabalha sempre \u00e0 altura certa. consulte Mais informa\u00e7\u00e3o<\/p>\n","protected":false},"featured_media":9461908,"comment_status":"open","ping_status":"closed","template":"","meta":[],"product_cat":[755],"product_tag":[],"class_list":["post-9461909","product","type-product","status-publish","has-post-thumbnail","hentry","product_cat-estantes-armarios-prateleiras","product_shipping_class-pph"],"_links":{"self":[{"href":"https:\/\/tpohotelariaecasa.pt\/index.php\/wp-json\/wp\/v2\/product\/9461909"}],"collection":[{"href":"https:\/\/tpohotelariaecasa.pt\/index.php\/wp-json\/wp\/v2\/product"}],"about":[{"href":"https:\/\/tpohotelariaecasa.pt\/index.php\/wp-json\/wp\/v2\/types\/product"}],"replies":[{"embeddable":true,"href":"https:\/\/tpohotelariaecasa.pt\/index.php\/wp-json\/wp\/v2\/comments?post=9461909"}],"wp:featuredmedia":[{"embeddable":true,"href":"https:\/\/tpohotelariaecasa.pt\/index.php\/wp-json\/wp\/v2\/media\/9461908"}],"wp:attachment":[{"href":"https:\/\/tpohotelariaecasa.pt\/index.php\/wp-json\/wp\/v2\/media?parent=9461909"}],"wp:term":[{"taxonomy":"product_cat","embeddable":true,"href":"https:\/\/tpohotelariaecasa.pt\/index.php\/wp-json\/wp\/v2\/product_cat?post=9461909"},{"taxonomy":"product_tag","embeddable":true,"href":"https:\/\/tpohotelariaecasa.pt\/index.php\/wp-json\/wp\/v2\/product_tag?post=9461909"}],"curies":[{"name":"wp","href":"https:\/\/api.w.org\/{rel}","templated":true}]}}