{"id":9461911,"date":"2024-06-03T09:24:57","date_gmt":"2024-06-03T09:24:57","guid":{"rendered":"https:\/\/tpohotelariaecasa.pt\/index.php\/product\/premium-armario-de-cozinha-unidade-dupla-90-cm-de-profundidade-incl-portas\/"},"modified":"2025-04-03T09:09:37","modified_gmt":"2025-04-03T09:09:37","slug":"premium-armario-de-cozinha-unidade-dupla-90-cm-de-profundidade-incl-portas","status":"publish","type":"product","link":"https:\/\/tpohotelariaecasa.pt\/index.php\/product\/premium-armario-de-cozinha-unidade-dupla-90-cm-de-profundidade-incl-portas\/","title":{"rendered":"Premium Arm\u00e1rio de Cozinha &#8211; Unidade Dupla &#8211; 90 cm de Profundidade &#8211; incl. Portas"},"content":{"rendered":"<p><strong>Especifica\u00e7\u00f5es do produto<\/strong><\/p>\n<ul>\n<li>Peso l\u00edquido: 22,5kg<\/li>\n<li>Dimens\u00f5es do chassi: L80 x D79,1 x H57cm<\/li>\n<\/ul>\n","protected":false},"excerpt":{"rendered":"<p>Esta base em a\u00e7o inoxid\u00e1vel \u00e9 adequada para todos os aparelhos de cozinha da linha de cozedura Cooking Range 900 da Maxima. \u00c9 perfeita para colocar aparelhos de cozinha pesados para que estejam na altura ideal de trabalho. Tamb\u00e9m oferece bastante espa\u00e7o de armazenamento por baixo, para que os seus utens\u00edlios estejam sempre \u00e0 m\u00e3o. consulte Mais informa\u00e7\u00e3o<\/p>\n","protected":false},"featured_media":9461910,"comment_status":"open","ping_status":"closed","template":"","meta":[],"product_cat":[755],"product_tag":[],"class_list":["post-9461911","product","type-product","status-publish","has-post-thumbnail","hentry","product_cat-estantes-armarios-prateleiras","product_shipping_class-pph"],"_links":{"self":[{"href":"https:\/\/tpohotelariaecasa.pt\/index.php\/wp-json\/wp\/v2\/product\/9461911"}],"collection":[{"href":"https:\/\/tpohotelariaecasa.pt\/index.php\/wp-json\/wp\/v2\/product"}],"about":[{"href":"https:\/\/tpohotelariaecasa.pt\/index.php\/wp-json\/wp\/v2\/types\/product"}],"replies":[{"embeddable":true,"href":"https:\/\/tpohotelariaecasa.pt\/index.php\/wp-json\/wp\/v2\/comments?post=9461911"}],"wp:featuredmedia":[{"embeddable":true,"href":"https:\/\/tpohotelariaecasa.pt\/index.php\/wp-json\/wp\/v2\/media\/9461910"}],"wp:attachment":[{"href":"https:\/\/tpohotelariaecasa.pt\/index.php\/wp-json\/wp\/v2\/media?parent=9461911"}],"wp:term":[{"taxonomy":"product_cat","embeddable":true,"href":"https:\/\/tpohotelariaecasa.pt\/index.php\/wp-json\/wp\/v2\/product_cat?post=9461911"},{"taxonomy":"product_tag","embeddable":true,"href":"https:\/\/tpohotelariaecasa.pt\/index.php\/wp-json\/wp\/v2\/product_tag?post=9461911"}],"curies":[{"name":"wp","href":"https:\/\/api.w.org\/{rel}","templated":true}]}}