{"id":9461915,"date":"2024-06-03T09:25:00","date_gmt":"2024-06-03T09:25:00","guid":{"rendered":"https:\/\/tpohotelariaecasa.pt\/index.php\/product\/placa-de-aquecimento-max-105c-615-x-363-cm-15-kg\/"},"modified":"2025-04-03T09:09:52","modified_gmt":"2025-04-03T09:09:52","slug":"placa-de-aquecimento-max-105c-615-x-363-cm-15-kg","status":"publish","type":"product","link":"https:\/\/tpohotelariaecasa.pt\/index.php\/product\/placa-de-aquecimento-max-105c-615-x-363-cm-15-kg\/","title":{"rendered":"Placa de Aquecimento &#8211; Max 105\u00b0C &#8211; 61,5 x 36,3 cm &#8211; 15 kg"},"content":{"rendered":"<p>Especifica\u00e7\u00f5es do produto<\/p>\n<ul>\n<li>Gama de temperaturas 60\u00b0C a 105\u00b0C<\/li>\n<li>Peso l\u00edquido 5,9 kg<\/li>\n<li>Peso m\u00e1ximo 15 kg<\/li>\n<li>Dimens\u00f5es do aparelho: B615 x D363 x H52 mm<\/li>\n<li>230V\/50Hz\/1Fase 250 Watt<\/li>\n<\/ul>\n","protected":false},"excerpt":{"rendered":"<p>Este prato quente independente \u00e9 ideal para qualquer cozinha de restaura\u00e7\u00e3o: como reserva, capacidade extra, ou para utiliza\u00e7\u00e3o no local. Oferece uma placa de cozinha de alta qualidade com tampa de vidro, carca\u00e7a em a\u00e7o inoxid\u00e1vel e f\u00e1cil opera\u00e7\u00e3o. consulte Mais informa\u00e7\u00e3o<\/p>\n","protected":false},"featured_media":9461914,"comment_status":"open","ping_status":"closed","template":"","meta":[],"product_cat":[140,135],"product_tag":[],"class_list":["post-9461915","product","type-product","status-publish","has-post-thumbnail","hentry","product_cat-cozedura-aquecimento","product_cat-lmpadas-de-aquecimento","product_shipping_class-pph"],"_links":{"self":[{"href":"https:\/\/tpohotelariaecasa.pt\/index.php\/wp-json\/wp\/v2\/product\/9461915"}],"collection":[{"href":"https:\/\/tpohotelariaecasa.pt\/index.php\/wp-json\/wp\/v2\/product"}],"about":[{"href":"https:\/\/tpohotelariaecasa.pt\/index.php\/wp-json\/wp\/v2\/types\/product"}],"replies":[{"embeddable":true,"href":"https:\/\/tpohotelariaecasa.pt\/index.php\/wp-json\/wp\/v2\/comments?post=9461915"}],"wp:featuredmedia":[{"embeddable":true,"href":"https:\/\/tpohotelariaecasa.pt\/index.php\/wp-json\/wp\/v2\/media\/9461914"}],"wp:attachment":[{"href":"https:\/\/tpohotelariaecasa.pt\/index.php\/wp-json\/wp\/v2\/media?parent=9461915"}],"wp:term":[{"taxonomy":"product_cat","embeddable":true,"href":"https:\/\/tpohotelariaecasa.pt\/index.php\/wp-json\/wp\/v2\/product_cat?post=9461915"},{"taxonomy":"product_tag","embeddable":true,"href":"https:\/\/tpohotelariaecasa.pt\/index.php\/wp-json\/wp\/v2\/product_tag?post=9461915"}],"curies":[{"name":"wp","href":"https:\/\/api.w.org\/{rel}","templated":true}]}}