{"id":9461917,"date":"2024-06-03T09:25:01","date_gmt":"2024-06-03T09:25:01","guid":{"rendered":"https:\/\/tpohotelariaecasa.pt\/index.php\/product\/misturador-espiral-130-l-80-kg-de-massa-2-velocidades-400v\/"},"modified":"2025-04-03T09:10:08","modified_gmt":"2025-04-03T09:10:08","slug":"misturador-espiral-130-l-80-kg-de-massa-2-velocidades-400v","status":"publish","type":"product","link":"https:\/\/tpohotelariaecasa.pt\/index.php\/product\/misturador-espiral-130-l-80-kg-de-massa-2-velocidades-400v\/","title":{"rendered":"Misturador Espiral &#8211; 130 l &#8211; 80 kg de Massa &#8211; 2 Velocidades &#8211; 400V"},"content":{"rendered":"<p><strong>Especifica\u00e7\u00f5es do produto:<\/strong><\/p>\n<ul>\n<li>Peso l\u00edquido: 404 kg<\/li>\n<li>Capacidade: 130L<\/li>\n<li>Dimens\u00f5es: B68,2 x D111,2 x H136,4cm<\/li>\n<li>Dimens\u00f5es da ta\u00e7a de mistura: \u00f8 70 x 36 (h) cm<\/li>\n<li>Velocidades da espiral: 126 e 252RPM<\/li>\n<li>Velocidade da ta\u00e7a de mistura: 17RPM<\/li>\n<li>400V\/50Hz\/3Phase 4500W<\/li>\n<\/ul>\n<p><strong>Capacidade de produ\u00e7\u00e3o:<\/strong><\/p>\n<ul>\n<li>Quantidade m\u00e1xima de farinha: 50kg<\/li>\n<li>Quantidade m\u00e1xima de massa: 80kg<\/li>\n<li>Quantidade m\u00ednima de massa: 30kg<\/li>\n<\/ul>\n<p><strong>Nota:<\/strong>\u00a0A ta\u00e7a de mistura \u00e9 fixa e n\u00e3o pode ser retirada.<\/p>\n","protected":false},"excerpt":{"rendered":"<p>Com uma capacidade de 130 L, esta robusta amassadeira \u00e9 ideal at\u00e9 para os trabalhos de amassar mais exigentes. Pode criar facilmente massa para p\u00e3o ou pizza at\u00e9 um m\u00e1ximo de 80 kg. consulte Mais informa\u00e7\u00e3o<\/p>\n","protected":false},"featured_media":9461916,"comment_status":"open","ping_status":"closed","template":"","meta":[],"product_cat":[117],"product_tag":[],"class_list":["post-9461917","product","type-product","status-publish","has-post-thumbnail","hentry","product_cat-amassadeiras","product_shipping_class-gph"],"_links":{"self":[{"href":"https:\/\/tpohotelariaecasa.pt\/index.php\/wp-json\/wp\/v2\/product\/9461917"}],"collection":[{"href":"https:\/\/tpohotelariaecasa.pt\/index.php\/wp-json\/wp\/v2\/product"}],"about":[{"href":"https:\/\/tpohotelariaecasa.pt\/index.php\/wp-json\/wp\/v2\/types\/product"}],"replies":[{"embeddable":true,"href":"https:\/\/tpohotelariaecasa.pt\/index.php\/wp-json\/wp\/v2\/comments?post=9461917"}],"wp:featuredmedia":[{"embeddable":true,"href":"https:\/\/tpohotelariaecasa.pt\/index.php\/wp-json\/wp\/v2\/media\/9461916"}],"wp:attachment":[{"href":"https:\/\/tpohotelariaecasa.pt\/index.php\/wp-json\/wp\/v2\/media?parent=9461917"}],"wp:term":[{"taxonomy":"product_cat","embeddable":true,"href":"https:\/\/tpohotelariaecasa.pt\/index.php\/wp-json\/wp\/v2\/product_cat?post=9461917"},{"taxonomy":"product_tag","embeddable":true,"href":"https:\/\/tpohotelariaecasa.pt\/index.php\/wp-json\/wp\/v2\/product_tag?post=9461917"}],"curies":[{"name":"wp","href":"https:\/\/api.w.org\/{rel}","templated":true}]}}