{"id":9461919,"date":"2024-06-03T09:25:03","date_gmt":"2024-06-03T09:25:03","guid":{"rendered":"https:\/\/tpohotelariaecasa.pt\/index.php\/product\/mesa-para-maquina-de-lavar-loica-120-x-75-cm-esquerda-com-lava-loica-e-prateleira-de-arrumacao\/"},"modified":"2025-04-03T09:10:08","modified_gmt":"2025-04-03T09:10:08","slug":"mesa-para-maquina-de-lavar-loica-120-x-75-cm-esquerda-com-lava-loica-e-prateleira-de-arrumacao","status":"publish","type":"product","link":"https:\/\/tpohotelariaecasa.pt\/index.php\/product\/mesa-para-maquina-de-lavar-loica-120-x-75-cm-esquerda-com-lava-loica-e-prateleira-de-arrumacao\/","title":{"rendered":"Mesa para M\u00e1quina de Lavar Loi\u00e7a &#8211; 120 x 75 cm &#8211; Esquerda &#8211; com Lava-Loi\u00e7a e Prateleira de Arruma\u00e7\u00e3o"},"content":{"rendered":"<ul>\n<li>conveniente paragem de \u00e1gua \/ borda elevada na lateral e nas costas<\/li>\n<li>desenho robusto em a\u00e7o inoxid\u00e1vel<\/li>\n<li>prateleira \/ prateleira inferior para armazenamento (cestos e detergente)<\/li>\n<li>liga\u00e7\u00e3o f\u00e1cil com a m\u00e1quina de lavar lou\u00e7a de passthrough<\/li>\n<\/ul>\n<p><strong>Especifica\u00e7\u00f5es do produto:<\/strong><\/p>\n<ul>\n<li>Dimens\u00f5es do afundamento: L500 x D500 x H300 mm<\/li>\n<li>Dimens\u00f5es da mesa de enxaguamento: L1200 x D750 x H870 mm<\/li>\n<\/ul>\n","protected":false},"excerpt":{"rendered":"<p>Este robusto lavat\u00f3rio \u00e9 feito de a\u00e7o inoxid\u00e1vel e facilmente combinado com uma m\u00e1quina de lavar loi\u00e7a Maxima VN-2000. consulte Mais informa\u00e7\u00e3o<\/p>\n","protected":false},"featured_media":9461918,"comment_status":"open","ping_status":"closed","template":"","meta":[],"product_cat":[111],"product_tag":[],"class_list":["post-9461919","product","type-product","status-publish","has-post-thumbnail","hentry","product_cat-mquinas-de-lavar-loua","product_shipping_class-gph"],"_links":{"self":[{"href":"https:\/\/tpohotelariaecasa.pt\/index.php\/wp-json\/wp\/v2\/product\/9461919"}],"collection":[{"href":"https:\/\/tpohotelariaecasa.pt\/index.php\/wp-json\/wp\/v2\/product"}],"about":[{"href":"https:\/\/tpohotelariaecasa.pt\/index.php\/wp-json\/wp\/v2\/types\/product"}],"replies":[{"embeddable":true,"href":"https:\/\/tpohotelariaecasa.pt\/index.php\/wp-json\/wp\/v2\/comments?post=9461919"}],"wp:featuredmedia":[{"embeddable":true,"href":"https:\/\/tpohotelariaecasa.pt\/index.php\/wp-json\/wp\/v2\/media\/9461918"}],"wp:attachment":[{"href":"https:\/\/tpohotelariaecasa.pt\/index.php\/wp-json\/wp\/v2\/media?parent=9461919"}],"wp:term":[{"taxonomy":"product_cat","embeddable":true,"href":"https:\/\/tpohotelariaecasa.pt\/index.php\/wp-json\/wp\/v2\/product_cat?post=9461919"},{"taxonomy":"product_tag","embeddable":true,"href":"https:\/\/tpohotelariaecasa.pt\/index.php\/wp-json\/wp\/v2\/product_tag?post=9461919"}],"curies":[{"name":"wp","href":"https:\/\/api.w.org\/{rel}","templated":true}]}}