{"id":9461925,"date":"2024-06-03T09:25:07","date_gmt":"2024-06-03T09:25:07","guid":{"rendered":"https:\/\/tpohotelariaecasa.pt\/index.php\/product\/mesa-para-maquina-de-lavar-loica-140-x-70-cm-com-lava-loica-e-painel-traseiro-incl-prateleira-de-arrumacao\/"},"modified":"2025-04-03T09:10:08","modified_gmt":"2025-04-03T09:10:08","slug":"mesa-para-maquina-de-lavar-loica-140-x-70-cm-com-lava-loica-e-painel-traseiro-incl-prateleira-de-arrumacao","status":"publish","type":"product","link":"https:\/\/tpohotelariaecasa.pt\/index.php\/product\/mesa-para-maquina-de-lavar-loica-140-x-70-cm-com-lava-loica-e-painel-traseiro-incl-prateleira-de-arrumacao\/","title":{"rendered":"Mesa para M\u00e1quina de Lavar Loi\u00e7a &#8211; 140 x 70 cm &#8211; com Lava-Loi\u00e7a e Painel Traseiro &#8211; incl. Prateleira de Arruma\u00e7\u00e3o"},"content":{"rendered":"<p>Caracter\u00edsticas da mesa para m\u00e1quina de lavar lou\u00e7a com lava-loi\u00e7a:<\/p>\n<ul>\n<li>Mesa de lavagem est\u00e1vel e robusta<\/li>\n<li>Equipada com uma prote\u00e7\u00e3o contra salpicos de 6 cm<\/li>\n<li>Acabamento perfeito, sem arestas vivas<\/li>\n<li>Barreira de \u00e1gua pr\u00e1tica<\/li>\n<li>Duas sec\u00e7\u00f5es de drenagem com ranhuras<\/li>\n<li>Uma prateleira para guardar artigos de limpeza<\/li>\n<li>P\u00e9s quadrados ajust\u00e1veis em a\u00e7o inoxid\u00e1vel de 4 x 4 cm<\/li>\n<li>Limpeza f\u00e1cil<\/li>\n<\/ul>\n<p>Especifica\u00e7\u00f5es do produto<\/p>\n<ul>\n<li>Peso l\u00edquido: 41 kg<\/li>\n<li>Dimens\u00f5es do lava-loi\u00e7a: L50 x P50 x A30cm<\/li>\n<li>Dimens\u00f5es do produto: L140 x P70 x A85cm<\/li>\n<\/ul>\n","protected":false},"excerpt":{"rendered":"<p>As mesas para m\u00e1quinas de lavar loi\u00e7a s\u00e3o normalmente feitas de a\u00e7o inoxid\u00e1vel, que \u00e9 dur\u00e1vel e f\u00e1cil de limpar. Eliminam grande parte da confus\u00e3o e do trabalho manual de lavar a loi\u00e7a e ajudam a manter uma cozinha limpa e arrumada. consulte Mais informa\u00e7\u00e3o<\/p>\n","protected":false},"featured_media":9461924,"comment_status":"open","ping_status":"closed","template":"","meta":[],"product_cat":[111],"product_tag":[],"class_list":["post-9461925","product","type-product","status-publish","has-post-thumbnail","hentry","product_cat-mquinas-de-lavar-loua","product_shipping_class-gph"],"_links":{"self":[{"href":"https:\/\/tpohotelariaecasa.pt\/index.php\/wp-json\/wp\/v2\/product\/9461925"}],"collection":[{"href":"https:\/\/tpohotelariaecasa.pt\/index.php\/wp-json\/wp\/v2\/product"}],"about":[{"href":"https:\/\/tpohotelariaecasa.pt\/index.php\/wp-json\/wp\/v2\/types\/product"}],"replies":[{"embeddable":true,"href":"https:\/\/tpohotelariaecasa.pt\/index.php\/wp-json\/wp\/v2\/comments?post=9461925"}],"wp:featuredmedia":[{"embeddable":true,"href":"https:\/\/tpohotelariaecasa.pt\/index.php\/wp-json\/wp\/v2\/media\/9461924"}],"wp:attachment":[{"href":"https:\/\/tpohotelariaecasa.pt\/index.php\/wp-json\/wp\/v2\/media?parent=9461925"}],"wp:term":[{"taxonomy":"product_cat","embeddable":true,"href":"https:\/\/tpohotelariaecasa.pt\/index.php\/wp-json\/wp\/v2\/product_cat?post=9461925"},{"taxonomy":"product_tag","embeddable":true,"href":"https:\/\/tpohotelariaecasa.pt\/index.php\/wp-json\/wp\/v2\/product_tag?post=9461925"}],"curies":[{"name":"wp","href":"https:\/\/api.w.org\/{rel}","templated":true}]}}