{"id":9461927,"date":"2024-06-03T09:25:08","date_gmt":"2024-06-03T09:25:08","guid":{"rendered":"https:\/\/tpohotelariaecasa.pt\/index.php\/product\/mesa-para-maquina-de-lavar-loica-150-x-70-cm-com-2-lava-loicas-e-painel-traseiro\/"},"modified":"2025-04-03T09:10:08","modified_gmt":"2025-04-03T09:10:08","slug":"mesa-para-maquina-de-lavar-loica-150-x-70-cm-com-2-lava-loicas-e-painel-traseiro","status":"publish","type":"product","link":"https:\/\/tpohotelariaecasa.pt\/index.php\/product\/mesa-para-maquina-de-lavar-loica-150-x-70-cm-com-2-lava-loicas-e-painel-traseiro\/","title":{"rendered":"Mesa para M\u00e1quina de Lavar Loi\u00e7a &#8211; 150 x 70 cm &#8211; com 2 Lava-Loi\u00e7as e Painel Traseiro"},"content":{"rendered":"<p>Caracter\u00edsticas da mesa lavadora de lou\u00e7a com lava-lou\u00e7a:<\/p>\n<ul>\n<li>Mesa de lavagem est\u00e1vel e robusta<\/li>\n<li>Equipado com um protector de 6cm de salpicos<\/li>\n<li>Acabamento perfeito, sem arestas vivas<\/li>\n<li>Barreira de \u00e1gua \u00fatil<\/li>\n<li>Duas sec\u00e7\u00f5es de drenagem ranhuradas<\/li>\n<li>P\u00e9s quadrados ajust\u00e1veis em a\u00e7o inoxid\u00e1vel 4 x 4cm<\/li>\n<li>Limpeza f\u00e1cil<\/li>\n<\/ul>\n<p><strong>Especifica\u00e7\u00f5es do produto<\/strong><\/p>\n<ul>\n<li>Peso l\u00edquido: 42kg<\/li>\n<li>Dimens\u00f5es do afundamento: L40 x D50 x H25cm<\/li>\n<li>Dimens\u00f5es do produto: L150 x D70 x H85cm<\/li>\n<\/ul>\n","protected":false},"excerpt":{"rendered":"<p>As mesas de lavar loi\u00e7a s\u00e3o tipicamente feitas de a\u00e7o inoxid\u00e1vel, que \u00e9 ao mesmo tempo dur\u00e1vel e f\u00e1cil de limpar. Tiram grande parte da sujidade e do trabalho manual da loi\u00e7a e ajudam a manter uma cozinha limpa e arrumada. consulte Mais informa\u00e7\u00e3o<\/p>\n","protected":false},"featured_media":9461926,"comment_status":"open","ping_status":"closed","template":"","meta":[],"product_cat":[111],"product_tag":[],"class_list":["post-9461927","product","type-product","status-publish","has-post-thumbnail","hentry","product_cat-mquinas-de-lavar-loua","product_shipping_class-gph"],"_links":{"self":[{"href":"https:\/\/tpohotelariaecasa.pt\/index.php\/wp-json\/wp\/v2\/product\/9461927"}],"collection":[{"href":"https:\/\/tpohotelariaecasa.pt\/index.php\/wp-json\/wp\/v2\/product"}],"about":[{"href":"https:\/\/tpohotelariaecasa.pt\/index.php\/wp-json\/wp\/v2\/types\/product"}],"replies":[{"embeddable":true,"href":"https:\/\/tpohotelariaecasa.pt\/index.php\/wp-json\/wp\/v2\/comments?post=9461927"}],"wp:featuredmedia":[{"embeddable":true,"href":"https:\/\/tpohotelariaecasa.pt\/index.php\/wp-json\/wp\/v2\/media\/9461926"}],"wp:attachment":[{"href":"https:\/\/tpohotelariaecasa.pt\/index.php\/wp-json\/wp\/v2\/media?parent=9461927"}],"wp:term":[{"taxonomy":"product_cat","embeddable":true,"href":"https:\/\/tpohotelariaecasa.pt\/index.php\/wp-json\/wp\/v2\/product_cat?post=9461927"},{"taxonomy":"product_tag","embeddable":true,"href":"https:\/\/tpohotelariaecasa.pt\/index.php\/wp-json\/wp\/v2\/product_tag?post=9461927"}],"curies":[{"name":"wp","href":"https:\/\/api.w.org\/{rel}","templated":true}]}}