{"id":9461935,"date":"2024-06-03T09:25:13","date_gmt":"2024-06-03T09:25:13","guid":{"rendered":"https:\/\/tpohotelariaecasa.pt\/index.php\/product\/mesa-para-maquina-de-lavar-loica-200-x-70-cm-esquerda-com-2-lava-loicas-e-painel-traseiro-incl-prateleira-de-arrumacao\/"},"modified":"2025-04-03T09:10:08","modified_gmt":"2025-04-03T09:10:08","slug":"mesa-para-maquina-de-lavar-loica-200-x-70-cm-esquerda-com-2-lava-loicas-e-painel-traseiro-incl-prateleira-de-arrumacao","status":"publish","type":"product","link":"https:\/\/tpohotelariaecasa.pt\/index.php\/product\/mesa-para-maquina-de-lavar-loica-200-x-70-cm-esquerda-com-2-lava-loicas-e-painel-traseiro-incl-prateleira-de-arrumacao\/","title":{"rendered":"Mesa para M\u00e1quina de Lavar Loi\u00e7a &#8211; 200 x 70 cm &#8211; Esquerda &#8211; com 2 Lava-Loi\u00e7as e Painel Traseiro &#8211; incl. Prateleira de Arruma\u00e7\u00e3o"},"content":{"rendered":"<p><strong>Caracter\u00edsticas<\/strong><\/p>\n<ul>\n<li>Mesa de lavagem de lou\u00e7a em a\u00e7o inoxid\u00e1vel de alta qualidade<\/li>\n<li>Pode ser ligado a uma passagem atrav\u00e9s de uma m\u00e1quina de lavar lou\u00e7a ou chuveiro de pr\u00e9-lavagem<\/li>\n<li>Conveniente barreira da \u00e1gua na lateral e nas costas<\/li>\n<li>Fornecido numa embalagem plana<\/li>\n<li>F\u00e1cil de montar<\/li>\n<\/ul>\n<p><strong>Especifica\u00e7\u00f5es do produto<\/strong><\/p>\n<ul>\n<li>Dois lavat\u00f3rios \u00e0 esquerda da mesa<\/li>\n<li>Dimens\u00f5es do afundamento: L50 x D50 x H30cm<\/li>\n<li>Dimens\u00f5es do produto: L200 x D70 x H85cm<\/li>\n<\/ul>\n","protected":false},"excerpt":{"rendered":"<p>Esta robusta mesa de lavar loi\u00e7a com lavat\u00f3rio duplo \u00e9 feita de a\u00e7o inoxid\u00e1vel e \u00e9 adequada para uso profissional di\u00e1rio. \u00c9 f\u00e1cil de combinar com um chuveiro pr\u00e9-lavado e uma passagem pela m\u00e1quina de lavar loi\u00e7a da Maxima para ajudar a tornar o processo de limpeza mais eficiente e simplificado. consulte Mais informa\u00e7\u00e3o<\/p>\n","protected":false},"featured_media":9461934,"comment_status":"open","ping_status":"closed","template":"","meta":[],"product_cat":[111],"product_tag":[],"class_list":["post-9461935","product","type-product","status-publish","has-post-thumbnail","hentry","product_cat-mquinas-de-lavar-loua","product_shipping_class-gph"],"_links":{"self":[{"href":"https:\/\/tpohotelariaecasa.pt\/index.php\/wp-json\/wp\/v2\/product\/9461935"}],"collection":[{"href":"https:\/\/tpohotelariaecasa.pt\/index.php\/wp-json\/wp\/v2\/product"}],"about":[{"href":"https:\/\/tpohotelariaecasa.pt\/index.php\/wp-json\/wp\/v2\/types\/product"}],"replies":[{"embeddable":true,"href":"https:\/\/tpohotelariaecasa.pt\/index.php\/wp-json\/wp\/v2\/comments?post=9461935"}],"wp:featuredmedia":[{"embeddable":true,"href":"https:\/\/tpohotelariaecasa.pt\/index.php\/wp-json\/wp\/v2\/media\/9461934"}],"wp:attachment":[{"href":"https:\/\/tpohotelariaecasa.pt\/index.php\/wp-json\/wp\/v2\/media?parent=9461935"}],"wp:term":[{"taxonomy":"product_cat","embeddable":true,"href":"https:\/\/tpohotelariaecasa.pt\/index.php\/wp-json\/wp\/v2\/product_cat?post=9461935"},{"taxonomy":"product_tag","embeddable":true,"href":"https:\/\/tpohotelariaecasa.pt\/index.php\/wp-json\/wp\/v2\/product_tag?post=9461935"}],"curies":[{"name":"wp","href":"https:\/\/api.w.org\/{rel}","templated":true}]}}