{"id":9461937,"date":"2024-06-03T09:25:14","date_gmt":"2024-06-03T09:25:14","guid":{"rendered":"https:\/\/tpohotelariaecasa.pt\/index.php\/product\/heavy-duty-fogao-4-queimadores-unidade-dupla-70-cm-de-profundidade-37kw-gas-incl-forno\/"},"modified":"2025-04-03T09:10:08","modified_gmt":"2025-04-03T09:10:08","slug":"heavy-duty-fogao-4-queimadores-unidade-dupla-70-cm-de-profundidade-37kw-gas-incl-forno","status":"publish","type":"product","link":"https:\/\/tpohotelariaecasa.pt\/index.php\/product\/heavy-duty-fogao-4-queimadores-unidade-dupla-70-cm-de-profundidade-37kw-gas-incl-forno\/","title":{"rendered":"Heavy Duty Fog\u00e3o &#8211; 4 Queimadores &#8211; Unidade Dupla &#8211; 70 cm de Profundidade &#8211; 37kW &#8211; G\u00e1s incl Forno"},"content":{"rendered":"<p><strong>Especifica\u00e7\u00f5es do produto<\/strong><\/p>\n<ul>\n<li>Peso l\u00edquido: 100kg<\/li>\n<li>Dimens\u00f5es: L80 x D70 x H85cm<\/li>\n<li>Pot\u00eancia: 4 x 7,5kW<\/li>\n<li>Forno el\u00e9ctrico: 7,0kW<\/li>\n<li>Pot\u00eancia total: 37,0kW<\/li>\n<li>Injectores de g\u00e1s pr\u00e9-instalados: G25 &#8211; g\u00e1s natural<\/li>\n<li>Injectores de g\u00e1s adicionais: G30 &#8211; GPL (propano \/ butano)<\/li>\n<\/ul>\n","protected":false},"excerpt":{"rendered":"<p>A qualidade de topo e a facilidade de utiliza\u00e7\u00e3o juntam-se neste belo fog\u00e3o de quatro queimadores com forno. Tanto o fog\u00e3o como o forno funcionam a g\u00e1s. Tamb\u00e9m se adapta perfeitamente a uma linha de cozinha e \u00e9 adequado para uso intensivo di\u00e1rio numa cozinha profissional de restaura\u00e7\u00e3o. consulte Mais informa\u00e7\u00e3o<\/p>\n","protected":false},"featured_media":9461936,"comment_status":"open","ping_status":"closed","template":"","meta":[],"product_cat":[21,84],"product_tag":[],"class_list":["post-9461937","product","type-product","status-publish","has-post-thumbnail","hentry","product_cat-restauracao","product_cat-fogoesepanelas","product_shipping_class-gph"],"_links":{"self":[{"href":"https:\/\/tpohotelariaecasa.pt\/index.php\/wp-json\/wp\/v2\/product\/9461937"}],"collection":[{"href":"https:\/\/tpohotelariaecasa.pt\/index.php\/wp-json\/wp\/v2\/product"}],"about":[{"href":"https:\/\/tpohotelariaecasa.pt\/index.php\/wp-json\/wp\/v2\/types\/product"}],"replies":[{"embeddable":true,"href":"https:\/\/tpohotelariaecasa.pt\/index.php\/wp-json\/wp\/v2\/comments?post=9461937"}],"wp:featuredmedia":[{"embeddable":true,"href":"https:\/\/tpohotelariaecasa.pt\/index.php\/wp-json\/wp\/v2\/media\/9461936"}],"wp:attachment":[{"href":"https:\/\/tpohotelariaecasa.pt\/index.php\/wp-json\/wp\/v2\/media?parent=9461937"}],"wp:term":[{"taxonomy":"product_cat","embeddable":true,"href":"https:\/\/tpohotelariaecasa.pt\/index.php\/wp-json\/wp\/v2\/product_cat?post=9461937"},{"taxonomy":"product_tag","embeddable":true,"href":"https:\/\/tpohotelariaecasa.pt\/index.php\/wp-json\/wp\/v2\/product_tag?post=9461937"}],"curies":[{"name":"wp","href":"https:\/\/api.w.org\/{rel}","templated":true}]}}