{"id":9461947,"date":"2024-06-03T09:25:20","date_gmt":"2024-06-03T09:25:20","guid":{"rendered":"https:\/\/tpohotelariaecasa.pt\/index.php\/product\/batedeira-planetaria-7-l-ate-2-kg-de-massa-vermelho-framboesa\/"},"modified":"2025-04-03T09:09:43","modified_gmt":"2025-04-03T09:09:43","slug":"batedeira-planetaria-7-l-ate-2-kg-de-massa-vermelho-framboesa","status":"publish","type":"product","link":"https:\/\/tpohotelariaecasa.pt\/index.php\/product\/batedeira-planetaria-7-l-ate-2-kg-de-massa-vermelho-framboesa\/","title":{"rendered":"Batedeira Planet\u00e1ria &#8211; 7 l &#8211; At\u00e9 2 kg de Massa &#8211; Vermelho Framboesa"},"content":{"rendered":"<p><strong>Caracter\u00edsticas<\/strong><\/p>\n<ul>\n<li>Transmiss\u00e3o forte com engrenagens met\u00e1licas<\/li>\n<li>Cabe\u00e7a inclin\u00e1vel com bot\u00e3o de fixa\u00e7\u00e3o<\/li>\n<li>Interruptor de seguran\u00e7a na cabe\u00e7a da m\u00e1quina<\/li>\n<li>Prote\u00e7\u00e3o de pl\u00e1stico com abertura de enchimento<\/li>\n<li>Caixa de ferro fundido com revestimento resistente a riscos<\/li>\n<\/ul>\n<p><strong>Caracter\u00edsticas do produto<\/strong><\/p>\n<ul>\n<li>Peso l\u00edquido: 17 kg<\/li>\n<li>Dimens\u00f5es da unidade: L24 x P42,5 x A42,5cm<\/li>\n<li>Dimens\u00f5es da ta\u00e7a de mistura: \u00d8 22 x H21cm<\/li>\n<li>Pot\u00eancia: 230V \/ 50Hz \/ 1Phase 350W<\/li>\n<\/ul>\n<ul>\n<li>Cor: Vermelho framboesa<\/li>\n<\/ul>\n<p><strong>Produ\u00e7\u00e3o<\/strong><\/p>\n<ul>\n<li>Massa de pizza max. 2 kg de massa<\/li>\n<li>Massa de p\u00e3o m\u00e1x. 1,5 kg de massa<\/li>\n<li>Massa de p\u00e3o m\u00edn. 0,2 kg de massa<\/li>\n<\/ul>\n<p><em>Incluindo<\/em><\/p>\n<ul>\n<li><em>Ta\u00e7a de mistura de 6,5 L em a\u00e7o inoxid\u00e1vel<\/em><\/li>\n<li><em>Gancho para massa em a\u00e7o inoxid\u00e1vel<\/em><\/li>\n<li><em>Batedor plano em a\u00e7o inoxid\u00e1vel<\/em><\/li>\n<li><em>Batedor de ovos em a\u00e7o inoxid\u00e1vel<\/em><\/li>\n<\/ul>\n","protected":false},"excerpt":{"rendered":"<p>Esta elegante batedeira planet\u00e1ria possui um recipiente de mistura robusto de 6,5 litros em a\u00e7o inoxid\u00e1vel e oferece um desempenho silencioso, mas potente, tanto em casa como na cozinha profissional. Esta batedeira \u00e9 ideal para amassar, bater, mexer e misturar a qualquer velocidade. consulte Mais informa\u00e7\u00e3o<\/p>\n","protected":false},"featured_media":9461946,"comment_status":"open","ping_status":"closed","template":"","meta":[],"product_cat":[792,21,119],"product_tag":[],"class_list":["post-9461947","product","type-product","status-publish","has-post-thumbnail","hentry","product_cat-mais-vendidos","product_cat-restauracao","product_cat-batedeiras-planetrias","product_shipping_class-pph"],"_links":{"self":[{"href":"https:\/\/tpohotelariaecasa.pt\/index.php\/wp-json\/wp\/v2\/product\/9461947"}],"collection":[{"href":"https:\/\/tpohotelariaecasa.pt\/index.php\/wp-json\/wp\/v2\/product"}],"about":[{"href":"https:\/\/tpohotelariaecasa.pt\/index.php\/wp-json\/wp\/v2\/types\/product"}],"replies":[{"embeddable":true,"href":"https:\/\/tpohotelariaecasa.pt\/index.php\/wp-json\/wp\/v2\/comments?post=9461947"}],"wp:featuredmedia":[{"embeddable":true,"href":"https:\/\/tpohotelariaecasa.pt\/index.php\/wp-json\/wp\/v2\/media\/9461946"}],"wp:attachment":[{"href":"https:\/\/tpohotelariaecasa.pt\/index.php\/wp-json\/wp\/v2\/media?parent=9461947"}],"wp:term":[{"taxonomy":"product_cat","embeddable":true,"href":"https:\/\/tpohotelariaecasa.pt\/index.php\/wp-json\/wp\/v2\/product_cat?post=9461947"},{"taxonomy":"product_tag","embeddable":true,"href":"https:\/\/tpohotelariaecasa.pt\/index.php\/wp-json\/wp\/v2\/product_tag?post=9461947"}],"curies":[{"name":"wp","href":"https:\/\/api.w.org\/{rel}","templated":true}]}}