{"id":9461949,"date":"2024-06-03T09:25:21","date_gmt":"2024-06-03T09:25:21","guid":{"rendered":"https:\/\/tpohotelariaecasa.pt\/index.php\/product\/maquina-de-donuts-500-donuts-h-automatica-fritadeira-com-sistema-de-viragem\/"},"modified":"2025-04-03T09:10:08","modified_gmt":"2025-04-03T09:10:08","slug":"maquina-de-donuts-500-donuts-h-automatica-fritadeira-com-sistema-de-viragem","status":"publish","type":"product","link":"https:\/\/tpohotelariaecasa.pt\/index.php\/product\/maquina-de-donuts-500-donuts-h-automatica-fritadeira-com-sistema-de-viragem\/","title":{"rendered":"Maquina de Donuts &#8211; 500 Donuts\/h &#8211; Autom\u00e1tica &#8211; Fritadeira com Sistema de Viragem"},"content":{"rendered":"<ul>\n<li>Robusta e f\u00e1cil de utilizar<\/li>\n<li>Elevada produtividade: 500 pe\u00e7as por hora<\/li>\n<li>Fritadeira com sistema de rota\u00e7\u00e3o autom\u00e1tica<\/li>\n<li>Fritadeira com torneira<\/li>\n<li>Termostato vari\u00e1vel de 60 \u00b0 C a 200 \u00b0 C<\/li>\n<li>Luzes indicadoras de temperatura<\/li>\n<li>Equipada com temporizador<\/li>\n<li>Equipada com contador de donuts<\/li>\n<li>Apoia-se em p\u00e9s de borracha<\/li>\n<li>Constru\u00e7\u00e3o muito dur\u00e1vel<\/li>\n<li>Design higi\u00e9nico<\/li>\n<\/ul>\n<p>Especifica\u00e7\u00f5es do produto<\/p>\n<ul>\n<li>Peso l\u00edquido: 40 kg<\/li>\n<li>Capacidade da ta\u00e7a: 7L<\/li>\n<li>Capacidade de \u00f3leo: 13L<\/li>\n<li>Di\u00e2metro do donut: 3-5cm \/ 5-7cm \/ 7-10cm<\/li>\n<li>Dimens\u00f5es: L96,5 x P33 x A65cm<\/li>\n<li>Pot\u00eancia el\u00e9ctrica total: 3,0 kW<\/li>\n<li>Pot\u00eancia: 230V \/ 50Hz \/ 1Phase 3000W<\/li>\n<\/ul>\n","protected":false},"excerpt":{"rendered":"<p>Com esta m\u00e1quina autom\u00e1tica de fazer donuts, pode fazer at\u00e9 500 donuts por hora. A m\u00e1quina \u00e9 totalmente automatizada e adequada para alta produ\u00e7\u00e3o e utiliza\u00e7\u00e3o intensiva em padarias e estabelecimentos de restaura\u00e7\u00e3o. consulte Mais informa\u00e7\u00e3o<\/p>\n","protected":false},"featured_media":9461948,"comment_status":"open","ping_status":"closed","template":"","meta":[],"product_cat":[85],"product_tag":[],"class_list":["post-9461949","product","type-product","status-publish","has-post-thumbnail","hentry","product_cat-donuts","product_shipping_class-gph"],"_links":{"self":[{"href":"https:\/\/tpohotelariaecasa.pt\/index.php\/wp-json\/wp\/v2\/product\/9461949"}],"collection":[{"href":"https:\/\/tpohotelariaecasa.pt\/index.php\/wp-json\/wp\/v2\/product"}],"about":[{"href":"https:\/\/tpohotelariaecasa.pt\/index.php\/wp-json\/wp\/v2\/types\/product"}],"replies":[{"embeddable":true,"href":"https:\/\/tpohotelariaecasa.pt\/index.php\/wp-json\/wp\/v2\/comments?post=9461949"}],"wp:featuredmedia":[{"embeddable":true,"href":"https:\/\/tpohotelariaecasa.pt\/index.php\/wp-json\/wp\/v2\/media\/9461948"}],"wp:attachment":[{"href":"https:\/\/tpohotelariaecasa.pt\/index.php\/wp-json\/wp\/v2\/media?parent=9461949"}],"wp:term":[{"taxonomy":"product_cat","embeddable":true,"href":"https:\/\/tpohotelariaecasa.pt\/index.php\/wp-json\/wp\/v2\/product_cat?post=9461949"},{"taxonomy":"product_tag","embeddable":true,"href":"https:\/\/tpohotelariaecasa.pt\/index.php\/wp-json\/wp\/v2\/product_tag?post=9461949"}],"curies":[{"name":"wp","href":"https:\/\/api.w.org\/{rel}","templated":true}]}}