{"id":9461955,"date":"2024-06-03T09:25:25","date_gmt":"2024-06-03T09:25:25","guid":{"rendered":"https:\/\/tpohotelariaecasa.pt\/index.php\/product\/maquina-de-donuts-15-mini-donuts-o5-cm-com-temporizador-incorporado\/"},"modified":"2025-03-25T09:11:02","modified_gmt":"2025-03-25T09:11:02","slug":"maquina-de-donuts-15-mini-donuts-o5-cm-com-temporizador-incorporado","status":"publish","type":"product","link":"https:\/\/tpohotelariaecasa.pt\/index.php\/product\/maquina-de-donuts-15-mini-donuts-o5-cm-com-temporizador-incorporado\/","title":{"rendered":"Maquina de Donuts &#8211; 15 Mini Donuts &#8211; \u00d85 cm &#8211; com Temporizador Incorporado"},"content":{"rendered":"<ul>\n<li>Produ\u00e7\u00e3o r\u00e1pida de 15 donuts de cada vez<\/li>\n<li>Assadeira de alum\u00ednio com revestimento antiaderente<\/li>\n<li>Aquecido de ambos os lados<\/li>\n<li>Term\u00f3stato vari\u00e1vel de 50 \u00b0C a 300 \u00b0C<\/li>\n<li>Equipado com um temporizador<\/li>\n<li>Luz indicadora de temperatura<\/li>\n<li>Equipado com bandeja de gotejamento<\/li>\n<li>Punho robusto<\/li>\n<li>Fica em 4 p\u00e9s de a\u00e7o inoxid\u00e1vel<\/li>\n<li>Constru\u00e7\u00e3o muito dur\u00e1vel<\/li>\n<li>Desenho higi\u00e9nico<\/li>\n<\/ul>\n<p>Especifica\u00e7\u00f5es do produto<\/p>\n<ul>\n<li>Peso l\u00edquido: 12 kg<\/li>\n<li>Dimens\u00f5es donut: \u00d8 45 x 20 mm<\/li>\n<li>Dimens\u00f5es do dispositivo: W380 x D310 x H270 mm<\/li>\n<li>Pot\u00eancia el\u00e9ctrica total: 1,75 kW<\/li>\n<li>Pot\u00eancia: 230V \/ 50Hz \/ 1Fase 1750 Watt<\/li>\n<\/ul>\n","protected":false},"excerpt":{"rendered":"<p>Gra\u00e7as ao seu tamanho compacto, este mini donut maker pode ser utilizado em todo o lado: em pastelarias, caf\u00e9s, cantinas e restaurantes. Faz 15 deliciosos mini donuts. O exterior \u00e9 feito de a\u00e7o inoxid\u00e1vel e \u00e9 f\u00e1cil de limpar. consulte Mais informa\u00e7\u00e3o<\/p>\n","protected":false},"featured_media":9461954,"comment_status":"open","ping_status":"closed","template":"","meta":[],"product_cat":[792,85],"product_tag":[],"class_list":["post-9461955","product","type-product","status-publish","has-post-thumbnail","hentry","product_cat-mais-vendidos","product_cat-donuts","product_shipping_class-pph"],"_links":{"self":[{"href":"https:\/\/tpohotelariaecasa.pt\/index.php\/wp-json\/wp\/v2\/product\/9461955"}],"collection":[{"href":"https:\/\/tpohotelariaecasa.pt\/index.php\/wp-json\/wp\/v2\/product"}],"about":[{"href":"https:\/\/tpohotelariaecasa.pt\/index.php\/wp-json\/wp\/v2\/types\/product"}],"replies":[{"embeddable":true,"href":"https:\/\/tpohotelariaecasa.pt\/index.php\/wp-json\/wp\/v2\/comments?post=9461955"}],"wp:featuredmedia":[{"embeddable":true,"href":"https:\/\/tpohotelariaecasa.pt\/index.php\/wp-json\/wp\/v2\/media\/9461954"}],"wp:attachment":[{"href":"https:\/\/tpohotelariaecasa.pt\/index.php\/wp-json\/wp\/v2\/media?parent=9461955"}],"wp:term":[{"taxonomy":"product_cat","embeddable":true,"href":"https:\/\/tpohotelariaecasa.pt\/index.php\/wp-json\/wp\/v2\/product_cat?post=9461955"},{"taxonomy":"product_tag","embeddable":true,"href":"https:\/\/tpohotelariaecasa.pt\/index.php\/wp-json\/wp\/v2\/product_tag?post=9461955"}],"curies":[{"name":"wp","href":"https:\/\/api.w.org\/{rel}","templated":true}]}}