{"id":9461957,"date":"2024-06-03T09:25:26","date_gmt":"2024-06-03T09:25:26","guid":{"rendered":"https:\/\/tpohotelariaecasa.pt\/index.php\/product\/maquina-de-enchimento-de-churros-5-l-aco-inoxidavel-funcionamento-manual\/"},"modified":"2025-04-03T09:09:49","modified_gmt":"2025-04-03T09:09:49","slug":"maquina-de-enchimento-de-churros-5-l-aco-inoxidavel-funcionamento-manual","status":"publish","type":"product","link":"https:\/\/tpohotelariaecasa.pt\/index.php\/product\/maquina-de-enchimento-de-churros-5-l-aco-inoxidavel-funcionamento-manual\/","title":{"rendered":"M\u00e1quina de Enchimento de Churros &#8211; 5 l &#8211; A\u00e7o Inoxid\u00e1vel &#8211; Funcionamento Manual"},"content":{"rendered":"<p><strong>Caracter\u00edsticas<\/strong><\/p>\n<ul>\n<li>Feito inteiramente de a\u00e7o inoxid\u00e1vel<\/li>\n<li>As pe\u00e7as remov\u00edveis facilitam a limpeza<\/li>\n<li>Dispensador para 5L de enchimento<\/li>\n<li>Bocal fino para o enchimento preciso dos churros<\/li>\n<li>Fica sobre uma base robusta<\/li>\n<\/ul>\n<p><strong>Especifica\u00e7\u00f5es do produto<\/strong><\/p>\n<ul>\n<li>Peso l\u00edquido: 10kg<\/li>\n<li>Dimens\u00f5es do dispositivo: L17 x D53 x H57cm<\/li>\n<\/ul>\n","protected":false},"excerpt":{"rendered":"<p>Com este dispositivo de enchimento de churros accionado manualmente, pode dar aos seus churros os recheios mais saborosos de forma r\u00e1pida e f\u00e1cil. Este dispositivo de f\u00e1cil utiliza\u00e7\u00e3o permite-lhe expandir os seus churros para incluir os enchidos com molhos, cremes e compotas no seu menu de churros. consulte Mais informa\u00e7\u00e3o<\/p>\n","protected":false},"featured_media":9461956,"comment_status":"open","ping_status":"closed","template":"","meta":[],"product_cat":[92],"product_tag":[],"class_list":["post-9461957","product","type-product","status-publish","has-post-thumbnail","hentry","product_cat-mquina-de-churros","product_shipping_class-pph"],"_links":{"self":[{"href":"https:\/\/tpohotelariaecasa.pt\/index.php\/wp-json\/wp\/v2\/product\/9461957"}],"collection":[{"href":"https:\/\/tpohotelariaecasa.pt\/index.php\/wp-json\/wp\/v2\/product"}],"about":[{"href":"https:\/\/tpohotelariaecasa.pt\/index.php\/wp-json\/wp\/v2\/types\/product"}],"replies":[{"embeddable":true,"href":"https:\/\/tpohotelariaecasa.pt\/index.php\/wp-json\/wp\/v2\/comments?post=9461957"}],"wp:featuredmedia":[{"embeddable":true,"href":"https:\/\/tpohotelariaecasa.pt\/index.php\/wp-json\/wp\/v2\/media\/9461956"}],"wp:attachment":[{"href":"https:\/\/tpohotelariaecasa.pt\/index.php\/wp-json\/wp\/v2\/media?parent=9461957"}],"wp:term":[{"taxonomy":"product_cat","embeddable":true,"href":"https:\/\/tpohotelariaecasa.pt\/index.php\/wp-json\/wp\/v2\/product_cat?post=9461957"},{"taxonomy":"product_tag","embeddable":true,"href":"https:\/\/tpohotelariaecasa.pt\/index.php\/wp-json\/wp\/v2\/product_tag?post=9461957"}],"curies":[{"name":"wp","href":"https:\/\/api.w.org\/{rel}","templated":true}]}}