{"id":9461963,"date":"2024-06-03T09:25:29","date_gmt":"2024-06-03T09:25:29","guid":{"rendered":"https:\/\/tpohotelariaecasa.pt\/index.php\/product\/maquina-de-fazer-panquecas-9-panquecas-o75-cm-cada\/"},"modified":"2025-04-03T09:09:51","modified_gmt":"2025-04-03T09:09:51","slug":"maquina-de-fazer-panquecas-9-panquecas-o75-cm-cada","status":"publish","type":"product","link":"https:\/\/tpohotelariaecasa.pt\/index.php\/product\/maquina-de-fazer-panquecas-9-panquecas-o75-cm-cada\/","title":{"rendered":"M\u00e1quina de Fazer Panquecas &#8211; 9 Panquecas &#8211; \u00d87,5 cm Cada"},"content":{"rendered":"<ul>\n<li>Produ\u00e7\u00e3o r\u00e1pida de 9 panquecas americanas<\/li>\n<li>Assadeira de alum\u00ednio com revestimento antiaderente<\/li>\n<li>Term\u00f3stato vari\u00e1vel de 50 \u00b0C a 300 \u00b0C<\/li>\n<li>Equipado com um temporizador<\/li>\n<li>Luz indicadora de temperatura<\/li>\n<li>Punho robusto<\/li>\n<li>Equipado com bandeja de gotejamento<\/li>\n<li>Fica em 4 p\u00e9s de a\u00e7o inoxid\u00e1vel<\/li>\n<li>Constru\u00e7\u00e3o muito dur\u00e1vel<\/li>\n<li>Desenho higi\u00e9nico<\/li>\n<\/ul>\n<p>Especifica\u00e7\u00f5es do produto<\/p>\n<ul>\n<li>Peso l\u00edquido: 11kg<\/li>\n<li>Dimens\u00f5es da panqueca: \u00d8 75 x 1,6cm<\/li>\n<li>Dimens\u00f5es do aparelho: L30 x D38 x H26cm<\/li>\n<li>Pot\u00eancia el\u00e9ctrica total: 1,75 kW<\/li>\n<li>230V\/50Hz\/1Fase 1750W<\/li>\n<\/ul>\n","protected":false},"excerpt":{"rendered":"<p>Com esta panqueca el\u00e9ctrica profissional pode fazer panquecas perfeitamente redondas rapidamente. Gra\u00e7as \u00e0 grelha dupla pode fritar panquecas grandes em ambos os lados. Oferece uma forma r\u00e1pida e f\u00e1cil de fazer e servir panquecas. consulte Mais informa\u00e7\u00e3o<\/p>\n","protected":false},"featured_media":9461962,"comment_status":"open","ping_status":"closed","template":"","meta":[],"product_cat":[792,86],"product_tag":[],"class_list":["post-9461963","product","type-product","status-publish","has-post-thumbnail","hentry","product_cat-mais-vendidos","product_cat-panquequeiras","product_shipping_class-pph"],"_links":{"self":[{"href":"https:\/\/tpohotelariaecasa.pt\/index.php\/wp-json\/wp\/v2\/product\/9461963"}],"collection":[{"href":"https:\/\/tpohotelariaecasa.pt\/index.php\/wp-json\/wp\/v2\/product"}],"about":[{"href":"https:\/\/tpohotelariaecasa.pt\/index.php\/wp-json\/wp\/v2\/types\/product"}],"replies":[{"embeddable":true,"href":"https:\/\/tpohotelariaecasa.pt\/index.php\/wp-json\/wp\/v2\/comments?post=9461963"}],"wp:featuredmedia":[{"embeddable":true,"href":"https:\/\/tpohotelariaecasa.pt\/index.php\/wp-json\/wp\/v2\/media\/9461962"}],"wp:attachment":[{"href":"https:\/\/tpohotelariaecasa.pt\/index.php\/wp-json\/wp\/v2\/media?parent=9461963"}],"wp:term":[{"taxonomy":"product_cat","embeddable":true,"href":"https:\/\/tpohotelariaecasa.pt\/index.php\/wp-json\/wp\/v2\/product_cat?post=9461963"},{"taxonomy":"product_tag","embeddable":true,"href":"https:\/\/tpohotelariaecasa.pt\/index.php\/wp-json\/wp\/v2\/product_tag?post=9461963"}],"curies":[{"name":"wp","href":"https:\/\/api.w.org\/{rel}","templated":true}]}}