{"id":9461967,"date":"2024-06-03T09:25:32","date_gmt":"2024-06-03T09:25:32","guid":{"rendered":"https:\/\/tpohotelariaecasa.pt\/index.php\/product\/mini-maquina-de-panquecas-25-unidades-o45-cm\/"},"modified":"2025-04-03T09:09:52","modified_gmt":"2025-04-03T09:09:52","slug":"mini-maquina-de-panquecas-25-unidades-o45-cm","status":"publish","type":"product","link":"https:\/\/tpohotelariaecasa.pt\/index.php\/product\/mini-maquina-de-panquecas-25-unidades-o45-cm\/","title":{"rendered":"Mini M\u00e1quina de Panquecas &#8211; 25 Unidades &#8211; \u00d84,5 cm"},"content":{"rendered":"<ul>\n<li>Produ\u00e7\u00e3o r\u00e1pida de 25 poffertjes<\/li>\n<li>Assadeira com revestimento antiaderente<\/li>\n<li>Term\u00f3stato vari\u00e1vel de 50 \u00b0C a 300 \u00b0C<\/li>\n<li>Equipado com um temporizador<\/li>\n<li>Luz indicadora de temperatura<\/li>\n<li>Fica em 4 p\u00e9s de a\u00e7o inoxid\u00e1vel<\/li>\n<li>Constru\u00e7\u00e3o muito dur\u00e1vel<\/li>\n<li>Desenho higi\u00e9nico<\/li>\n<\/ul>\n<p>Especifica\u00e7\u00f5es do produto<\/p>\n<ul>\n<li>Peso l\u00edquido: 6 kg<\/li>\n<li>Dimens\u00f5es poffertjes: \u00f8 45 x 7 mm<\/li>\n<li>Dimens\u00f5es do dispositivo: L300 x D380 x H200 mm<\/li>\n<li>Pot\u00eancia el\u00e9ctrica total: 0,9 kW<\/li>\n<li>230V \/ 50Hz \/ 1Fase 900 Watt<\/li>\n<\/ul>\n","protected":false},"excerpt":{"rendered":"<p>Com esta mini panqueca el\u00e9ctrica, pode fazer 25 saborosas mini panquecas em pouco tempo. \u00c9 uma panqueca ideal para uso em bancas de bolo \u00e0 moda antiga, em mercados e feiras, mas tamb\u00e9m em restaurantes e cantinas. consulte Mais informa\u00e7\u00e3o<\/p>\n","protected":false},"featured_media":9461966,"comment_status":"open","ping_status":"closed","template":"","meta":[],"product_cat":[792,86],"product_tag":[],"class_list":["post-9461967","product","type-product","status-publish","has-post-thumbnail","hentry","product_cat-mais-vendidos","product_cat-panquequeiras","product_shipping_class-pph"],"_links":{"self":[{"href":"https:\/\/tpohotelariaecasa.pt\/index.php\/wp-json\/wp\/v2\/product\/9461967"}],"collection":[{"href":"https:\/\/tpohotelariaecasa.pt\/index.php\/wp-json\/wp\/v2\/product"}],"about":[{"href":"https:\/\/tpohotelariaecasa.pt\/index.php\/wp-json\/wp\/v2\/types\/product"}],"replies":[{"embeddable":true,"href":"https:\/\/tpohotelariaecasa.pt\/index.php\/wp-json\/wp\/v2\/comments?post=9461967"}],"wp:featuredmedia":[{"embeddable":true,"href":"https:\/\/tpohotelariaecasa.pt\/index.php\/wp-json\/wp\/v2\/media\/9461966"}],"wp:attachment":[{"href":"https:\/\/tpohotelariaecasa.pt\/index.php\/wp-json\/wp\/v2\/media?parent=9461967"}],"wp:term":[{"taxonomy":"product_cat","embeddable":true,"href":"https:\/\/tpohotelariaecasa.pt\/index.php\/wp-json\/wp\/v2\/product_cat?post=9461967"},{"taxonomy":"product_tag","embeddable":true,"href":"https:\/\/tpohotelariaecasa.pt\/index.php\/wp-json\/wp\/v2\/product_tag?post=9461967"}],"curies":[{"name":"wp","href":"https:\/\/api.w.org\/{rel}","templated":true}]}}