{"id":9461969,"date":"2024-06-03T09:25:33","date_gmt":"2024-06-03T09:25:33","guid":{"rendered":"https:\/\/tpohotelariaecasa.pt\/index.php\/product\/mini-maquina-de-panquecas-50-unidades-o43-cm\/"},"modified":"2025-04-03T09:09:48","modified_gmt":"2025-04-03T09:09:48","slug":"mini-maquina-de-panquecas-50-unidades-o43-cm","status":"publish","type":"product","link":"https:\/\/tpohotelariaecasa.pt\/index.php\/product\/mini-maquina-de-panquecas-50-unidades-o43-cm\/","title":{"rendered":"Mini M\u00e1quina de Panquecas &#8211; 50 Unidades &#8211; \u00d84,3 cm"},"content":{"rendered":"<ul>\n<li>Robusto e f\u00e1cil de utilizar<\/li>\n<li>Assadeira com revestimento antiaderente de Teflon<\/li>\n<li>Term\u00f3stato vari\u00e1vel de 50 \u00b0C a 300 \u00b0C<\/li>\n<li>Equipado com um temporizador<\/li>\n<li>Luz indicadora de temperatura<\/li>\n<li>Assenta em 4 p\u00e9s de a\u00e7o inoxid\u00e1vel<\/li>\n<li>Constru\u00e7\u00e3o muito duradoura<\/li>\n<li>Design higi\u00e9nico<\/li>\n<\/ul>\n<p>Especifica\u00e7\u00f5es do produto<\/p>\n<ul>\n<li>Peso l\u00edquido: 10 kg<\/li>\n<li>Capacidade: 50 mini panquecas<\/li>\n<li>Dimens\u00f5es da panqueca: \u00f8 43 x H7mm<\/li>\n<li>Dimens\u00f5es da m\u00e1quina: L54 x P32,5 x A16cm<\/li>\n<li>Pot\u00eancia el\u00e9ctrica total: 1,8 kW<\/li>\n<li>230V\/50Hz\/1Fase 1800W<\/li>\n<\/ul>\n","protected":false},"excerpt":{"rendered":"<p>Com esta m\u00e1quina el\u00e9ctrica de fazer mini panquecas, pode fazer 50 saborosas mini panquecas num instante. \u00c9 uma m\u00e1quina de fazer panquecas ideal para utilizar em bancas de bolos \u00e0 moda antiga, em mercados e feiras, mas tamb\u00e9m em restaurantes e cantinas. consulte Mais informa\u00e7\u00e3o<\/p>\n","protected":false},"featured_media":9461968,"comment_status":"open","ping_status":"closed","template":"","meta":[],"product_cat":[86],"product_tag":[],"class_list":["post-9461969","product","type-product","status-publish","has-post-thumbnail","hentry","product_cat-panquequeiras","product_shipping_class-pph"],"_links":{"self":[{"href":"https:\/\/tpohotelariaecasa.pt\/index.php\/wp-json\/wp\/v2\/product\/9461969"}],"collection":[{"href":"https:\/\/tpohotelariaecasa.pt\/index.php\/wp-json\/wp\/v2\/product"}],"about":[{"href":"https:\/\/tpohotelariaecasa.pt\/index.php\/wp-json\/wp\/v2\/types\/product"}],"replies":[{"embeddable":true,"href":"https:\/\/tpohotelariaecasa.pt\/index.php\/wp-json\/wp\/v2\/comments?post=9461969"}],"wp:featuredmedia":[{"embeddable":true,"href":"https:\/\/tpohotelariaecasa.pt\/index.php\/wp-json\/wp\/v2\/media\/9461968"}],"wp:attachment":[{"href":"https:\/\/tpohotelariaecasa.pt\/index.php\/wp-json\/wp\/v2\/media?parent=9461969"}],"wp:term":[{"taxonomy":"product_cat","embeddable":true,"href":"https:\/\/tpohotelariaecasa.pt\/index.php\/wp-json\/wp\/v2\/product_cat?post=9461969"},{"taxonomy":"product_tag","embeddable":true,"href":"https:\/\/tpohotelariaecasa.pt\/index.php\/wp-json\/wp\/v2\/product_tag?post=9461969"}],"curies":[{"name":"wp","href":"https:\/\/api.w.org\/{rel}","templated":true}]}}