{"id":9461973,"date":"2024-06-03T09:25:36","date_gmt":"2024-06-03T09:25:36","guid":{"rendered":"https:\/\/tpohotelariaecasa.pt\/index.php\/product\/dispensador-de-massa-13-l-aco-inoxidavel-incl-botao-de-dosagem\/"},"modified":"2025-04-03T09:09:53","modified_gmt":"2025-04-03T09:09:53","slug":"dispensador-de-massa-13-l-aco-inoxidavel-incl-botao-de-dosagem","status":"publish","type":"product","link":"https:\/\/tpohotelariaecasa.pt\/index.php\/product\/dispensador-de-massa-13-l-aco-inoxidavel-incl-botao-de-dosagem\/","title":{"rendered":"Dispensador de Massa &#8211; 1,3 l &#8211; A\u00e7o Inoxid\u00e1vel &#8211; incl. Bot\u00e3o de Dosagem"},"content":{"rendered":"<ul>\n<li>Acabamento robusto e s\u00f3lido<\/li>\n<li>Equipado com bot\u00e3o doseador<\/li>\n<li>Inclui trip\u00e9 para massa de fundi\u00e7\u00e3o<\/li>\n<li>Constru\u00e7\u00e3o muito dur\u00e1vel<\/li>\n<li>Desenho higi\u00e9nico<\/li>\n<\/ul>\n<p>Especifica\u00e7\u00f5es do produto<\/p>\n<ul>\n<li>Peso l\u00edquido: 2 kg<\/li>\n<li>Dimens\u00f5es da bica: 8 mm<\/li>\n<li>Quantidade de batedor: 1.3 litros<\/li>\n<li>Dimens\u00f5es do dispositivo: L200 x D150 x H210 mm<\/li>\n<\/ul>\n","protected":false},"excerpt":{"rendered":"<p>Este pr\u00e1tico doseador de massa \u00e9 feito de a\u00e7o inoxid\u00e1vel e \u00e9 uma adi\u00e7\u00e3o bem-vinda \u00e0 cozinha profissional de restaura\u00e7\u00e3o. \u00c9 ideal para distribuir a massa de forma uniforme. Com o bot\u00e3o de dose, \u00e9 poss\u00edvel determinar rapidamente a quantidade de massa que se pretende utilizar. consulte Mais informa\u00e7\u00e3o<\/p>\n","protected":false},"featured_media":9461972,"comment_status":"open","ping_status":"closed","template":"","meta":[],"product_cat":[109],"product_tag":[],"class_list":["post-9461973","product","type-product","status-publish","has-post-thumbnail","hentry","product_cat-outros-produtos-aco-inox","product_shipping_class-pph"],"_links":{"self":[{"href":"https:\/\/tpohotelariaecasa.pt\/index.php\/wp-json\/wp\/v2\/product\/9461973"}],"collection":[{"href":"https:\/\/tpohotelariaecasa.pt\/index.php\/wp-json\/wp\/v2\/product"}],"about":[{"href":"https:\/\/tpohotelariaecasa.pt\/index.php\/wp-json\/wp\/v2\/types\/product"}],"replies":[{"embeddable":true,"href":"https:\/\/tpohotelariaecasa.pt\/index.php\/wp-json\/wp\/v2\/comments?post=9461973"}],"wp:featuredmedia":[{"embeddable":true,"href":"https:\/\/tpohotelariaecasa.pt\/index.php\/wp-json\/wp\/v2\/media\/9461972"}],"wp:attachment":[{"href":"https:\/\/tpohotelariaecasa.pt\/index.php\/wp-json\/wp\/v2\/media?parent=9461973"}],"wp:term":[{"taxonomy":"product_cat","embeddable":true,"href":"https:\/\/tpohotelariaecasa.pt\/index.php\/wp-json\/wp\/v2\/product_cat?post=9461973"},{"taxonomy":"product_tag","embeddable":true,"href":"https:\/\/tpohotelariaecasa.pt\/index.php\/wp-json\/wp\/v2\/product_tag?post=9461973"}],"curies":[{"name":"wp","href":"https:\/\/api.w.org\/{rel}","templated":true}]}}