{"id":9461977,"date":"2024-06-03T09:25:38","date_gmt":"2024-06-03T09:25:38","guid":{"rendered":"https:\/\/tpohotelariaecasa.pt\/index.php\/product\/sanduicheira-torrada-2-sanduiches\/"},"modified":"2025-04-03T09:09:51","modified_gmt":"2025-04-03T09:09:51","slug":"sanduicheira-torrada-2-sanduiches","status":"publish","type":"product","link":"https:\/\/tpohotelariaecasa.pt\/index.php\/product\/sanduicheira-torrada-2-sanduiches\/","title":{"rendered":"Sanduicheira Torrada &#8211; 2 Sandu\u00edches"},"content":{"rendered":"<ul>\n<li>Produ\u00e7\u00e3o r\u00e1pida de 2 sandu\u00edches<\/li>\n<li>Assadeira de alum\u00ednio com revestimento antiaderente<\/li>\n<li>Term\u00f3stato vari\u00e1vel de 50 \u00b0C a 300 \u00b0C<\/li>\n<li>Equipado com um temporizador<\/li>\n<li>Luz indicadora de temperatura<\/li>\n<li>Punho robusto<\/li>\n<li>Equipado com bandeja de gotejamento<\/li>\n<li>Fica em 4 p\u00e9s de a\u00e7o inoxid\u00e1vel<\/li>\n<li>Constru\u00e7\u00e3o muito dur\u00e1vel<\/li>\n<li>Desenho higi\u00e9nico<\/li>\n<\/ul>\n<p>Especifica\u00e7\u00f5es do produto<\/p>\n<ul>\n<li>Peso l\u00edquido: 10 kg<\/li>\n<li>Sandu\u00edche de dimens\u00f5es: B120 x D140 x H20 mm<\/li>\n<li>Dimens\u00f5es do dispositivo: W380 x D310 x H270 mm<\/li>\n<li>Pot\u00eancia el\u00e9ctrica total: 1,75 kW<\/li>\n<li>230V \/ 50Hz \/ 1Fase 1750 Watt<\/li>\n<\/ul>\n","protected":false},"excerpt":{"rendered":"<p>Para a prepara\u00e7\u00e3o r\u00e1pida e simples de dois sandu\u00edches ou paninis grelhados, utilizar este profissional fabricante de sandu\u00edches tostadas. Tem um formato compacto que encontra um lugar em quase todas as cozinhas de catering. \u00c9 ideal para uso profissional em restaurantes e caf\u00e9s, bem como para uso na cozinha dom\u00e9stica consulte Mais informa\u00e7\u00e3o<\/p>\n","protected":false},"featured_media":9461976,"comment_status":"open","ping_status":"closed","template":"","meta":[],"product_cat":[101],"product_tag":[],"class_list":["post-9461977","product","type-product","status-publish","has-post-thumbnail","hentry","product_cat-torradeiras","product_shipping_class-pph"],"_links":{"self":[{"href":"https:\/\/tpohotelariaecasa.pt\/index.php\/wp-json\/wp\/v2\/product\/9461977"}],"collection":[{"href":"https:\/\/tpohotelariaecasa.pt\/index.php\/wp-json\/wp\/v2\/product"}],"about":[{"href":"https:\/\/tpohotelariaecasa.pt\/index.php\/wp-json\/wp\/v2\/types\/product"}],"replies":[{"embeddable":true,"href":"https:\/\/tpohotelariaecasa.pt\/index.php\/wp-json\/wp\/v2\/comments?post=9461977"}],"wp:featuredmedia":[{"embeddable":true,"href":"https:\/\/tpohotelariaecasa.pt\/index.php\/wp-json\/wp\/v2\/media\/9461976"}],"wp:attachment":[{"href":"https:\/\/tpohotelariaecasa.pt\/index.php\/wp-json\/wp\/v2\/media?parent=9461977"}],"wp:term":[{"taxonomy":"product_cat","embeddable":true,"href":"https:\/\/tpohotelariaecasa.pt\/index.php\/wp-json\/wp\/v2\/product_cat?post=9461977"},{"taxonomy":"product_tag","embeddable":true,"href":"https:\/\/tpohotelariaecasa.pt\/index.php\/wp-json\/wp\/v2\/product_tag?post=9461977"}],"curies":[{"name":"wp","href":"https:\/\/api.w.org\/{rel}","templated":true}]}}