{"id":9461979,"date":"2024-06-03T09:25:39","date_gmt":"2024-06-03T09:25:39","guid":{"rendered":"https:\/\/tpohotelariaecasa.pt\/index.php\/product\/maquina-de-gofres-5-formas-de-taiyaki-peixe-rotativo-digital\/"},"modified":"2025-04-03T09:09:37","modified_gmt":"2025-04-03T09:09:37","slug":"maquina-de-gofres-5-formas-de-taiyaki-peixe-rotativo-digital","status":"publish","type":"product","link":"https:\/\/tpohotelariaecasa.pt\/index.php\/product\/maquina-de-gofres-5-formas-de-taiyaki-peixe-rotativo-digital\/","title":{"rendered":"M\u00e1quina de Gofres &#8211; 5 Formas de Taiyaki \/ Peixe &#8211; Rotativo &#8211; Digital"},"content":{"rendered":"<p><strong>Caracter\u00edsticas<\/strong><\/p>\n<ul>\n<li>Robusto e f\u00e1cil de operar<\/li>\n<li>Produ\u00e7\u00e3o r\u00e1pida de cinco waffles Taiyaki ao mesmo tempo<\/li>\n<li>Tabuleiro em alum\u00ednio com revestimento antiaderente<\/li>\n<li>Visualiza\u00e7\u00e3o digital<\/li>\n<li>Term\u00f3stato vari\u00e1vel 50-300\u00b0C<\/li>\n<li>Equipado com um temporizador 0-10 minutos com um alarme<\/li>\n<li>Luz indicadora de temperatura<\/li>\n<li>O fabricante de waffles \u00e9 rotativo<\/li>\n<li>Punho robusto<\/li>\n<li>Equipado com bandeja de gotejamento<\/li>\n<li>Fica em quatro p\u00e9s de a\u00e7o inoxid\u00e1vel<\/li>\n<li>Constru\u00e7\u00e3o altamente dur\u00e1vel<\/li>\n<li>Desenho higi\u00e9nico<\/li>\n<\/ul>\n<p><strong>Especifica\u00e7\u00f5es do produto<\/strong><\/p>\n<ul>\n<li>Peso l\u00edquido: 21kg<\/li>\n<li>Dimens\u00f5es dos waffles: L12 x D7 x H3cm<\/li>\n<li>Dimens\u00f5es do dispositivo: L41 x D68,5 x H34,5cm<\/li>\n<li>Pot\u00eancia el\u00e9ctrica total: 3,2 kW<\/li>\n<li>230V \/ 50Hz \/ 1 Fase 3200 W<\/li>\n<\/ul>\n","protected":false},"excerpt":{"rendered":"<p>Com este fabricante de waffles digitais, pode assar r\u00e1pida e facilmente cinco waffles Taiyaki ao mesmo tempo. Estes waffles em forma de peixe s\u00e3o um petisco popular japon\u00eas e coreano e uma \u00f3ptima adi\u00e7\u00e3o a qualquer banca de mercado, cami\u00f5es de comida ou menu de restaurante. consulte Mais informa\u00e7\u00e3o<\/p>\n","protected":false},"featured_media":9461978,"comment_status":"open","ping_status":"closed","template":"","meta":[],"product_cat":[87],"product_tag":[],"class_list":["post-9461979","product","type-product","status-publish","has-post-thumbnail","hentry","product_cat-mquina-de-waffles","product_shipping_class-pph"],"_links":{"self":[{"href":"https:\/\/tpohotelariaecasa.pt\/index.php\/wp-json\/wp\/v2\/product\/9461979"}],"collection":[{"href":"https:\/\/tpohotelariaecasa.pt\/index.php\/wp-json\/wp\/v2\/product"}],"about":[{"href":"https:\/\/tpohotelariaecasa.pt\/index.php\/wp-json\/wp\/v2\/types\/product"}],"replies":[{"embeddable":true,"href":"https:\/\/tpohotelariaecasa.pt\/index.php\/wp-json\/wp\/v2\/comments?post=9461979"}],"wp:featuredmedia":[{"embeddable":true,"href":"https:\/\/tpohotelariaecasa.pt\/index.php\/wp-json\/wp\/v2\/media\/9461978"}],"wp:attachment":[{"href":"https:\/\/tpohotelariaecasa.pt\/index.php\/wp-json\/wp\/v2\/media?parent=9461979"}],"wp:term":[{"taxonomy":"product_cat","embeddable":true,"href":"https:\/\/tpohotelariaecasa.pt\/index.php\/wp-json\/wp\/v2\/product_cat?post=9461979"},{"taxonomy":"product_tag","embeddable":true,"href":"https:\/\/tpohotelariaecasa.pt\/index.php\/wp-json\/wp\/v2\/product_tag?post=9461979"}],"curies":[{"name":"wp","href":"https:\/\/api.w.org\/{rel}","templated":true}]}}