{"id":9461983,"date":"2024-06-03T09:25:42","date_gmt":"2024-06-03T09:25:42","guid":{"rendered":"https:\/\/tpohotelariaecasa.pt\/index.php\/product\/maquina-de-gofres-3-lollies-emojis-em-palitos\/"},"modified":"2025-04-03T09:09:51","modified_gmt":"2025-04-03T09:09:51","slug":"maquina-de-gofres-3-lollies-emojis-em-palitos","status":"publish","type":"product","link":"https:\/\/tpohotelariaecasa.pt\/index.php\/product\/maquina-de-gofres-3-lollies-emojis-em-palitos\/","title":{"rendered":"M\u00e1quina de Gofres &#8211; 3 Lollies &#8211; Emojis em Palitos"},"content":{"rendered":"<p><strong>Caracter\u00edsticas<\/strong><\/p>\n<ul>\n<li>Robusto e f\u00e1cil de operar<\/li>\n<li>Produ\u00e7\u00e3o r\u00e1pida de tr\u00eas &#8220;emoji waffles&#8221; ao mesmo tempo<\/li>\n<li>Tabuleiro em alum\u00ednio com revestimento antiaderente<\/li>\n<li>Entalhe no tabuleiro do forno para o pau<\/li>\n<li>Term\u00f3stato de 50-300\u00b0C<\/li>\n<li>Equipado com um temporizador<\/li>\n<li>Indicador de temperatura da luz<\/li>\n<li>Punho robusto<\/li>\n<li>Fica em quatro p\u00e9s de a\u00e7o inoxid\u00e1vel<\/li>\n<li>Constru\u00e7\u00e3o altamente dur\u00e1vel<\/li>\n<li>Desenho higi\u00e9nico<\/li>\n<\/ul>\n<p><strong>Especifica\u00e7\u00f5es do produto<\/strong><\/p>\n<ul>\n<li>Peso l\u00edquido: 9kg<\/li>\n<li>Dimens\u00f5es dos waffles: W19,5 x D3 x H3,5cm<\/li>\n<li>Dimens\u00f5es do dispositivo: W30,5 x D34 x H28,5cm<\/li>\n<li>Classifica\u00e7\u00e3o el\u00e9ctrica total: 1,56 kW<\/li>\n<li>230V\/50Hz\/1 Fase 1560W<\/li>\n<\/ul>\n","protected":false},"excerpt":{"rendered":"<p>Assar uma tempestade com estes populares waffles emoji utilizando este fabricante profissional de waffles de chupa-chupa. Gra\u00e7as ao poderoso elemento de aquecimento, os tabuleiros aquecem rapidamente para que se possa fazer facilmente tr\u00eas saborosos waffles emoji num pau num instante. \u00c9 ideal para bancas de mercado ou caf\u00e9s. consulte Mais informa\u00e7\u00e3o<\/p>\n","protected":false},"featured_media":9461982,"comment_status":"open","ping_status":"closed","template":"","meta":[],"product_cat":[87],"product_tag":[],"class_list":["post-9461983","product","type-product","status-publish","has-post-thumbnail","hentry","product_cat-mquina-de-waffles","product_shipping_class-pph"],"_links":{"self":[{"href":"https:\/\/tpohotelariaecasa.pt\/index.php\/wp-json\/wp\/v2\/product\/9461983"}],"collection":[{"href":"https:\/\/tpohotelariaecasa.pt\/index.php\/wp-json\/wp\/v2\/product"}],"about":[{"href":"https:\/\/tpohotelariaecasa.pt\/index.php\/wp-json\/wp\/v2\/types\/product"}],"replies":[{"embeddable":true,"href":"https:\/\/tpohotelariaecasa.pt\/index.php\/wp-json\/wp\/v2\/comments?post=9461983"}],"wp:featuredmedia":[{"embeddable":true,"href":"https:\/\/tpohotelariaecasa.pt\/index.php\/wp-json\/wp\/v2\/media\/9461982"}],"wp:attachment":[{"href":"https:\/\/tpohotelariaecasa.pt\/index.php\/wp-json\/wp\/v2\/media?parent=9461983"}],"wp:term":[{"taxonomy":"product_cat","embeddable":true,"href":"https:\/\/tpohotelariaecasa.pt\/index.php\/wp-json\/wp\/v2\/product_cat?post=9461983"},{"taxonomy":"product_tag","embeddable":true,"href":"https:\/\/tpohotelariaecasa.pt\/index.php\/wp-json\/wp\/v2\/product_tag?post=9461983"}],"curies":[{"name":"wp","href":"https:\/\/api.w.org\/{rel}","templated":true}]}}