{"id":9461989,"date":"2024-06-03T09:25:45","date_gmt":"2024-06-03T09:25:45","guid":{"rendered":"https:\/\/tpohotelariaecasa.pt\/index.php\/product\/maquina-de-gofres-4-gofres-mini-quadrados\/"},"modified":"2025-04-03T09:09:51","modified_gmt":"2025-04-03T09:09:51","slug":"maquina-de-gofres-4-gofres-mini-quadrados","status":"publish","type":"product","link":"https:\/\/tpohotelariaecasa.pt\/index.php\/product\/maquina-de-gofres-4-gofres-mini-quadrados\/","title":{"rendered":"M\u00e1quina de Gofres &#8211; 4 Gofres &#8211; Mini Quadrados"},"content":{"rendered":"<ul>\n<li>Produ\u00e7\u00e3o r\u00e1pida de 4 mini waffles ao mesmo tempo<\/li>\n<li>Tabuleiro em alum\u00ednio com revestimento antiaderente<\/li>\n<li>Term\u00f3stato vari\u00e1vel de 50 \u00b0C a 300 \u00b0C<\/li>\n<li>Equipado com um temporizador<\/li>\n<li>Luz indicadora de temperatura<\/li>\n<li>Punho robusto<\/li>\n<li>Equipado com bandeja de gotejamento<\/li>\n<li>Fica em 4 p\u00e9s de a\u00e7o inoxid\u00e1vel<\/li>\n<li>Constru\u00e7\u00e3o muito dur\u00e1vel<\/li>\n<li>Desenho higi\u00e9nico<\/li>\n<\/ul>\n<p>Especifica\u00e7\u00f5es do produto<\/p>\n<ul>\n<li>Peso l\u00edquido: 11 kg<\/li>\n<li>As dimens\u00f5es waffle: L113 x D113 x H14 mm<\/li>\n<li>Dimens\u00f5es do dispositivo: L300 x D380 x H260 mm<\/li>\n<li>Pot\u00eancia el\u00e9ctrica total: 1,75 kW<\/li>\n<li>230V \/ 50Hz \/ 1Fase 1750 Watt<\/li>\n<\/ul>\n","protected":false},"excerpt":{"rendered":"<p>Gra\u00e7as ao seu tamanho compacto, este fabricante de waffles pode ser utilizado em todo o lado: em pastelarias, caf\u00e9s, cantinas e restaurantes. Pode utiliz\u00e1-lo para fazer quatro deliciosos mini waffles quadrados. O exterior \u00e9 feito de a\u00e7o inoxid\u00e1vel e \u00e9 f\u00e1cil de limpar. consulte Mais informa\u00e7\u00e3o<\/p>\n","protected":false},"featured_media":9461988,"comment_status":"open","ping_status":"closed","template":"","meta":[],"product_cat":[792,87],"product_tag":[],"class_list":["post-9461989","product","type-product","status-publish","has-post-thumbnail","hentry","product_cat-mais-vendidos","product_cat-mquina-de-waffles","product_shipping_class-pph"],"_links":{"self":[{"href":"https:\/\/tpohotelariaecasa.pt\/index.php\/wp-json\/wp\/v2\/product\/9461989"}],"collection":[{"href":"https:\/\/tpohotelariaecasa.pt\/index.php\/wp-json\/wp\/v2\/product"}],"about":[{"href":"https:\/\/tpohotelariaecasa.pt\/index.php\/wp-json\/wp\/v2\/types\/product"}],"replies":[{"embeddable":true,"href":"https:\/\/tpohotelariaecasa.pt\/index.php\/wp-json\/wp\/v2\/comments?post=9461989"}],"wp:featuredmedia":[{"embeddable":true,"href":"https:\/\/tpohotelariaecasa.pt\/index.php\/wp-json\/wp\/v2\/media\/9461988"}],"wp:attachment":[{"href":"https:\/\/tpohotelariaecasa.pt\/index.php\/wp-json\/wp\/v2\/media?parent=9461989"}],"wp:term":[{"taxonomy":"product_cat","embeddable":true,"href":"https:\/\/tpohotelariaecasa.pt\/index.php\/wp-json\/wp\/v2\/product_cat?post=9461989"},{"taxonomy":"product_tag","embeddable":true,"href":"https:\/\/tpohotelariaecasa.pt\/index.php\/wp-json\/wp\/v2\/product_tag?post=9461989"}],"curies":[{"name":"wp","href":"https:\/\/api.w.org\/{rel}","templated":true}]}}