{"id":9461991,"date":"2024-06-03T09:25:46","date_gmt":"2024-06-03T09:25:46","guid":{"rendered":"https:\/\/tpohotelariaecasa.pt\/index.php\/product\/maquina-de-gofres-10-gofres-mini-belga\/"},"modified":"2025-04-03T09:09:51","modified_gmt":"2025-04-03T09:09:51","slug":"maquina-de-gofres-10-gofres-mini-belga","status":"publish","type":"product","link":"https:\/\/tpohotelariaecasa.pt\/index.php\/product\/maquina-de-gofres-10-gofres-mini-belga\/","title":{"rendered":"M\u00e1quina de Gofres &#8211; 10 Gofres &#8211; Mini Belga"},"content":{"rendered":"<ul>\n<li>Robusto e f\u00e1cil de operar<\/li>\n<li>Produ\u00e7\u00e3o r\u00e1pida de 10 mini waffles ao mesmo tempo<\/li>\n<li>Tabuleiro em alum\u00ednio com revestimento antiaderente<\/li>\n<li>Term\u00f3stato vari\u00e1vel de 50 \u00b0C a 300 \u00b0C<\/li>\n<li>Equipado com um temporizador<\/li>\n<li>Luz indicadora de temperatura<\/li>\n<li>Punho robusto<\/li>\n<li>Equipado com bandeja de gotejamento<\/li>\n<li>Fica em 4 p\u00e9s de a\u00e7o inoxid\u00e1vel<\/li>\n<li>Constru\u00e7\u00e3o muito dur\u00e1vel<\/li>\n<li>Desenho higi\u00e9nico<\/li>\n<\/ul>\n<p>Especifica\u00e7\u00f5es do produto<\/p>\n<ul>\n<li>Peso l\u00edquido: 11 kg<\/li>\n<li>As dimens\u00f5es waffle: L55 x D82 x H12 mm<\/li>\n<li>Dimens\u00f5es do dispositivo: W380 x D310 x H270 mm<\/li>\n<li>Pot\u00eancia el\u00e9ctrica total: 1,75 kW<\/li>\n<li>230V \/ 50Hz \/ 1Fase 1750 Watt<\/li>\n<\/ul>\n<ul>\n<li>Peso l\u00edquido: 11kg<\/li>\n<li>Dimens\u00f5es dos waffles: B55 x D82 x H12mm<\/li>\n<li>Dimens\u00f5es do aparelho: B38 x D31 x H27cm<\/li>\n<li>Pot\u00eancia el\u00e9ctrica total: 1,75 kW<\/li>\n<li>230V\/50Hz\/1Fase 1750W<\/li>\n<\/ul>\n","protected":false},"excerpt":{"rendered":"<p>Fa\u00e7a r\u00e1pida e facilmente 10 mini waffles belgas de cada vez com este fabricante profissional de waffles. Estes fazem o petisco perfeito em pastelarias ou servidos como sobremesa em, por exemplo, caf\u00e9s e restaurantes. O tabuleiro de alum\u00ednio tem um revestimento anti-aderente para que os waffles n\u00e3o colem. consulte Mais informa\u00e7\u00e3o<\/p>\n","protected":false},"featured_media":9461990,"comment_status":"open","ping_status":"closed","template":"","meta":[],"product_cat":[792,87],"product_tag":[],"class_list":["post-9461991","product","type-product","status-publish","has-post-thumbnail","hentry","product_cat-mais-vendidos","product_cat-mquina-de-waffles","product_shipping_class-pph"],"_links":{"self":[{"href":"https:\/\/tpohotelariaecasa.pt\/index.php\/wp-json\/wp\/v2\/product\/9461991"}],"collection":[{"href":"https:\/\/tpohotelariaecasa.pt\/index.php\/wp-json\/wp\/v2\/product"}],"about":[{"href":"https:\/\/tpohotelariaecasa.pt\/index.php\/wp-json\/wp\/v2\/types\/product"}],"replies":[{"embeddable":true,"href":"https:\/\/tpohotelariaecasa.pt\/index.php\/wp-json\/wp\/v2\/comments?post=9461991"}],"wp:featuredmedia":[{"embeddable":true,"href":"https:\/\/tpohotelariaecasa.pt\/index.php\/wp-json\/wp\/v2\/media\/9461990"}],"wp:attachment":[{"href":"https:\/\/tpohotelariaecasa.pt\/index.php\/wp-json\/wp\/v2\/media?parent=9461991"}],"wp:term":[{"taxonomy":"product_cat","embeddable":true,"href":"https:\/\/tpohotelariaecasa.pt\/index.php\/wp-json\/wp\/v2\/product_cat?post=9461991"},{"taxonomy":"product_tag","embeddable":true,"href":"https:\/\/tpohotelariaecasa.pt\/index.php\/wp-json\/wp\/v2\/product_tag?post=9461991"}],"curies":[{"name":"wp","href":"https:\/\/api.w.org\/{rel}","templated":true}]}}