{"id":9461995,"date":"2024-06-03T09:25:49","date_gmt":"2024-06-03T09:25:49","guid":{"rendered":"https:\/\/tpohotelariaecasa.pt\/index.php\/product\/maquina-de-gofres-10-pecas-churros\/"},"modified":"2025-04-03T09:09:51","modified_gmt":"2025-04-03T09:09:51","slug":"maquina-de-gofres-10-pecas-churros","status":"publish","type":"product","link":"https:\/\/tpohotelariaecasa.pt\/index.php\/product\/maquina-de-gofres-10-pecas-churros\/","title":{"rendered":"M\u00e1quina de Gofres &#8211; 10 Pe\u00e7as &#8211; Churros"},"content":{"rendered":"<p><strong>Caracter\u00edsticas<\/strong><\/p>\n<ul>\n<li>Robusto e f\u00e1cil de operar<\/li>\n<li>Fazer rapidamente 10 churros ao mesmo tempo<\/li>\n<li>Tabuleiro em alum\u00ednio com revestimento antiaderente<\/li>\n<li>Term\u00f3stato 50-300\u00b0C<\/li>\n<li>Equipado com um temporizador<\/li>\n<li>Luz indicadora de temperatura<\/li>\n<li>Punho robusto<\/li>\n<li>Equipado com bandeja de gotejamento<\/li>\n<li>Fica em quatro p\u00e9s de a\u00e7o inoxid\u00e1vel<\/li>\n<li>Constru\u00e7\u00e3o altamente dur\u00e1vel<\/li>\n<li>Desenho higi\u00e9nico<\/li>\n<\/ul>\n<p><strong>Especifica\u00e7\u00f5es do produto<\/strong><\/p>\n<ul>\n<li>Peso l\u00edquido: 11kg<\/li>\n<li>Dimens\u00f5es dos churros: W215 x D20 x 16mm<\/li>\n<li>Dimens\u00f5es do dispositivo: L30 x D38 x H26cm<\/li>\n<li>Pot\u00eancia el\u00e9ctrica total: 1,75 kW<\/li>\n<li>230V \/ 50Hz \/ 1 Fase 1750W<\/li>\n<\/ul>\n","protected":false},"excerpt":{"rendered":"<p>Com este robusto fabricante de churros, pode cozer r\u00e1pida e facilmente at\u00e9 10 churros ao mesmo tempo. Os tabuleiros aquecem rapidamente, gra\u00e7as ao potente elemento de aquecimento, e a limpeza \u00e9 um trabalho simples porque o exterior \u00e9 feito de a\u00e7o inoxid\u00e1vel. consulte Mais informa\u00e7\u00e3o<\/p>\n","protected":false},"featured_media":9461994,"comment_status":"open","ping_status":"closed","template":"","meta":[],"product_cat":[792,87],"product_tag":[],"class_list":["post-9461995","product","type-product","status-publish","has-post-thumbnail","hentry","product_cat-mais-vendidos","product_cat-mquina-de-waffles","product_shipping_class-pph"],"_links":{"self":[{"href":"https:\/\/tpohotelariaecasa.pt\/index.php\/wp-json\/wp\/v2\/product\/9461995"}],"collection":[{"href":"https:\/\/tpohotelariaecasa.pt\/index.php\/wp-json\/wp\/v2\/product"}],"about":[{"href":"https:\/\/tpohotelariaecasa.pt\/index.php\/wp-json\/wp\/v2\/types\/product"}],"replies":[{"embeddable":true,"href":"https:\/\/tpohotelariaecasa.pt\/index.php\/wp-json\/wp\/v2\/comments?post=9461995"}],"wp:featuredmedia":[{"embeddable":true,"href":"https:\/\/tpohotelariaecasa.pt\/index.php\/wp-json\/wp\/v2\/media\/9461994"}],"wp:attachment":[{"href":"https:\/\/tpohotelariaecasa.pt\/index.php\/wp-json\/wp\/v2\/media?parent=9461995"}],"wp:term":[{"taxonomy":"product_cat","embeddable":true,"href":"https:\/\/tpohotelariaecasa.pt\/index.php\/wp-json\/wp\/v2\/product_cat?post=9461995"},{"taxonomy":"product_tag","embeddable":true,"href":"https:\/\/tpohotelariaecasa.pt\/index.php\/wp-json\/wp\/v2\/product_tag?post=9461995"}],"curies":[{"name":"wp","href":"https:\/\/api.w.org\/{rel}","templated":true}]}}