{"id":9461997,"date":"2024-06-03T09:25:50","date_gmt":"2024-06-03T09:25:50","guid":{"rendered":"https:\/\/tpohotelariaecasa.pt\/index.php\/product\/maquina-de-panini-1-peca-gelato\/"},"modified":"2025-04-03T09:09:52","modified_gmt":"2025-04-03T09:09:52","slug":"maquina-de-panini-1-peca-gelato","status":"publish","type":"product","link":"https:\/\/tpohotelariaecasa.pt\/index.php\/product\/maquina-de-panini-1-peca-gelato\/","title":{"rendered":"M\u00e1quina de Panini &#8211; 1 Pe\u00e7a &#8211; Gelato"},"content":{"rendered":"<ul>\n<li>Produ\u00e7\u00e3o r\u00e1pida de paninis de gelado<\/li>\n<li>Tabuleiro de alum\u00ednio com revestimento antiaderente de Teflon<\/li>\n<li>Term\u00f3stato vari\u00e1vel de 50 \u00b0C a 300 \u00b0C<\/li>\n<li>Equipada com um temporizador<\/li>\n<li>Luz indicadora de temperatura<\/li>\n<li>Pega robusta<\/li>\n<li>Apoia-se em 4 p\u00e9s de borracha<\/li>\n<li>Constru\u00e7\u00e3o muito duradoura<\/li>\n<li>Design higi\u00e9nico<\/li>\n<\/ul>\n<p><strong>Especifica\u00e7\u00f5es do produto<\/strong><\/p>\n<ul>\n<li>Peso l\u00edquido: 5 kg<\/li>\n<li>Tamanho da Panini: \u00f810 x H5cm<\/li>\n<li>Dimens\u00f5es da m\u00e1quina: L20 x P41 x A18cm<\/li>\n<li>Pot\u00eancia el\u00e9ctrica total: 0,6 kW<\/li>\n<li>230V\/50Hz\/1Fase 600W<\/li>\n<\/ul>\n","protected":false},"excerpt":{"rendered":"<p>Com esta m\u00e1quina de fazer panini de gelado, pode fazer deliciosos paninis de gelado, um p\u00e3o estaladi\u00e7o recheado com gelado. Este aparelho de cozinha de alta qualidade \u00e9 adequado para utiliza\u00e7\u00e3o di\u00e1ria em gelatarias, caf\u00e9s e restaurantes. consulte Mais informa\u00e7\u00e3o<\/p>\n","protected":false},"featured_media":9461996,"comment_status":"open","ping_status":"closed","template":"","meta":[],"product_cat":[792,93],"product_tag":[],"class_list":["post-9461997","product","type-product","status-publish","has-post-thumbnail","hentry","product_cat-mais-vendidos","product_cat-crepeiras","product_shipping_class-pph"],"_links":{"self":[{"href":"https:\/\/tpohotelariaecasa.pt\/index.php\/wp-json\/wp\/v2\/product\/9461997"}],"collection":[{"href":"https:\/\/tpohotelariaecasa.pt\/index.php\/wp-json\/wp\/v2\/product"}],"about":[{"href":"https:\/\/tpohotelariaecasa.pt\/index.php\/wp-json\/wp\/v2\/types\/product"}],"replies":[{"embeddable":true,"href":"https:\/\/tpohotelariaecasa.pt\/index.php\/wp-json\/wp\/v2\/comments?post=9461997"}],"wp:featuredmedia":[{"embeddable":true,"href":"https:\/\/tpohotelariaecasa.pt\/index.php\/wp-json\/wp\/v2\/media\/9461996"}],"wp:attachment":[{"href":"https:\/\/tpohotelariaecasa.pt\/index.php\/wp-json\/wp\/v2\/media?parent=9461997"}],"wp:term":[{"taxonomy":"product_cat","embeddable":true,"href":"https:\/\/tpohotelariaecasa.pt\/index.php\/wp-json\/wp\/v2\/product_cat?post=9461997"},{"taxonomy":"product_tag","embeddable":true,"href":"https:\/\/tpohotelariaecasa.pt\/index.php\/wp-json\/wp\/v2\/product_tag?post=9461997"}],"curies":[{"name":"wp","href":"https:\/\/api.w.org\/{rel}","templated":true}]}}