{"id":9461999,"date":"2024-06-03T09:25:51","date_gmt":"2024-06-03T09:25:51","guid":{"rendered":"https:\/\/tpohotelariaecasa.pt\/index.php\/product\/maquina-de-gofres-1-gofre-padrao-redondo-em-forma-de-favo-de-mel\/"},"modified":"2025-04-03T09:09:52","modified_gmt":"2025-04-03T09:09:52","slug":"maquina-de-gofres-1-gofre-padrao-redondo-em-forma-de-favo-de-mel","status":"publish","type":"product","link":"https:\/\/tpohotelariaecasa.pt\/index.php\/product\/maquina-de-gofres-1-gofre-padrao-redondo-em-forma-de-favo-de-mel\/","title":{"rendered":"M\u00e1quina de Gofres &#8211; 1 Gofre -Padr\u00e3o Redondo em Forma de Favo de Mel"},"content":{"rendered":"<ul>\n<li>Robusto e f\u00e1cil de operar<\/li>\n<li>Produ\u00e7\u00e3o r\u00e1pida de bolachas alveolares<\/li>\n<li>Tabuleiro em alum\u00ednio com revestimento antiaderente<\/li>\n<li>Ferro de waffle girat\u00f3rio<\/li>\n<li>Term\u00f3stato vari\u00e1vel de 50\u00b0 C a 300\u00b0 C<\/li>\n<li>Equipado com um temporizador 0-10 minutos com alarme<\/li>\n<li>Luz indicadora de temperatura<\/li>\n<li>Equipado com bandeja de gotejamento<\/li>\n<li>Punho robusto<\/li>\n<li>Fica em 4 p\u00e9s de borracha<\/li>\n<li>Constru\u00e7\u00e3o muito dur\u00e1vel<\/li>\n<li>Desenho higi\u00e9nico<\/li>\n<\/ul>\n<p>Especifica\u00e7\u00f5es do produto<\/p>\n<ul>\n<li>Peso l\u00edquido: 7,4 kg<\/li>\n<li>Tamanho das bolachas: W190 x D170 x H 20 mm<\/li>\n<li>Dimens\u00f5es do dispositivo: W240 x D375 x H305 mm<\/li>\n<li>Pot\u00eancia el\u00e9ctrica total: 1,5 kW<\/li>\n<li>230V \/ 50Hz \/ 1Fase 1500 Watt<\/li>\n<\/ul>\n<ul>\n<li>Peso l\u00edquido: 7,4kg<\/li>\n<li>Tamanho dos waffles: B190 x D170 x H20 mm<\/li>\n<li>Dimens\u00f5es do aparelho: B24 x D37,5 x H30,5cm<\/li>\n<li>Pot\u00eancia el\u00e9ctrica total: 1,5 kW<\/li>\n<li>230V\/50Hz\/1Fase 1500W<\/li>\n<\/ul>\n","protected":false},"excerpt":{"rendered":"<p>Com esta m\u00e1quina rotativa de waffles, \u00e9 poss\u00edvel fazer deliciosos waffles em forma de favo de mel. Gra\u00e7as \u00e0 fun\u00e7\u00e3o rotativa, os waffles s\u00e3o cozidos uniformemente at\u00e9 ficarem dourados de ambos os lados. O revestimento antiaderente nas bandejas de alum\u00ednio garante que os waffles n\u00e3o colam. consulte Mais informa\u00e7\u00e3o<\/p>\n","protected":false},"featured_media":9461998,"comment_status":"open","ping_status":"closed","template":"","meta":[],"product_cat":[792,87],"product_tag":[],"class_list":["post-9461999","product","type-product","status-publish","has-post-thumbnail","hentry","product_cat-mais-vendidos","product_cat-mquina-de-waffles","product_shipping_class-pph"],"_links":{"self":[{"href":"https:\/\/tpohotelariaecasa.pt\/index.php\/wp-json\/wp\/v2\/product\/9461999"}],"collection":[{"href":"https:\/\/tpohotelariaecasa.pt\/index.php\/wp-json\/wp\/v2\/product"}],"about":[{"href":"https:\/\/tpohotelariaecasa.pt\/index.php\/wp-json\/wp\/v2\/types\/product"}],"replies":[{"embeddable":true,"href":"https:\/\/tpohotelariaecasa.pt\/index.php\/wp-json\/wp\/v2\/comments?post=9461999"}],"wp:featuredmedia":[{"embeddable":true,"href":"https:\/\/tpohotelariaecasa.pt\/index.php\/wp-json\/wp\/v2\/media\/9461998"}],"wp:attachment":[{"href":"https:\/\/tpohotelariaecasa.pt\/index.php\/wp-json\/wp\/v2\/media?parent=9461999"}],"wp:term":[{"taxonomy":"product_cat","embeddable":true,"href":"https:\/\/tpohotelariaecasa.pt\/index.php\/wp-json\/wp\/v2\/product_cat?post=9461999"},{"taxonomy":"product_tag","embeddable":true,"href":"https:\/\/tpohotelariaecasa.pt\/index.php\/wp-json\/wp\/v2\/product_tag?post=9461999"}],"curies":[{"name":"wp","href":"https:\/\/api.w.org\/{rel}","templated":true}]}}