{"id":9462003,"date":"2024-06-03T09:25:54","date_gmt":"2024-06-03T09:25:54","guid":{"rendered":"https:\/\/tpohotelariaecasa.pt\/index.php\/product\/maquina-de-gofres-6-palitos-corn-dogs-padrao-de-diamante\/"},"modified":"2025-04-03T09:09:51","modified_gmt":"2025-04-03T09:09:51","slug":"maquina-de-gofres-6-palitos-corn-dogs-padrao-de-diamante","status":"publish","type":"product","link":"https:\/\/tpohotelariaecasa.pt\/index.php\/product\/maquina-de-gofres-6-palitos-corn-dogs-padrao-de-diamante\/","title":{"rendered":"M\u00e1quina de Gofres &#8211; 6 Palitos &#8211; Corn Dogs &#8211; Padr\u00e3o de Diamante"},"content":{"rendered":"<ul>\n<li>Robusto e f\u00e1cil de operar<\/li>\n<li>Produ\u00e7\u00e3o r\u00e1pida de 6 rolos ao mesmo tempo<\/li>\n<li>Forma com padr\u00e3o de nervuras<\/li>\n<li>Tabuleiro em alum\u00ednio com revestimento antiaderente<\/li>\n<li>Entalhe no tabuleiro do forno para o pau<\/li>\n<li>Term\u00f3stato vari\u00e1vel de 50 \u00b0C a 300 \u00b0C<\/li>\n<li>Equipado com um temporizador<\/li>\n<li>Luz indicadora de temperatura<\/li>\n<li>Punho robusto<\/li>\n<li>Equipado com bandeja de gotejamento<\/li>\n<li>Fica em 4 p\u00e9s de a\u00e7o inoxid\u00e1vel<\/li>\n<li>Constru\u00e7\u00e3o muito dur\u00e1vel<\/li>\n<li>Desenho higi\u00e9nico<\/li>\n<\/ul>\n<p>Especifica\u00e7\u00f5es do produto<\/p>\n<ul>\n<li>Peso l\u00edquido: 11 kg<\/li>\n<li>Dimens\u00f5es do cachorro-quente: L135 x D36 x H30 mm<\/li>\n<li>Dimens\u00f5es do dispositivo: W380 x D310 x H260 mm<\/li>\n<li>Pot\u00eancia el\u00e9ctrica total: 1,75 kW<\/li>\n<li>230V \/ 50Hz \/ 1Fase 1750 Watt<\/li>\n<\/ul>\n<ul>\n<li>Peso l\u00edquido: 11kg<\/li>\n<li>Tamanho de cachorro de milho: B135 x D36 x H30mm<\/li>\n<li>Dimens\u00e3o do aparelho: L38 x D31 x H26cm<\/li>\n<li>Pot\u00eancia el\u00e9ctrica total: 1,75 kW<\/li>\n<li>230V\/50Hz\/1Fase 1750W<\/li>\n<\/ul>\n","protected":false},"excerpt":{"rendered":"<p>Com este fabricante de waffles, \u00e9 poss\u00edvel criar r\u00e1pida e facilmente seis c\u00e3es de milho com nervuras ao mesmo tempo. O aparelho \u00e9 muito f\u00e1cil de operar e tem um poderoso elemento de aquecimento para que o tabuleiro se aque\u00e7a rapidamente. consulte Mais informa\u00e7\u00e3o<\/p>\n","protected":false},"featured_media":9462002,"comment_status":"open","ping_status":"closed","template":"","meta":[],"product_cat":[792,87],"product_tag":[],"class_list":["post-9462003","product","type-product","status-publish","has-post-thumbnail","hentry","product_cat-mais-vendidos","product_cat-mquina-de-waffles","product_shipping_class-pph"],"_links":{"self":[{"href":"https:\/\/tpohotelariaecasa.pt\/index.php\/wp-json\/wp\/v2\/product\/9462003"}],"collection":[{"href":"https:\/\/tpohotelariaecasa.pt\/index.php\/wp-json\/wp\/v2\/product"}],"about":[{"href":"https:\/\/tpohotelariaecasa.pt\/index.php\/wp-json\/wp\/v2\/types\/product"}],"replies":[{"embeddable":true,"href":"https:\/\/tpohotelariaecasa.pt\/index.php\/wp-json\/wp\/v2\/comments?post=9462003"}],"wp:featuredmedia":[{"embeddable":true,"href":"https:\/\/tpohotelariaecasa.pt\/index.php\/wp-json\/wp\/v2\/media\/9462002"}],"wp:attachment":[{"href":"https:\/\/tpohotelariaecasa.pt\/index.php\/wp-json\/wp\/v2\/media?parent=9462003"}],"wp:term":[{"taxonomy":"product_cat","embeddable":true,"href":"https:\/\/tpohotelariaecasa.pt\/index.php\/wp-json\/wp\/v2\/product_cat?post=9462003"},{"taxonomy":"product_tag","embeddable":true,"href":"https:\/\/tpohotelariaecasa.pt\/index.php\/wp-json\/wp\/v2\/product_tag?post=9462003"}],"curies":[{"name":"wp","href":"https:\/\/api.w.org\/{rel}","templated":true}]}}