{"id":9462007,"date":"2024-06-03T09:25:57","date_gmt":"2024-06-03T09:25:57","guid":{"rendered":"https:\/\/tpohotelariaecasa.pt\/index.php\/product\/premium-fogao-1-queimador-unidade-dupla-90-cm-de-profundidade-gas\/"},"modified":"2025-04-03T09:10:06","modified_gmt":"2025-04-03T09:10:06","slug":"premium-fogao-1-queimador-unidade-dupla-90-cm-de-profundidade-gas","status":"publish","type":"product","link":"https:\/\/tpohotelariaecasa.pt\/index.php\/product\/premium-fogao-1-queimador-unidade-dupla-90-cm-de-profundidade-gas\/","title":{"rendered":"Premium Fog\u00e3o &#8211; 1 Queimador &#8211; Unidade Dupla &#8211; 90 cm de Profundidade &#8211; G\u00e1s"},"content":{"rendered":"<p><strong>Especifica\u00e7\u00f5es do produto<\/strong><\/p>\n<ul>\n<li>Peso l\u00edquido: 65,6kg<\/li>\n<li>Dimens\u00f5es: L80 x D90 x H28cm<\/li>\n<li>Queimadores de energia: 4,0 kW e 10,0 kW<\/li>\n<li>Pot\u00eancia total do g\u00e1s: 14,0 kW<\/li>\n<li>Injectores de g\u00e1s instalados: G25 &#8211; g\u00e1s natural<\/li>\n<li>Conjunto extra de injectores de g\u00e1s: G30 &#8211; GPL (propano\/butano)<\/li>\n<\/ul>\n","protected":false},"excerpt":{"rendered":"<p>Esta placa de g\u00e1s Premium tem um queimador com duas chamas.Lindamente concebido com uma caixa de a\u00e7o inoxid\u00e1vel, \u00e9 adequado para uso di\u00e1rio intensivo A profundidade de 90cm oferece espa\u00e7o suficiente para uma grande panela. consulte Mais informa\u00e7\u00e3o<\/p>\n","protected":false},"featured_media":9462006,"comment_status":"open","ping_status":"closed","template":"","meta":[],"product_cat":[140,84],"product_tag":[],"class_list":["post-9462007","product","type-product","status-publish","has-post-thumbnail","hentry","product_cat-cozedura-aquecimento","product_cat-fogoesepanelas","product_shipping_class-gph"],"_links":{"self":[{"href":"https:\/\/tpohotelariaecasa.pt\/index.php\/wp-json\/wp\/v2\/product\/9462007"}],"collection":[{"href":"https:\/\/tpohotelariaecasa.pt\/index.php\/wp-json\/wp\/v2\/product"}],"about":[{"href":"https:\/\/tpohotelariaecasa.pt\/index.php\/wp-json\/wp\/v2\/types\/product"}],"replies":[{"embeddable":true,"href":"https:\/\/tpohotelariaecasa.pt\/index.php\/wp-json\/wp\/v2\/comments?post=9462007"}],"wp:featuredmedia":[{"embeddable":true,"href":"https:\/\/tpohotelariaecasa.pt\/index.php\/wp-json\/wp\/v2\/media\/9462006"}],"wp:attachment":[{"href":"https:\/\/tpohotelariaecasa.pt\/index.php\/wp-json\/wp\/v2\/media?parent=9462007"}],"wp:term":[{"taxonomy":"product_cat","embeddable":true,"href":"https:\/\/tpohotelariaecasa.pt\/index.php\/wp-json\/wp\/v2\/product_cat?post=9462007"},{"taxonomy":"product_tag","embeddable":true,"href":"https:\/\/tpohotelariaecasa.pt\/index.php\/wp-json\/wp\/v2\/product_tag?post=9462007"}],"curies":[{"name":"wp","href":"https:\/\/api.w.org\/{rel}","templated":true}]}}